{"id":906,"date":"2017-06-01T18:01:39","date_gmt":"2017-06-01T17:01:39","guid":{"rendered":"http:\/\/hauptsache-realbleiben.de\/?page_id=906"},"modified":"2017-10-12T20:23:10","modified_gmt":"2017-10-12T19:23:10","slug":"der-zeitplan-fuer-den-neubau","status":"publish","type":"page","link":"https:\/\/hauptsache-realbleiben.de\/?page_id=906","title":{"rendered":"Bauzeit der Sekundarschule"},"content":{"rendered":"<p>Die Stadt D\u00fclmen hat einen Start f\u00fcr den Neubau bekannt gegeben:<br \/>\n<strong>Baubeginn ca in 2 Jahren<\/strong> <span style=\"color: #000000;\">(heute: 2017 -&gt;<strong><span style=\"color: #008000;\"> 2019<\/span><\/strong>)<\/span><br \/>\nSollte die Sekundarschule tats\u00e4chlich an den Start gehen, muss es vorerst eine europaweite <strong>Ausschreibung<\/strong> geben. (geplant ab 2018)<br \/>\nDa der Anbau nach dem jetzigen Stand abgerissen wird, m\u00fcssen zwischenzeitlich neue Unterbringungsl\u00f6sungen f\u00fcr die Fachr\u00e4ume und den Mensabetrieb, den ja auch die m\u00f6glichen Sekundarsch\u00fcler ben\u00f6tigen, sowie einige Klassenr\u00e4ume, organisiert werden =<strong> Container\/<span style=\"color: #008000;\">Provisorium<\/span><\/strong><br \/>\nNach Abriss muss der freie Platz und der Schulhof, wo der zweite Anbau entstehen soll, <strong>kampfmittelr\u00e4umdienstlich als auch arch\u00e4ologisch untersucht<\/strong> werden. Das dauert einiges und findet hoffentlich w\u00e4hrend der Ferien statt. Erst dann kann der eigentliche Bau 2019 beginnen.<br \/>\nMan geht von einer <span style=\"color: #008000;\"><strong>Bauzeit von zwei bis drei Jahren<\/strong><\/span> aus:<br \/>\n<strong>m\u00f6glicher Zeitplan:<br \/>\n<img loading=\"lazy\" decoding=\"async\" class=\"alignnone wp-image-1299 size-large\" src=\"http:\/\/hauptsache-realbleiben.de\/wp-content\/uploads\/2017\/06\/Bau-und-Schueler-n-739x1024.jpg\" alt=\"\" width=\"525\" height=\"727\" srcset=\"https:\/\/hauptsache-realbleiben.de\/wp-content\/uploads\/2017\/06\/Bau-und-Schueler-n-739x1024.jpg 739w, https:\/\/hauptsache-realbleiben.de\/wp-content\/uploads\/2017\/06\/Bau-und-Schueler-n-217x300.jpg 217w, https:\/\/hauptsache-realbleiben.de\/wp-content\/uploads\/2017\/06\/Bau-und-Schueler-n-768x1064.jpg 768w, https:\/\/hauptsache-realbleiben.de\/wp-content\/uploads\/2017\/06\/Bau-und-Schueler-n.jpg 1732w\" sizes=\"auto, (max-width: 525px) 100vw, 525px\" \/><br \/>\n<\/strong><\/p>\n<p>Die Zahlen der prognostizierten Sekundarsch\u00fcler sind der Ratsvorlage vom 4.04.2017 entnommen.<\/p>\n<p>Die Zahlen der Hermann-Leeser-Realschule berufen sich auf aktuelle. Verschiebungen wegen Schulwechsler m\u00f6glich.<br \/>\n2017: Klassen 5 &#8211; 10 (ca 600)<br \/>\n2018: Klassen 6 &#8211; 10 (ca 500)<br \/>\n2019: Klassen 7 &#8211; 10 (ca 400)<br \/>\n2020: Klassen 8-10 (ca 300)<br \/>\n2021: Klassen 9-10 ( ca 200)<br \/>\n2022: Klasse 10 (ca 90-100)<br \/>\n2023 : keine<br \/>\n<span style=\"font-size: 12pt;\">(<em>Wiederholer der letzten Klasse bzw. der jetzigen neuen 5. Klasse (2017\/18) w\u00fcrden automatisch in der Sekundarschule weiter beschult)<\/em><\/span><\/p>\n<p>V\u00f6llig unbeteiligt hiervon das Auslaufen der Kardinal-Von-Galen-Hauptschule. Auch hier werden abnehmende Sch\u00fclerzahlen die Lehreranzahl verringern. In einer auslaufenden Realschule in &#8230;(?) &#8230; sind aktuell 70 Sch\u00fcler, die von 4 Lehrern unterrichtet werden. Man mag gar nicht dar\u00fcber nachdenken &#8230;<br \/>\nIn D\u00fclmen w\u00e4ren davon 2 Schulen mit aktuell ca. 950 Sch\u00fclern betroffen!<\/p>\n","protected":false},"excerpt":{"rendered":"<p>Die Stadt D\u00fclmen hat einen Start f\u00fcr den Neubau bekannt gegeben: Baubeginn ca in 2 Jahren (heute: 2017 -&gt; 2019) Sollte die Sekundarschule tats\u00e4chlich an den Start gehen, muss es vorerst eine europaweite Ausschreibung geben. (geplant ab 2018) Da der Anbau nach dem jetzigen Stand abgerissen wird, m\u00fcssen zwischenzeitlich neue Unterbringungsl\u00f6sungen f\u00fcr die Fachr\u00e4ume und &hellip; <\/p>\n<p class=\"link-more\"><a href=\"https:\/\/hauptsache-realbleiben.de\/?page_id=906\" class=\"more-link\"><span class=\"screen-reader-text\">\u201eBauzeit der Sekundarschule\u201c<\/span> weiterlesen<\/a><\/p>\n","protected":false},"author":1,"featured_media":0,"parent":0,"menu_order":0,"comment_status":"closed","ping_status":"closed","template":"","meta":{"footnotes":""},"class_list":["post-906","page","type-page","status-publish","hentry"],"_links":{"self":[{"href":"https:\/\/hauptsache-realbleiben.de\/index.php?rest_route=\/wp\/v2\/pages\/906","targetHints":{"allow":["GET"]}}],"collection":[{"href":"https:\/\/hauptsache-realbleiben.de\/index.php?rest_route=\/wp\/v2\/pages"}],"about":[{"href":"https:\/\/hauptsache-realbleiben.de\/index.php?rest_route=\/wp\/v2\/types\/page"}],"author":[{"embeddable":true,"href":"https:\/\/hauptsache-realbleiben.de\/index.php?rest_route=\/wp\/v2\/users\/1"}],"replies":[{"embeddable":true,"href":"https:\/\/hauptsache-realbleiben.de\/index.php?rest_route=%2Fwp%2Fv2%2Fcomments&post=906"}],"version-history":[{"count":47,"href":"https:\/\/hauptsache-realbleiben.de\/index.php?rest_route=\/wp\/v2\/pages\/906\/revisions"}],"predecessor-version":[{"id":1401,"href":"https:\/\/hauptsache-realbleiben.de\/index.php?rest_route=\/wp\/v2\/pages\/906\/revisions\/1401"}],"wp:attachment":[{"href":"https:\/\/hauptsache-realbleiben.de\/index.php?rest_route=%2Fwp%2Fv2%2Fmedia&parent=906"}],"curies":[{"name":"wp","href":"https:\/\/api.w.org\/{rel}","templated":true}]}}