{"id":865,"date":"2017-05-25T11:48:04","date_gmt":"2017-05-25T10:48:04","guid":{"rendered":"http:\/\/hauptsache-realbleiben.de\/?page_id=865"},"modified":"2017-05-25T12:06:00","modified_gmt":"2017-05-25T11:06:00","slug":"yad-vashem","status":"publish","type":"page","link":"https:\/\/hauptsache-realbleiben.de\/?page_id=865","title":{"rendered":"Yad Vashem"},"content":{"rendered":"<div><strong>Die Partnerschaft zwischen der International School for Holocaust Studies, Yad Vashem und der Hermann-Leeser-Schule<\/strong><\/div>\n<div>Im September 2013 wurde die Hermann-Leeser-Schule als eine von f\u00fcnf Schulen deutschlandweit \u2013 <strong>und als einzige Realschule<\/strong> \u2013 Partnerschule der International School for Holocaust Studies in Yad Vashem, Israel.<\/div>\n<div>Voraussetzung hierf\u00fcr &#8211; neben erfolgreich geleisteter Erinnerungsarbeit vor Ort mit Sch\u00fclerinnen und Sch\u00fclern &#8211; war die Teilnahme von zwei Lehrer\/innen am Lehrfortbildungsseminar \u201eErziehung nach Auschwitz\u201c in Yad Vashem, Jerusalem.<\/div>\n<div>Yad Vashem ist das Weltzentrum der Dokumentation des Holocaust, seiner Erforschung und Lehre, sowie seines Gedenkens. Es ist eine dynamische und lebendige Begegnungsst\u00e4tte f\u00fcr Menschen aller Generationen und Nationen. Ziel der Partnerschaft ist etwa eine Kooperation bei der Entwicklung von Unterrichtsmaterialien oder die Durchf\u00fchrung gemeinsamer p\u00e4dagogischer Projekte.<\/div>\n<div>So war bei dem erfolgreichen und preisgekr\u00f6nten Buchprojekt der Geschichts-AG \u00fcber das Leben von Helga Becker-Leeser auch Yad Vashem Partner und finanzieller Unterst\u00fctzer.<\/div>\n<div>Als Beispiel f\u00fcr gemeinsame p\u00e4dagogische Projekte sei hier das Erasmus+-Programm genannt, das es jeweils vier Sch\u00fclerinnen und Sch\u00fclern der insgesamt vier NRW-Partnerschulen erm\u00f6glicht, eine Woche in Jerusalem zu verbringen und gemeinsam mit israelischen Sch\u00fclerinnen und Sch\u00fclern an Seminaren f\u00fcr Jugendliche in Yad Vashem teilzunehmen.<\/div>\n<div>Im Januar fand dieses Projekt erstmalig statt und war ein voller Erfolg. Ein weiteres erfolgreiches p\u00e4dagogisches Unterfangen war die Erstellung einer App \u00fcber Yad Vashem, das Teilnehmer der Geschichts-AG im Sommer 2016 vor Ort in Zusammenarbeit mit Bildungspartner NRW\/Schulministerium NRW und mit der freundlichen Unterst\u00fctzung von Yad Vashem realisieren konnten.<\/div>\n<div>Sie sind neugierig geworden auf die genannten Projekte und auf Yad Vashem?<\/div>\n<div>Unter den folgenden Links k\u00f6nnen Sie sich umfassend informieren:<\/div>\n<div><\/div>\n<div style=\"padding-left: 30px;\">\u2022 Die deutschsprachige Seite von Yad Vashem: <a href=\"http:\/\/www.yadvashem.org\/yv\/de\/index.asp\">Yad Vashem (deutsch)<\/a><\/div>\n<div style=\"padding-left: 30px;\"><\/div>\n<div style=\"padding-left: 30px;\">\u2022 Zur App der Geschichts-AG: <a href=\"https:\/\/biparcours.de\/bound\/duplicate-duplicate-yadvashem\">APP der Geschichts-AG<\/a><\/div>\n<div style=\"padding-left: 30px;\"><\/div>\n<div style=\"padding-left: 30px;\">\u2022 \u00dcber das Buchprojekt: <a href=\"http:\/\/www.yadvashem.org\/yv\/de\/education\/newsletter\/20\/article_hermann.asp\">&#8222;Von allem etwas&#8220;<\/a><\/div>\n<div style=\"padding-left: 30px;\"><\/div>\n<div style=\"padding-left: 30px;\">\u2022 \u00dcber das Erasmus+-Projekt, bei dem die Sch\u00fclerinnen und Sch\u00fcler auch Schulministerin Sylvia L\u00f6hrmann trafen und \u00fcber ihre Eindr\u00fccke berichteten: <a href=\"https:\/\/www.land.nrw\/de\/pressemitteilung\/ministerin-loehrmann-yad-vashem-ein-mahnmal-wider-die-geschichtsvergessenheit\">Yad Vashem: Ein Mahnmal wider der Geschichtsvergessenheit<\/a><\/div>\n<div><\/div>\n<div><\/div>\n<div><\/div>\n<div><span style=\"color: #ff0000;\"><strong>Diese hier dargestellte \u00fcberaus gewinnbringende Partnerschaft zwischen Yad Vashem und der Hermann-Leeser-Schule ist gebunden an die Hermann-Leeser-Schule.<\/strong><\/span><\/div>\n<p>&nbsp;<\/p>\n<p>****************<br \/>\nDie Erfolgsgeschichte sondergleichen als pdf:\u00a0 <a href=\"http:\/\/hauptsache-realbleiben.de\/wp-content\/uploads\/2017\/02\/Schulpartnerschaft-YV-HLS.pdf\">Schulpartnerschaft Yad Vashem-Hermann-Leeser-Schule<\/a><\/p>\n","protected":false},"excerpt":{"rendered":"<p>Die Partnerschaft zwischen der International School for Holocaust Studies, Yad Vashem und der Hermann-Leeser-Schule Im September 2013 wurde die Hermann-Leeser-Schule als eine von f\u00fcnf Schulen deutschlandweit \u2013 und als einzige Realschule \u2013 Partnerschule der International School for Holocaust Studies in Yad Vashem, Israel. Voraussetzung hierf\u00fcr &#8211; neben erfolgreich geleisteter Erinnerungsarbeit vor Ort mit Sch\u00fclerinnen und &hellip; <\/p>\n<p class=\"link-more\"><a href=\"https:\/\/hauptsache-realbleiben.de\/?page_id=865\" class=\"more-link\"><span class=\"screen-reader-text\">\u201eYad Vashem\u201c<\/span> weiterlesen<\/a><\/p>\n","protected":false},"author":1,"featured_media":0,"parent":0,"menu_order":0,"comment_status":"closed","ping_status":"closed","template":"","meta":{"footnotes":""},"class_list":["post-865","page","type-page","status-publish","hentry"],"_links":{"self":[{"href":"https:\/\/hauptsache-realbleiben.de\/index.php?rest_route=\/wp\/v2\/pages\/865","targetHints":{"allow":["GET"]}}],"collection":[{"href":"https:\/\/hauptsache-realbleiben.de\/index.php?rest_route=\/wp\/v2\/pages"}],"about":[{"href":"https:\/\/hauptsache-realbleiben.de\/index.php?rest_route=\/wp\/v2\/types\/page"}],"author":[{"embeddable":true,"href":"https:\/\/hauptsache-realbleiben.de\/index.php?rest_route=\/wp\/v2\/users\/1"}],"replies":[{"embeddable":true,"href":"https:\/\/hauptsache-realbleiben.de\/index.php?rest_route=%2Fwp%2Fv2%2Fcomments&post=865"}],"version-history":[{"count":8,"href":"https:\/\/hauptsache-realbleiben.de\/index.php?rest_route=\/wp\/v2\/pages\/865\/revisions"}],"predecessor-version":[{"id":874,"href":"https:\/\/hauptsache-realbleiben.de\/index.php?rest_route=\/wp\/v2\/pages\/865\/revisions\/874"}],"wp:attachment":[{"href":"https:\/\/hauptsache-realbleiben.de\/index.php?rest_route=%2Fwp%2Fv2%2Fmedia&parent=865"}],"curies":[{"name":"wp","href":"https:\/\/api.w.org\/{rel}","templated":true}]}}