{"id":804,"date":"2017-05-15T22:22:43","date_gmt":"2017-05-15T21:22:43","guid":{"rendered":"http:\/\/hauptsache-realbleiben.de\/?page_id=804"},"modified":"2019-02-26T14:29:54","modified_gmt":"2019-02-26T13:29:54","slug":"sekundarschulen-in-der-nachbarschaft","status":"publish","type":"page","link":"https:\/\/hauptsache-realbleiben.de\/?page_id=804","title":{"rendered":"Sekundarschulen in der Nachbarschaft"},"content":{"rendered":"<p><strong>M\u00fcnster-Roxel:<\/strong><br \/>\nUnd noch eine Sekundarschule, die umgewandelt werden soll, weil andere M\u00fcnsteraner Gesamtschulen zuviele abweisen m\u00fcssen: <a href=\"http:\/\/www.wn.de\/Muenster\/Stadtteile\/Roxel\/3186362-Friedensreich-Hundertwasser-Schule-Echte-Alternative-zur-Gesamtschule\"> Friedensreich-Hundertwasser-Schule \u201eEchte Alternative zur Gesamtschule\u201c<\/a><\/p>\n<p><strong>Telgte<\/strong><br \/>\nwird vierz\u00fcgig <a href=\"http:\/\/www.wn.de\/Muensterland\/Kreis-Warendorf\/Telgte\/3194888-Schulzentrum-185-Kinder-angemeldet\">102 Kindern beginnen an der Sekundarschule<\/a> &#8211; die einzige Alternative neben einem Gymnasium.<\/p>\n<p><strong>Vreden:<\/strong><br \/>\nVielen wird die Sekundarschule Vreden ein Begriff sein, die Rektorin Frau Huning war zu den Informationsveranstaltungen anwesend. In diesem Jahr sind 146 Sch\u00fclerinnen und Sch\u00fcler eingeschult worden.<br \/>\nDie Bezirksregierung nahm ein Gedankenspiel auf: Soll die Sekundarschule Vreden zu einer GEsamtschule umgewandelt werden?<br \/>\n<span style=\"color: #99cc00;\"><strong>Neu<\/strong> <\/span>03.11.2017 (RN) <a href=\"https:\/\/www.ruhrnachrichten.de\/Staedte\/Vreden\/Entscheidung-ueber-Gesamtschule-in-Vreden-rueckt-naeher--956435.html\">Entscheidung \u00fcber Gesamtschule in Vreden r\u00fcckt n\u00e4her <\/a><br \/>\nAuch dort Unruhe in den Schulen &#8230; das tut nicht gut &#8230;<br \/>\n08.09.2017 (Halterner Zeitung) <a href=\"http:\/\/mobil.halternerzeitung.de\/staedte\/vreden\/Noch-keinerlei-Entscheidung-Gesamtschule-Nicht-mehr-als-eine-Idee;art969,3352968\">Noch keinerlei Entscheidung<\/a><br \/>\nStartseite der Schule: www.sekundarschule-vreden.de<br \/>\n<a href=\"http:\/\/www.sekundarschule-vreden.de\/files\/praesentation_eltern_01.10.2017.pdf\">Power-Point-Pr\u00e4sentation: Weiterentwicklung zur Gesamtschule<\/a><br \/>\n<a href=\"http:\/\/www.sekundarschule-vreden.de\/files\/zusammenfassung_argumente.pdf\">Zusammenfassung der Argumente<\/a><br \/>\nInteressant wie sich hier Schule entwickelt und weitergeht. Wie war das noch mit dem &#8222;Vorbild&#8220; &#8230; hatte D\u00fclmen \u00e4hnliches vor?<br \/>\n<span style=\"color: #ff0000;\"><strong>(Neu) <\/strong><span style=\"color: #000000;\">27.02.2018 (Ruhrnachrichten)<strong>\u00a0<\/strong><a href=\"https:\/\/www.ruhrnachrichten.de\/Staedte\/Vreden\/Deutlich-weniger-Anmeldungen-an-Sekundarschule-1260722.html\">Weniger Anmeldungen<\/a>:<\/span><\/span>\u00a0 116<\/p>\n<p><strong>Billerbeck:<\/strong><br \/>\nGemeinschaftsschule seit 2011.<br \/>\nLaut Gespr\u00e4chen w\u00e4hrend unserer Markt-Infost\u00e4nde: kaum noch Billerbecker Kinder, die dort gemeldet sind, sinkende Anmeldezahlen, Sch\u00fcler wandern aus u.a. nach Coesfeld. (&#8222;Sch\u00fclertourismus&#8220;)<br \/>\n<span style=\"color: #ff0000;\">Fehlende Anmeldezahlen fordern neue Wege: Teilstandort einer Gesamtschule<br \/>\n<span style=\"color: #000000;\">10.11.2017 Rosendahl f\u00fcrchtet um Sch\u00fcler: <a style=\"color: #000000;\" href=\"http:\/\/www.rosendahl.de\/magazin\/artikel.php?artikel=3606&amp;menuid=58&amp;topmenu=31\">Geplanter Gesamtschul-Standort Billerbeck<\/a> : zu gro\u00dfe Konkurrenz zur Sekundarschule; Verweigerung des regionalen Konsens &#8230;<\/span><br \/>\n<\/span>8.12.2017 <a href=\"http:\/\/www.wn.de\/Muensterland\/Kreis-Coesfeld\/Havixbeck\/3083640-Anne-Frank-Gesamtschule-Rat-beschliesst-Teilstandort-in-Billerbeck\">Rat beschlie\u00dft Teilstandort in Billerbeck<\/a> &#8230; aber die Billerbecker sind nicht zu 100% gl\u00fccklich mit dieser Entscheidung von &#8222;oben&#8220;. Die Anmeldezahlen Anfang 2018 werden es zeigen.<br \/>\n2017: <strong>neue Entwicklung:\u00a0<\/strong> <a href=\"http:\/\/www.wn.de\/Muensterland\/Kreis-Coesfeld\/Havixbeck\/2973822-Anne-Frank-Gesamtschule-AFG-an-zwei-Standorten\">Zusammenschluss von Sekundarschule und Gesamtschule?<\/a><br \/>\nZitat: <span style=\"font-size: 10pt;\"><em>Zum Hintergrund: Die Anmeldezahlen f\u00fcr die Gemeinschaftsschule sind in den vergangenen Jahren deutlich zur\u00fcckgegangen, der Fortbestand der Geschwister-Eichenwald-Schule ist unsicher geworden. <span style=\"color: #ff0000;\">Damit zeichnet sich auch in Billerbeck ein landesweiter Trend<\/span> <span style=\"color: #ff0000;\">ab:<\/span> Eltern w\u00e4hlen f\u00fcr ihre Kinder Schulen, die erfolgreich bis zum Abitur f\u00fchren.<br \/>\n<\/em><span style=\"font-size: 12pt;\">24.09.2017 (Radio Kiepenkerl) <a href=\"http:\/\/www.radiokiepenkerl.de\/nachrichten\/lokalnachrichten\/single\/news\/schulen-in-billerbeck-und-havixbeck-ruecken-zusammen\/?L=&amp;tx_news_pi1%5Bcontroller%5D=News&amp;tx_news_pi1%5Baction%5D=detail&amp;cHash=accab14c38428ad2314d900173f1df16\">Schulen in Billerbeck und Havixbeck r\u00fccken zusammen<\/a><\/span><em> Die Sekundarschule wird auslaufend gestellt, wenn sich ausreichend Sch\u00fcler f\u00fcr die Gesamtschule (mindestens 50) anmelden.<br \/>\n<\/em><span style=\"font-size: 12pt;\"><strong>Aktualisierung <\/strong><\/span><strong><span style=\"font-size: 12pt;\">28.09.2017 (WN)\u00a0<\/span><\/strong><span style=\"font-size: 12pt;\"> <a href=\"http:\/\/www.gesamtschule.havixbeck.de\/media\/pdf-dokumente\/AFG-Billerbeck-WN-22-9-2017.pdf\">Schultr\u00e4ger aus Billerbeck und Havixbeck stellten neuen Teilstandort der AFG f\u00fcr Billerbeck vor<\/a><\/span><strong><br \/>\n<span style=\"font-size: 12pt;\">(Streiflichter 21.09.2017)\u00a0<\/span><\/strong> <span style=\"font-size: 12pt;\"><a href=\"https:\/\/www.streiflichter.com\/lokales\/havixbeck\/anne-frank-gesamtschule-billerbeck-raeumen-gebrueder-eichenwald-schule-8705258.html\">Billerbeck soll Teilstandort werden<\/a><\/span><em><br \/>\n<\/em><\/span><\/p>\n<p><strong>Nottuln:<\/strong><br \/>\nGr\u00fcndung der bisch\u00f6flichen Liebfrauen-Sekundarschule 2012<br \/>\nam Standort der bisch\u00f6flichen Liebfrauen-Realschule.<br \/>\nDie Schule ist 3 bis 4-z\u00fcgig \u00fcberschaubar klein und mit offenem Ganztag.<br \/>\nDaneben nur noch 1 Gymnasium und Gesamtschule Havixbeck.<br \/>\nTrotz 5j\u00e4hrigen Bestehen fallene Anmeldezahlen, zuletzt von 104 (2015)\u00a0 auf 100 (2016) in diesem Jahr (2017) nur 87 Sch\u00fcler. <a href=\"http:\/\/www.wn.de\/Muensterland\/Kreis-Coesfeld\/Nottuln\/2696324-Liebfrauenschule-Anmeldezahlen-Suttrup-freut-sich-ueber-gutes-Ergebnis\">(Anmeldezahlen 2017)<\/a> Laut Schulamt D\u00fclmen besuchen 22 Nottulner eine Schule in D\u00fclmen. Einige wandern auch zur Realschule in Coesfeld aus.<br \/>\nDiese Schule ist mittlerweile aufgrund ihrer Erreichbarkeit und als kath. Bekenntnisschule vor allem bei Rorupern und Bulderanern beliebt.<br \/>\nAber sie besteht auch schon seit 5 Jahren und es ist ein eingespieltes System.<br \/>\n04.07.2017 (WN) <a href=\"http:\/\/www.wn.de\/Muensterland\/Kreis-Coesfeld\/Nottuln\/2893708-Schulabschluss-Stolze-Schueler\">Stolze Sch\u00fcler<\/a> Zitat:<br \/>\n<span style=\"font-size: 10pt;\"><em>&#8222;Die zehn Sch\u00fcler k\u00f6nnen auf eine ungew\u00f6hnliche Schullaufbahn zur\u00fcckblicken. Denn der Beschluss des Nottulner Gemeinderates, die Hauptschule langsam auslaufen zu lassen, sodass noch alle vorhandenen Jahrg\u00e4nge ihren Abschluss hier vor Ort h\u00e4tten machen k\u00f6nnen, lie\u00df sich nicht verwirklichen. F\u00fcr die letzten drei Jahrg\u00e4nge konnte damals die Bezirksregierung die Lehrerversorgung nicht im gew\u00fcnschten Ma\u00dfe sicherstellen. Die Empfehlung der Bezirksregierung im Jahr 2013: vorzeitige Schlie\u00dfung der Nottulner Schule und Wechsel der Nottulner Kinder an eine andere Hauptschule \u2013 in diesem Fall in<\/em> Coesfeld.&#8220;<br \/>\n<span style=\"font-size: 12pt;\"><strong><span style=\"color: #ff0000;\">(Neu)<\/span><\/strong> <a href=\"http:\/\/www.wn.de\/Muensterland\/Kreis-Coesfeld\/Nottuln\/3172935-Liebfrauenschule-87-Anmeldungen-ein-sehr-sehr-gutes-Ergebnis\">Stabile Anmeldezahlen: 87 f\u00fcr 2018\/2019<\/a><\/span><br \/>\n<\/span><\/p>\n<p>Dorsten<br \/>\n&#8222;Neue Schule Dorsten&#8220; <a href=\"https:\/\/www.muensterlandzeitung.de\/Staedte\/Dorsten\/Bezirksregierung-genehmigt-Sekundarschule--1251740.html\">Genehmigung der Sekundarschule<\/a><br \/>\n<a href=\"http:\/\/www.lokalkompass.de\/dorsten\/ratgeber\/sekundarschule-hat-mindestzahl-an-anmeldungen-uebertroffen-anmeldungen-noch-bis-15-februar-moeglich-d825821.html\">Mindestanmeldezahl ist erreicht<\/a><\/p>\n<p><strong>Legden:<\/strong><br \/>\nGr\u00fcndung 2012<br \/>\nSeit 2015 sinkende Anmeldezahlen:<br \/>\n2015: 81<br \/>\n2016: 57<br \/>\n2017: 47<br \/>\n2018: 41<br \/>\nStarke Abwanderung in andere Ortschafen v.a. Ahaus Realschule<br \/>\n<a href=\"https:\/\/www.muensterlandzeitung.de\/staedte\/legden\/Mehr-Anmeldungen-an-Ahauser-Realschule-Sorge-um-Sekundarschulen;art973,3269282\">Sorge um Sekundarschulen<\/a>\u00a0 (&#8222;Sch\u00fclertourismus&#8220;)<br \/>\n3.10.2017 <a href=\"http:\/\/www.wn.de\/Muensterland\/Kreis-Borken\/Alstaette\/3007351-Stadt-will-bei-der-Bezirksregierung-erneut-eine-sechste-Eingangsklasse-beantragen-An-der-Realschule-droht-ein-Losentscheid\">An der Realschule droht ein Losentscheid<\/a> Anne-Frank-Realschule in Ahaus ist beliebter als die Sekundarschule in Legden und Rosenthal<br \/>\n<span style=\"color: #ff0000;\"><strong>(Neu)<\/strong> <\/span>27.02.2018 Weiter sinkende Anmeldezahlen f\u00fcr das Schuljahr 2018\/19 <a href=\"http:\/\/www.seklero.de\/magazin\/artikel.php?artikel=581&amp;type=2&amp;menuid=60&amp;topmenu=2\">41 Anmeldungen f\u00fcr zwei Klassen<\/a><\/p>\n<p><strong>Drensteinfurt:<\/strong><br \/>\nTeamschule Drensteinfurt seit 2012. Integrative Form.<br \/>\nNach anf\u00e4nglichen gutem Start mit 106 Sch\u00fcler, sinkende Zahlen:<br \/>\n2012: 92<br \/>\n2013: 101<br \/>\n2014: 97<br \/>\n2015: 71<br \/>\n2016: 68<br \/>\n2017: 63<br \/>\n2018: 54<br \/>\n<a href=\"https:\/\/www.facebook.com\/stadt.drensteinfurt\/posts\/718784044949123:0\">Anmeldezahlen Drensteinfurt<\/a><br \/>\n<span style=\"font-size: 10pt;\"><span style=\"text-decoration: underline;\">24.06.2017<\/span> Der vorletzte Realschuljahrgang verl\u00e4\u00dft die Schule <a href=\"https:\/\/www.wa.de\/lokales\/drensteinfurt\/entlassfeier-realschule-drensteinfurt-6516526.html\">&#8222;Es ist Zeit zu gehen&#8220;<\/a> Scheinbar haben auch dort die Sch\u00fcler versucht ihre Schule zu retten und hatten vor dem Rathaus demonstriert &#8230; erfolglos&#8230;<br \/>\n<span style=\"font-size: 12pt;\">06.03.2017 <a href=\"http:\/\/www.wn.de\/Muensterland\/Kreis-Warendorf\/Drensteinfurt\/2017\/03\/2730712-Teamschule-Drensteinfurt-Dreizuegigkeit-gesichert\">Dreiz\u00fcgigkeit gesichert<\/a><\/span><br \/>\n<span style=\"font-size: 12pt;\">01.03.2018 (wn) <a href=\"http:\/\/www.wn.de\/Muensterland\/Kreis-Warendorf\/Drensteinfurt\/3203006-Lediglich-54-Neuanmeldungen-Teamschule-nur-noch-zweizuegig\"> Lediglich 54 Neuanmeldungen Teamschule nur noch zweiz\u00fcgig<\/a><\/span><br \/>\n<\/span><\/p>\n<p>15.09.2017 <a href=\"http:\/\/www.wn.de\/Muensterland\/Kreis-Coesfeld\/Ascheberg\/2983302-Neue-Regelung-soll-Entlastung-bieten-Der-Platz-im-Schulbus-ist-knapp\">Der Platz im Bus ist knapp<\/a> Schultournismus &#8230; 85 Kinder aus Ascheberg, 38 aus Drensteinfurt auf dem Weg zur Gesamtschule Nordkirchen<\/p>\n<p><strong>Ascheberg:<\/strong><br \/>\nDie Profilschule startete 2012 mit 125 Sch\u00fcler. In den letzten Jahren nehmen die Anmeldungen aber stark ab:<br \/>\n2015: 92,<br \/>\n2016: 60,<br \/>\n2017: 47 Anmeldungen!<br \/>\n2018: 55 (Ruhrnachrichten: <a href=\"https:\/\/www.ruhrnachrichten.de\/Staedte\/Herbern\/Anmeldezahl-reicht-fuer-Standortsicherung-in-Ascheberg-1256233.html\">&#8222;Standortsicherung&#8220;<\/a>)<br \/>\n<a href=\"https:\/\/www.ruhrnachrichten.de\/staedte\/herbern\/46-Anmeldungen-Gerettet-Die-Profilschule-Ascheberg-wird-fortgefuehrt;art1766,3221713\">Anmeldezahlen 2017 Ascheberg<\/a><br \/>\nIn Ascheberg geht eine 149-j\u00e4hrige \u00c4ra zu ende: <a href=\"http:\/\/www.wn.de\/Muensterland\/Kreis-Coesfeld\/Ascheberg\/2016\/02\/2271981-Realschule-laedt-Ehemalige-ein-Ein-froehliches-Fest-als-Schlusspunkt\">Ein fr\u00f6hliches Fest als Schlusspunkt<\/a><br \/>\n6.07.2017 <a href=\"http:\/\/www.wn.de\/Muensterland\/Kreis-Coesfeld\/Ascheberg\/2894680-Profilschule-Ascheberg-Weniger-Schueler-und-Klassen-weniger-Lehrer\">Weniger Sch\u00fcler &#8211; weniger Lehrer<\/a> Die 10.Klasse hatte 110 Sch\u00fcler, die jetzige 5. Klasse nur 48<br \/>\n<span style=\"color: #ff0000;\">Fehlende Anmeldungen fordern neue Wege: Teilstandort der Gesamtschule?<br \/>\n<span style=\"color: #000000;\">28.04.2017<\/span> <a href=\"http:\/\/www.wn.de\/Muensterland\/Kreis-Coesfeld\/Ascheberg\/2017\/04\/2785049-Zukunftswerkstatt-sammelt-hochwertige-Vorschlaege-fuer-Ascheberg-Ideen-fuer-starke-Schule-vor-Ort\">Ideen f\u00fcr starke Schule vor Ort<\/a><\/span><br \/>\n02.09.2016 <a href=\"http:\/\/www.radiokiepenkerl.de\/index.php?id=1232&amp;L=2&amp;tx_news_pi1%5Bnews%5D=22817&amp;tx_news_pi1%5Bcontroller%5D=News&amp;tx_news_pi1%5Baction%5D=detail&amp;cHash=94586c02d489998067016ce78b2b39c4\">Profilschule Ascheberg und Gesamtschule Nordkirchen k\u00f6nnten gemeinsame Wege gehen<\/a><br \/>\n09.12.2016 <a href=\"https:\/\/www.ascheberg.de\/fileadmin\/ascheberg\/pdf\/sonstiges\/20161212_WN_Aufbruch_nach_dem_Abschied.pdf\">Aufbruch nach dem Abschied<\/a><br \/>\n10.02.2017 <a href=\"http:\/\/www.wn.de\/Muensterland\/Kreis-Coesfeld\/Ascheberg\/2017\/02\/2691993-Gesamtschule-Nordkirchen-Ascheberg-Standort-Ascheberg-ist-gescheitert\">Standort Ascheberg ist gescheitert<\/a><br \/>\n28.09.2017 (Radio Kiepenkerl) <a href=\"http:\/\/www.radiokiepenkerl.de\/index.php?id=1232&amp;L=2&amp;tx_news_pi1%5Bnews%5D=49530&amp;tx_news_pi1%5Bcontroller%5D=News&amp;tx_news_pi1%5Baction%5D=detail&amp;cHash=28cc519158d2f74c71f9aae0e1b3c8c2\">Profilschule Ascheberg und Mariengrundschule Herbern starten gemeinsames Sportprojekt<\/a><br \/>\n<span style=\"font-size: 10pt;\">Der Versuch durch gemeinsame Projekte die Profilschule in Ascheberg bekannter zu machen, die Akzeptanz der Eltern zu erh\u00f6hen und eine geringere Hemmschwelle zur Anmeldung zu schaffen.<br \/>\n<span style=\"font-size: 12pt;\">09.10.2017 <a href=\"http:\/\/www.radiokiepenkerl.de\/nachrichten\/lokalnachrichten\/single\/news\/neuer-schulbusverkehr-zwischen-ascheberg-und-nordkirchen-startet\/?tx_news_pi1%5Bcontroller%5D=News&amp;tx_news_pi1%5Baction%5D=detail&amp;cHash=1244971cfec2bf824927bec427358500\">Neuer Schulbusverkehr zwischen Ascheberg und Nordkirchen startet<\/a><\/span><br \/>\n<a href=\"http:\/\/www.radiokiepenkerl.de\/nachrichten\/lokalnachrichten\/single\/news\/dritter-bus-fuer-gesamtschueler-aus-ascheberg\/?tx_news_pi1%5Bcontroller%5D=News&amp;tx_news_pi1%5Baction%5D=detail&amp;cHash=2c872e7165b55e1278bad7a73fb2c495\"><span style=\"font-size: 12pt;\">Dritter Bus f\u00fcr Gesamtsch\u00fcler aus Ascheberg<\/span><\/a><br \/>\n<span style=\"font-size: 12pt;\">27.04.2017 (WA) <a href=\"https:\/\/www.wa.de\/lokales\/herbern\/zukunftswerkstatt-profilschule-ascheberg-stoesst-grosses-interesse-8226299.html\">Zukunftswerkstatt der Profilschule st\u00f6\u00dft auf gro\u00dfes Interesse<\/a><\/span><br \/>\n<span style=\"font-size: 12pt;\">Die Ergebnisse hat die Schule hier gesammelt: <a href=\"http:\/\/www.ps-ascheberg.de\/images\/pdf\/ansaetze_weiterarbeit.pdf\">Ideen, Anregungen und Vorschl\u00e4ge<\/a><\/span><br \/>\n<span style=\"font-size: 12pt; color: #008000;\"><strong>W\u00e4re das auch eine Idee f\u00fcr unsere Hauptschule?<\/strong><\/span><br \/>\n<\/span><\/p>\n<p><strong>L\u00fcdinghausen:<\/strong><br \/>\nGr\u00fcndung 2015, teilintegrativ<br \/>\n2015: 114,<br \/>\n2016: 123,<br \/>\n2017: 142<br \/>\n2018: 120<br \/>\nNeben der Sekundarschule gibt es nur noch 2 Gymnasien und die Gesamtschulen Nordkirchen oder Olfen mit jeweils hohen Anspr\u00fcchen, so dass Sch\u00fcler mit reiner Realschulempfehlung teilweise keine Chance haben.<br \/>\nDie Sekundarschule ist die einzige alternative, weiterf\u00fchrende Schule vor Ort nach der Grundschule au\u00dfer Gymnasium.<br \/>\nFazit: <em>(teilweise)<\/em> Eltern fordern bereits in der Grundschule von ihrem Kind bessere Noten und erg\u00e4nzen mit Nachhilfestunden, damit das Kind entweder aufs Gymnasium oder zur Gesamtschule gehen kann.<br \/>\nSpannend: Wie wird es n\u00e4chstes Jahr sein? N\u00e4chstes Jahr d\u00fcrfen nur 5 Klassen aufgenommen werden, die alle jeweils heterogen und mit ausgewogenen M\u00e4dchen-Jungen-Anteil gestaltet sein m\u00fcssen. ggf. m\u00fcssen Sch\u00fcler abgewiesen werden, damit die Klassen nicht zu gro\u00df werden. Wohin dann?<br \/>\nLaut Anfrage im Schulministerium fehlen auch in L\u00fcdinghausen noch Lehrer (89,4% Besetzung)<br \/>\n26.09.2017 (wn) <a href=\"http:\/\/www.wn.de\/Muensterland\/Kreis-Coesfeld\/Luedinghausen\/2998968-Um-und-Neubauten-fuer-die-Sekundarschule-Auch-die-Halle-muss-weg\">Um- und Neubauten f\u00fcr die Sekundarschule<\/a><br \/>\n27.02.2018 (wn) <a href=\"http:\/\/www.wn.de\/Muensterland\/Kreis-Coesfeld\/Luedinghausen\/3164932-Sekundarschule-Luedinghausen-Fuenf-Zuege-die-Regel\">120 Anmeldungen in f\u00fcnf Klassen<\/a><br \/>\n<a href=\"http:\/\/www.wn.de\/Muensterland\/Kreis-Coesfeld\/Luedinghausen\/3196412-Anmeldungen-zu-weiterfuehrenden-Schulen-Beide-Luedinghauser-Gymnasien-verzeichnen-Aufwaertstrend\">Beide L\u00fcdinghauser Gymnasien verzeichnen Aufw\u00e4rtstrend<\/a><\/p>\n<p><strong>Castrop-Rauxel:<\/strong><br \/>\n2013\/2014 wurden die Sekundarschule S\u00fcd und die Sekundarschule Nord er\u00f6ffnet. Daf\u00fcr wurden die Schillerschule (Hauptschule) und die Janusz-Korczak-Gesamtschule geschlossen. Bereits nach einem Jahr wurde die Sekundarschule Nord aufgrund geringer Anmeldezahlen geschlossen. Die Sekundarschule S\u00fcd hat sinkende Sch\u00fclerzahlen, im Schuljahr 2016\/2017 sind es nur noch 480 Sch\u00fcler. Gro\u00dfen Zulauf hat dagegen die Realschule Fritdjof-Nansen. Die Realschule, die aufgrund gro\u00dfer Elternproteste und B\u00fcrgerentscheid erhalten geblieben ist, bekommt viele Sch\u00fcler aus der Sekundarschule.<br \/>\nAuch die Theodor-Heuss-Realschule in Coesfeld hat Zulauf aus den St\u00e4dten Billerbeck und Nottuln.<\/p>\n<p><strong>Selm<\/strong><br \/>\n2014 gegr\u00fcndet, 4-z\u00fcgig<br \/>\nEine Mutter berichtete uns von fehlendem Lehrpersonal in der Realschule. Wie ein Flickenteppich versucht man die fehlenden Lehrer zu ersetzen, keine Hilfe von der Bezirksregierung. Darum sagt sie: &#8222;K\u00e4mpft um eure Realschule!&#8220;<br \/>\nIn der Sekundarschule fehlen weiterhin Lehrer &#8211; vor allem jetzt ab dem 3. Jahr.<br \/>\n13.03.2018 <a href=\"https:\/\/www.ruhrnachrichten.de\/Staedte\/Selm\/Wenn-Schueler-zu-Pendlern-werden-1265508.html\"> Weiterf\u00fchrende Schulen in Selm Wenn Sch\u00fcler zu Pendlern werden<\/a> &#8230; Schultourismus &#8230; aber die Sekundarschule in Selm ist doch eine &#8222;Schule f\u00fcr alle?&#8220;<\/p>\n<p><span style=\"color: #000080; font-size: 14pt;\"><strong>Was erkennen wir dabei?<\/strong><\/span><br \/>\nIm l\u00e4ndlichen Raum, wo Gemeinde versuchen, aufgrund sinkender Sch\u00fclerzahlen den Schulstandort mit einer Sekundarschule zu erhalten, funktioniert es nur bedingt. Eltern favorisieren nach wie vor das klassische dreigliedrige System und suchen dieses u.U. im Umkeis. Der Sekundarschule fehlt es an Akzeptanz.<\/p>\n<p><strong>Greven<\/strong><br \/>\n&#8230; wehrte sich 2016 erfolgreich gegen die Einf\u00fchrung einer Sekundarschule und Aufgabe der Anne-Frank-Realschule neben der bereits vorhandenen Gesamtschule.<br \/>\n06.07.2017 (MZ) <a href=\"http:\/\/www.muensterschezeitung.de\/Lokales\/Staedte\/Greven\/2895499-Vom-Leben-nach-der-Schule-Zwischen-Trauer-und-Aufbruch\">Zwischen Trauer und Aufbruch<\/a> Abschied von der Haupt- und Realschule, die der Gesamtschule weichen musste.<br \/>\n24.06.2017 (MZ) <a href=\"http:\/\/www.muensterschezeitung.de\/Lokales\/Staedte\/Greven\/2872171-Interview-zum-Ende-der-Hauptschule-Fuer-jeden-Schueler-ein-Platz-in-Greven\">Interview zum Ende der Hauptschule<\/a><\/p>\n<p><strong>Coesfeld<\/strong><br \/>\n&#8230; beschloss 2016 seine Schulen in Ruhe zu lassen, nachdem Eltern auf die Stra\u00dfe gegangen sind.<\/p>\n<p><strong>Datteln<\/strong><br \/>\n&#8230; entscheidet sich gegen eine Sekundarschule und strebt nun einen Verbund mit der Gesamtschule Olfen an.<span style=\"font-size: 10pt;\"><em> <a href=\"http:\/\/www.radiokiepenkerl.de\/nachrichten\/lokalnachrichten\/single\/news\/plaene-fuer-olfener-gesamtschulstandort-in-datteln-kommen-voran\/?L=0&amp;tx_news_pi1%5Bcontroller%5D=News&amp;tx_news_pi1%5Baction%5D=detail&amp;cHash=1ca66a54568b26cf4e788de503809391\">Pl\u00e4ne f\u00fcr Olfener Gesamtschule mit Datteln<\/a><br \/>\n<\/em><span style=\"font-size: 12pt;\">27.10.2017 <a href=\"https:\/\/www.datteln.de\/04_Kultur_Bildung\/Schulentwicklungsplanung.htm\">Gesamtschulstandort in Datteln: Eine Schule \u2013 viele Abschl\u00fcsse<\/a><br \/>\n<a href=\"https:\/\/www.openpetition.de\/petition\/online\/keine-zweigstelle-in-datteln-fuer-die-wolfhelm-gesamtschule-aus-olfen\">Online-Petition: Ben\u00f6tigt die Olfener Wolfhelm &#8211; Gesamtschule in Datteln eine Zweigstelle?<\/a><br \/>\n(MZ) <a href=\"https:\/\/www.muensterlandzeitung.de\/Staedte\/Olfen\/Zweigstelle-der-Olfener-Gesamtschule-in-Datteln-937223.html\">Entscheidung naht<\/a><br \/>\n28.01.2018 <a href=\"https:\/\/www.muensterlandzeitung.de\/Staedte\/Olfen\/Eltern-entscheiden-ueber-Gesamtschul-Nebenstandort-1249870.html\">Eltern entscheiden \u00fcber Gesamtschul-Nebenstandort<\/a> Interessant: die Recklingh\u00e4user f\u00fchlen sich auch bedroht &#8230;.<br \/>\n(Ruhr Nachrichten) <a href=\"https:\/\/www.ruhrnachrichten.de\/Staedte\/Olfen\/34-Olfener-Kinder-erhalten-Absage-fuer-Dattelner-Schule-1255277.html\">34 Olfener Kinder erhalten Absage f\u00fcr Dattelner Schule<\/a> und wohin sollen nun die restlichen leistungsschw\u00e4cheren Kinder?<br \/>\n<\/span><\/span><\/p>\n<p><strong>Ascheberg<\/strong><br \/>\nNach fehlenden Anmeldezahlen startete Ascheberg 2017einen Verbundversuch mit der Gesamtschule Nordkirchen, scheiterte und schaffte es mit viel Werbung gerade noch, den Schulstandort der Profilschule zu erhalten.<\/p>\n<p>W\u00fcrde D\u00fclmen noch auf diesen Zug aufspringen, w\u00e4re sie wahrscheinlich die allerletzte neugegr\u00fcndete Sekundarschule. Mit der Niederlage der SPD und einer nicht wirklich erfolgreichen Schulministerin L\u00f6hrmann, k\u00f6nnte diese Schulform bald adakta gelegt werden.<br \/>\n<span style=\"color: #000080;\"><strong>Die CDU bekennt sich zwar zu Sekundarschulen <a href=\"https:\/\/www.cdu-nrw.de\/sites\/default\/files\/media\/docs\/2017-04-01_regierungsprogramm_cdu_fuer_nrw_2017-2022.pdf#%5B%7B%22num%22%3A186%2C%22gen%22%3A0%7D%2C%7B%22name%22%3A%22XYZ%22%7D%2C68%2C619%2C0%5D\">(Regierungsprogramm S. 71)<\/a> aber wir sind keine kleine Kommune.<\/strong><\/span> Au\u00dferdem haben wir eine immer noch stabile Hauptschule und eine (was Sch\u00fclerzahlen angeht) gesicherte (Hermann-Leeser-)Realschule. Der CDU ist es wichtig,\u00a0 <a href=\"https:\/\/www.cdu-nrw.de\/sites\/default\/files\/media\/docs\/2017-04-01_regierungsprogramm_cdu_fuer_nrw_2017-2022.pdf#%5B%7B%22num%22%3A183%2C%22gen%22%3A0%7D%2C%7B%22name%22%3A%22XYZ%22%7D%2C68%2C664%2C0%5D\">die Hauptschulen qualitativ weiter zu entwickeln<\/a> und sie will zukunftssichere, starke Realschulen (beides auf S. 64 im Regierungsprogramm zu finden). Warum also etwas kaputt machen, was Bestand hat? Warum 1000 Sch\u00fcler (Haupt- und Realsch\u00fcler zusammen) mit dem Schicksal einer auslaufenden Schule konfrontieren. Gerade die Hauptsch\u00fcler haben in den letzten Jahren durch Aufl\u00f6sung der Johann-Gutenberg-Gemeinschaftshauptschule und der Erich-K\u00e4stner-Hauptschule leiden m\u00fcssen. Die Zusammenlegung der jeweils letzten Jahrg\u00e4ngen hat mehr \u00c4rger und Unmut erzeugt, als dass es geholfen h\u00e4tte. Wollen wir ihnen das nochmal und nochmal antun? Kann uns eine Sekundarschule garantieren, dass unsere Sch\u00fcler dann besser sind? Wenn Ausbildungsbetriebe \u00fcber mangelndes Basiswissen klagen und selbst Unis \u00fcber den Bildungsstand der Abiturienten zweifeln, sollten wir die Lehrpl\u00e4ne \u00fcberarbeiten und anpassen und nicht mit einer neuen Schulform weiter experiementieren. Hier geht es um die Bildung unserer Kinder! Bereits vor 3 Jahren beklagte sich eine Abiturientin, dass sie zwar ein Gedicht in 4 Sprachen analysieren kann, aber keine Steuererkl\u00e4rung. Wenn Schulabg\u00e4nger zwar Wahrscheinlichkeiten ausrechnen k\u00f6nnen, aber am einfachen Dreisatz scheitern, sollte uns das zu denken geben &#8230;<br \/>\nMit diesem Gedanken sind wir nicht allein <a href=\"http:\/\/eltern-fuer-eine-gute-schule.de\/\">&#8222;Eltern f\u00fcr eine gute Schule&#8220;<\/a><\/p>\n","protected":false},"excerpt":{"rendered":"<p>M\u00fcnster-Roxel: Und noch eine Sekundarschule, die umgewandelt werden soll, weil andere M\u00fcnsteraner Gesamtschulen zuviele abweisen m\u00fcssen: Friedensreich-Hundertwasser-Schule \u201eEchte Alternative zur Gesamtschule\u201c Telgte wird vierz\u00fcgig 102 Kindern beginnen an der Sekundarschule &#8211; die einzige Alternative neben einem Gymnasium. Vreden: Vielen wird die Sekundarschule Vreden ein Begriff sein, die Rektorin Frau Huning war zu den Informationsveranstaltungen anwesend. &hellip; <\/p>\n<p class=\"link-more\"><a href=\"https:\/\/hauptsache-realbleiben.de\/?page_id=804\" class=\"more-link\"><span class=\"screen-reader-text\">\u201eSekundarschulen in der Nachbarschaft\u201c<\/span> weiterlesen<\/a><\/p>\n","protected":false},"author":1,"featured_media":0,"parent":0,"menu_order":0,"comment_status":"closed","ping_status":"closed","template":"","meta":{"footnotes":""},"class_list":["post-804","page","type-page","status-publish","hentry"],"_links":{"self":[{"href":"https:\/\/hauptsache-realbleiben.de\/index.php?rest_route=\/wp\/v2\/pages\/804","targetHints":{"allow":["GET"]}}],"collection":[{"href":"https:\/\/hauptsache-realbleiben.de\/index.php?rest_route=\/wp\/v2\/pages"}],"about":[{"href":"https:\/\/hauptsache-realbleiben.de\/index.php?rest_route=\/wp\/v2\/types\/page"}],"author":[{"embeddable":true,"href":"https:\/\/hauptsache-realbleiben.de\/index.php?rest_route=\/wp\/v2\/users\/1"}],"replies":[{"embeddable":true,"href":"https:\/\/hauptsache-realbleiben.de\/index.php?rest_route=%2Fwp%2Fv2%2Fcomments&post=804"}],"version-history":[{"count":46,"href":"https:\/\/hauptsache-realbleiben.de\/index.php?rest_route=\/wp\/v2\/pages\/804\/revisions"}],"predecessor-version":[{"id":1638,"href":"https:\/\/hauptsache-realbleiben.de\/index.php?rest_route=\/wp\/v2\/pages\/804\/revisions\/1638"}],"wp:attachment":[{"href":"https:\/\/hauptsache-realbleiben.de\/index.php?rest_route=%2Fwp%2Fv2%2Fmedia&parent=804"}],"curies":[{"name":"wp","href":"https:\/\/api.w.org\/{rel}","templated":true}]}}