{"id":769,"date":"2017-05-13T09:20:30","date_gmt":"2017-05-13T08:20:30","guid":{"rendered":"http:\/\/hauptsache-realbleiben.de\/?page_id=769"},"modified":"2017-09-23T20:11:47","modified_gmt":"2017-09-23T19:11:47","slug":"der-architektenwettbewerb","status":"publish","type":"page","link":"https:\/\/hauptsache-realbleiben.de\/?page_id=769","title":{"rendered":"Das Architektenmodell &#038; Folgen"},"content":{"rendered":"<p><a href=\"http:\/\/www.dzonline.de\/Duelmen\/2800815-Sekundarschule-bekommt-ein-Gesicht-Das-ist-unsere-Nummer-eins\">&#8222;Das ist unsere Nummer eins&#8220;<\/a>, liest man gro\u00df in der D\u00fclmener Zeitung<br \/>\nund denkt sich erstmal nichts dabei.<br \/>\nDiese Zeichung ist aus der allerhintersten Ecke, aktuell noch Geb\u00fcsch im &#8222;Weitwinkel-Modus&#8220; gezeichnet. Die Gr\u00f6\u00dfe des Schulhofs wirkt angemessen.<\/p>\n<p>Fotos vom Schulhof:<br \/>\n<img loading=\"lazy\" decoding=\"async\" class=\"alignnone wp-image-1310 size-large\" src=\"http:\/\/hauptsache-realbleiben.de\/wp-content\/uploads\/2017\/05\/Schulhof-1-1024x679.jpg\" alt=\"\" width=\"525\" height=\"348\" srcset=\"https:\/\/hauptsache-realbleiben.de\/wp-content\/uploads\/2017\/05\/Schulhof-1-1024x679.jpg 1024w, https:\/\/hauptsache-realbleiben.de\/wp-content\/uploads\/2017\/05\/Schulhof-1-300x199.jpg 300w, https:\/\/hauptsache-realbleiben.de\/wp-content\/uploads\/2017\/05\/Schulhof-1-768x509.jpg 768w, https:\/\/hauptsache-realbleiben.de\/wp-content\/uploads\/2017\/05\/Schulhof-1.jpg 1200w\" sizes=\"auto, (max-width: 525px) 100vw, 525px\" \/><br \/>\n<span style=\"font-size: 8pt; color: #808080;\"><em>W\u00fcrde die Sekundarschule schon stehen, w\u00fcrde ich hier direkt an einem dreist\u00f6ckigen Neubau hochgucken &#8230; von der Hermann w\u00e4re nichts zu sehen, der vor mir liegende Schulhof w\u00e4re bebaut.<\/em><\/span><\/p>\n<p>Aber betrachtet man diese Aufsicht: <a href=\"http:\/\/www.dzonline.de\/Duelmen\/2801620-Architekturwettbewerb-zur-Sekundarschule-Die-Arbeit-geht-weiter\">&#8222;Die Arbeit geht weiter&#8220;<\/a> ist es pl\u00f6tzlich gar nicht so gro\u00df. Man erkennt das alte Geb\u00e4ude und zwei gro\u00dfe Anbauten, sowie einen gl\u00e4sernen Durchgang.<br \/>\nAm 01.06.2017 wurde das Raumkonzept der Sekundarschule vom zust\u00e4ndigen Architekten erl\u00e4utert <a href=\"http:\/\/www.duelmen.de\/1020.html?&amp;tx_ttnews%5Btt_news%5D=3645&amp;cHash=8d2d0b9024eec8c7d10892829909b992\">Entwurf zur \u201eneuen Schule\u201c f\u00fcr D\u00fclmen vorgestellt <\/a> . <span style=\"font-size: 10pt;\"><em>Weiteres s. unten<\/em><\/span><\/p>\n<p>Dies ist die Hermann-Leeser-Schule heute f\u00fcr ca 500 Sch\u00fclern. Ca 120 sind in der alten Paul-Gerhard-Grundschule untergebracht und somit nicht immer in den Pausen auf dem Schulhof.<br \/>\n<img loading=\"lazy\" decoding=\"async\" class=\"alignnone wp-image-766 size-full\" src=\"http:\/\/hauptsache-realbleiben.de\/wp-content\/uploads\/2017\/05\/aufsichthls.jpg\" alt=\"\" width=\"893\" height=\"700\" srcset=\"https:\/\/hauptsache-realbleiben.de\/wp-content\/uploads\/2017\/05\/aufsichthls.jpg 893w, https:\/\/hauptsache-realbleiben.de\/wp-content\/uploads\/2017\/05\/aufsichthls-300x235.jpg 300w, https:\/\/hauptsache-realbleiben.de\/wp-content\/uploads\/2017\/05\/aufsichthls-768x602.jpg 768w\" sizes=\"auto, (max-width: 706px) 89vw, (max-width: 767px) 82vw, 740px\" \/><\/p>\n<p>Schon heute ist der Platz f\u00fcr 500 Sch\u00fcler w\u00e4hrend der Pausen eng.<br \/>\n<img loading=\"lazy\" decoding=\"async\" class=\"size-large wp-image-835 alignnone\" src=\"http:\/\/hauptsache-realbleiben.de\/wp-content\/uploads\/2017\/05\/Aufsicht-m-Schulhof-1024x801.jpg\" alt=\"\" width=\"525\" height=\"411\" srcset=\"https:\/\/hauptsache-realbleiben.de\/wp-content\/uploads\/2017\/05\/Aufsicht-m-Schulhof-1024x801.jpg 1024w, https:\/\/hauptsache-realbleiben.de\/wp-content\/uploads\/2017\/05\/Aufsicht-m-Schulhof-300x235.jpg 300w, https:\/\/hauptsache-realbleiben.de\/wp-content\/uploads\/2017\/05\/Aufsicht-m-Schulhof-768x601.jpg 768w, https:\/\/hauptsache-realbleiben.de\/wp-content\/uploads\/2017\/05\/Aufsicht-m-Schulhof.jpg 1200w\" sizes=\"auto, (max-width: 525px) 100vw, 525px\" \/><\/p>\n<p><img loading=\"lazy\" decoding=\"async\" class=\"alignnone wp-image-1311 size-large\" src=\"http:\/\/hauptsache-realbleiben.de\/wp-content\/uploads\/2017\/05\/Schulhof-2-1024x679.jpg\" alt=\"\" width=\"525\" height=\"348\" srcset=\"https:\/\/hauptsache-realbleiben.de\/wp-content\/uploads\/2017\/05\/Schulhof-2-1024x679.jpg 1024w, https:\/\/hauptsache-realbleiben.de\/wp-content\/uploads\/2017\/05\/Schulhof-2-300x199.jpg 300w, https:\/\/hauptsache-realbleiben.de\/wp-content\/uploads\/2017\/05\/Schulhof-2-768x509.jpg 768w, https:\/\/hauptsache-realbleiben.de\/wp-content\/uploads\/2017\/05\/Schulhof-2.jpg 1200w\" sizes=\"auto, (max-width: 525px) 100vw, 525px\" \/><br \/>\n<span style=\"font-size: 8pt;\"><em><span style=\"color: #808080;\">Diese drei gro\u00dfen Platanen m\u00fcssten weichen &#8211; dort wo sie jetzt stehen, w\u00e4re quasi die Au\u00dfenmauer des gl\u00e4sernen Foyers &#8230;. (ich stehe in der hintersten Ecke des Schulhofes)<\/span><\/em><\/span><\/p>\n<p><a href=\"http:\/\/www.dzonline.de\/var\/storage\/images\/dz\/startseite\/duelmen\/2801620-architekturwettbewerb-zur-sekundarschule-die-arbeit-geht-weiter\/83421804-1-ger-DE\/Architekturwettbewerb-zur-Sekundarschule-Die-Arbeit-geht-weiter_image_630_420f_wn.jpg\">Modell Neubau<\/a> (Architektenwettbewerb 1.Platz)<br \/>\n<img loading=\"lazy\" decoding=\"async\" class=\"alignnone wp-image-824 size-large\" src=\"http:\/\/hauptsache-realbleiben.de\/wp-content\/uploads\/2017\/05\/Modell-1024x587.jpg\" alt=\"\" width=\"525\" height=\"301\" srcset=\"https:\/\/hauptsache-realbleiben.de\/wp-content\/uploads\/2017\/05\/Modell-1024x587.jpg 1024w, https:\/\/hauptsache-realbleiben.de\/wp-content\/uploads\/2017\/05\/Modell-300x172.jpg 300w, https:\/\/hauptsache-realbleiben.de\/wp-content\/uploads\/2017\/05\/Modell-768x440.jpg 768w, https:\/\/hauptsache-realbleiben.de\/wp-content\/uploads\/2017\/05\/Modell.jpg 1600w\" sizes=\"auto, (max-width: 525px) 100vw, 525px\" \/><\/p>\n<p><img loading=\"lazy\" decoding=\"async\" class=\"size-large wp-image-882 alignnone\" src=\"http:\/\/hauptsache-realbleiben.de\/wp-content\/uploads\/2017\/05\/Ansicht-hof2-1024x831.jpg\" alt=\"\" width=\"525\" height=\"426\" srcset=\"https:\/\/hauptsache-realbleiben.de\/wp-content\/uploads\/2017\/05\/Ansicht-hof2-1024x831.jpg 1024w, https:\/\/hauptsache-realbleiben.de\/wp-content\/uploads\/2017\/05\/Ansicht-hof2-300x244.jpg 300w, https:\/\/hauptsache-realbleiben.de\/wp-content\/uploads\/2017\/05\/Ansicht-hof2-768x624.jpg 768w, https:\/\/hauptsache-realbleiben.de\/wp-content\/uploads\/2017\/05\/Ansicht-hof2.jpg 1600w\" sizes=\"auto, (max-width: 525px) 100vw, 525px\" \/><\/p>\n<p><img loading=\"lazy\" decoding=\"async\" class=\"size-large wp-image-877 alignnone\" src=\"http:\/\/hauptsache-realbleiben.de\/wp-content\/uploads\/2017\/05\/Skizze-Modell-1024x722.jpg\" alt=\"\" width=\"525\" height=\"370\" srcset=\"https:\/\/hauptsache-realbleiben.de\/wp-content\/uploads\/2017\/05\/Skizze-Modell-1024x722.jpg 1024w, https:\/\/hauptsache-realbleiben.de\/wp-content\/uploads\/2017\/05\/Skizze-Modell-300x212.jpg 300w, https:\/\/hauptsache-realbleiben.de\/wp-content\/uploads\/2017\/05\/Skizze-Modell-768x542.jpg 768w, https:\/\/hauptsache-realbleiben.de\/wp-content\/uploads\/2017\/05\/Skizze-Modell.jpg 1214w\" sizes=\"auto, (max-width: 525px) 100vw, 525px\" \/><\/p>\n<p>In etwa diese Ausma\u00dfe werden die neuen Anbauten haben:<br \/>\n<img loading=\"lazy\" decoding=\"async\" class=\"size-large wp-image-837 alignnone\" src=\"http:\/\/hauptsache-realbleiben.de\/wp-content\/uploads\/2017\/05\/Aufsicht-m-Neubau-1024x807.jpg\" alt=\"\" width=\"525\" height=\"414\" srcset=\"https:\/\/hauptsache-realbleiben.de\/wp-content\/uploads\/2017\/05\/Aufsicht-m-Neubau-1024x807.jpg 1024w, https:\/\/hauptsache-realbleiben.de\/wp-content\/uploads\/2017\/05\/Aufsicht-m-Neubau-300x237.jpg 300w, https:\/\/hauptsache-realbleiben.de\/wp-content\/uploads\/2017\/05\/Aufsicht-m-Neubau-768x605.jpg 768w, https:\/\/hauptsache-realbleiben.de\/wp-content\/uploads\/2017\/05\/Aufsicht-m-Neubau.jpg 1200w\" sizes=\"auto, (max-width: 525px) 100vw, 525px\" \/><\/p>\n<p>Ausgehend vom vorhandenen Platz: Sollen hier tats\u00e4chlich doppelt so viele Sch\u00fcler (900-1000) ausreichende Bewegungsfreiheit haben?<br \/>\n<img loading=\"lazy\" decoding=\"async\" class=\"size-large wp-image-836 alignnone\" src=\"http:\/\/hauptsache-realbleiben.de\/wp-content\/uploads\/2017\/05\/Aufsicht-m-Neubau-m-Schulhof-1024x793.jpg\" alt=\"\" width=\"525\" height=\"407\" srcset=\"https:\/\/hauptsache-realbleiben.de\/wp-content\/uploads\/2017\/05\/Aufsicht-m-Neubau-m-Schulhof-1024x793.jpg 1024w, https:\/\/hauptsache-realbleiben.de\/wp-content\/uploads\/2017\/05\/Aufsicht-m-Neubau-m-Schulhof-300x232.jpg 300w, https:\/\/hauptsache-realbleiben.de\/wp-content\/uploads\/2017\/05\/Aufsicht-m-Neubau-m-Schulhof-768x595.jpg 768w, https:\/\/hauptsache-realbleiben.de\/wp-content\/uploads\/2017\/05\/Aufsicht-m-Neubau-m-Schulhof.jpg 1200w\" sizes=\"auto, (max-width: 525px) 100vw, 525px\" \/><\/p>\n<p>Im Vergleich dazu in blau gezeichnet, der aktuell zur Verf\u00fcgung stehende Platz und schraffiert das verlustig gehende Bewegungsangebot:<br \/>\n<img loading=\"lazy\" decoding=\"async\" class=\"size-large wp-image-838 alignnone\" src=\"http:\/\/hauptsache-realbleiben.de\/wp-content\/uploads\/2017\/05\/Aufsicht-m-Neubau-u-Schulhof-1024x811.jpg\" alt=\"\" width=\"525\" height=\"416\" srcset=\"https:\/\/hauptsache-realbleiben.de\/wp-content\/uploads\/2017\/05\/Aufsicht-m-Neubau-u-Schulhof-1024x811.jpg 1024w, https:\/\/hauptsache-realbleiben.de\/wp-content\/uploads\/2017\/05\/Aufsicht-m-Neubau-u-Schulhof-300x238.jpg 300w, https:\/\/hauptsache-realbleiben.de\/wp-content\/uploads\/2017\/05\/Aufsicht-m-Neubau-u-Schulhof-768x608.jpg 768w, https:\/\/hauptsache-realbleiben.de\/wp-content\/uploads\/2017\/05\/Aufsicht-m-Neubau-u-Schulhof.jpg 1200w\" sizes=\"auto, (max-width: 525px) 100vw, 525px\" \/><br \/>\nLaut <a href=\"http:\/\/www.bug-nrw.de\/cms\/upload\/pdf\/Schulhoefe%5B1%5D.pdf\">Landesprogramm &#8222;Bildung und Gesundheit&#8220;<\/a> <span style=\"font-size: 10pt;\"><em>(Seite 9)<\/em><\/span> sollten pro Sch\u00fcler 5m\u00b2 Schulhof zur Verf\u00fcgung stehen. Das w\u00e4ren f\u00fcr 900 Sch\u00fclern 4500m\u00b2. Ist das hier in ber\u00fccksichtigt? Ist das hier praktizierbar?<br \/>\nBei der Vorstellung antwortete man, dass ca 4000 bis 4500m\u00b2 Pausenraum inkl. Schulhof, Flure, Foyer etc zur Verf\u00fcgung stehen w\u00fcrden.<br \/>\nDas w\u00fcrde bedeuten, Sch\u00fcler, die ungern nach drau\u00dfen gehen, haben die M\u00f6glichkeit, sich den ganzen Tag IM Haus aufzuhalten. Frische Luft, sich bewegen, austoben, Frustation, \u00fcberm\u00e4\u00dfige Power rauslassen? Im Geb\u00e4ude? Wer beaufsichtigt das? Ist das f\u00fcr die Lehrer praktizierbar?<br \/>\nNeuesten <span style=\"text-decoration: underline;\">Ger\u00fcchten<\/span> zufolge \u00fcberlegt man, die Kinder Jahrgangsweise Schulhof-Pausentage einzur\u00e4umen. <span style=\"font-size: 10pt;\"><em>Also am Montag Jahrgang 5, am Dienstag JG 6, am Mittwoch JG 7, am Donnerstag JG 8, am Freitag JG 9 &#8230;<br \/>\n<img loading=\"lazy\" decoding=\"async\" class=\"alignnone wp-image-1312 size-large\" src=\"http:\/\/hauptsache-realbleiben.de\/wp-content\/uploads\/2017\/05\/Schulhof-6-1024x679.jpg\" alt=\"\" width=\"525\" height=\"348\" srcset=\"https:\/\/hauptsache-realbleiben.de\/wp-content\/uploads\/2017\/05\/Schulhof-6-1024x679.jpg 1024w, https:\/\/hauptsache-realbleiben.de\/wp-content\/uploads\/2017\/05\/Schulhof-6-300x199.jpg 300w, https:\/\/hauptsache-realbleiben.de\/wp-content\/uploads\/2017\/05\/Schulhof-6-768x509.jpg 768w, https:\/\/hauptsache-realbleiben.de\/wp-content\/uploads\/2017\/05\/Schulhof-6.jpg 1200w\" sizes=\"auto, (max-width: 525px) 100vw, 525px\" \/><br \/>\n<\/em><span style=\"color: #808080;\"><span style=\"font-size: 8pt;\">(ich stehe vor dem Lehrerparkplatz):<\/span><span style=\"font-size: 8pt;\"> Hinter der hinteren Platane f\u00e4ngt der dreist\u00f6ckige Neubau an.<\/span><\/span><\/span><br \/>\nEs fehlt au\u00dferdem: ausreichende Fahrradabstellm\u00f6glichkeiten, gr\u00f6\u00dferes Parkplatzangebot f\u00fcr Lehrer. Und ob die Turnhalle f\u00fcr die Sch\u00fclermassen ausreicht, ist eine andere Sache &#8230;.<br \/>\nUnd wenn man dann \u00fcberlegt, das wird eine Baustelle vermutlich ab 2019 bis 2021\/22:<br \/>\nAbriss des Anbaus, in dem die Fachr\u00e4ume Biologie, Chemie, Physik, Informatik\/Whiteboardraum, MENSA und die R\u00e4ume f\u00fcr die Hausaufgaben- und Lernbetreuung untergebracht sind. M\u00f6gliche \u00dcbergangsl\u00f6sung: Container <span style=\"font-size: 10pt;\"><em> (schauen Sie sich dazu den Bauverlauf an: <a href=\"http:\/\/hauptsache-realbleiben.de\/?page_id=906\">Bauzeitplan<\/a>)<br \/>\n<img loading=\"lazy\" decoding=\"async\" class=\"wp-image-1313 size-large alignnone\" src=\"http:\/\/hauptsache-realbleiben.de\/wp-content\/uploads\/2017\/05\/Schulhof-7-1024x679.jpg\" alt=\"\" width=\"525\" height=\"348\" srcset=\"https:\/\/hauptsache-realbleiben.de\/wp-content\/uploads\/2017\/05\/Schulhof-7-1024x679.jpg 1024w, https:\/\/hauptsache-realbleiben.de\/wp-content\/uploads\/2017\/05\/Schulhof-7-300x199.jpg 300w, https:\/\/hauptsache-realbleiben.de\/wp-content\/uploads\/2017\/05\/Schulhof-7-768x509.jpg 768w, https:\/\/hauptsache-realbleiben.de\/wp-content\/uploads\/2017\/05\/Schulhof-7.jpg 1200w\" sizes=\"auto, (max-width: 525px) 100vw, 525px\" \/><br \/>\n<span style=\"font-size: 8pt; color: #808080;\">Hier schaue ich &#8211; w\u00fcrde der Neubau schon stehen &#8211; mitten in die Mensa. Sie beginnt etwa hinter der Laterne und dann bis ganz rechts.<\/span><br \/>\n<\/em><\/span><\/p>\n<p>Unser F\u00f6rderverein sorgte sich fr\u00fchzeitig darum und stellte eine Anfrage an die Stadt, hier lesen Sie einen Auszug \u00fcber die Antwort:<br \/>\n<img loading=\"lazy\" decoding=\"async\" class=\"alignnone wp-image-767 size-full\" src=\"http:\/\/hauptsache-realbleiben.de\/wp-content\/uploads\/2017\/05\/AntwortaufAnfrage.jpg\" alt=\"\" width=\"828\" height=\"585\" srcset=\"https:\/\/hauptsache-realbleiben.de\/wp-content\/uploads\/2017\/05\/AntwortaufAnfrage.jpg 828w, https:\/\/hauptsache-realbleiben.de\/wp-content\/uploads\/2017\/05\/AntwortaufAnfrage-300x212.jpg 300w, https:\/\/hauptsache-realbleiben.de\/wp-content\/uploads\/2017\/05\/AntwortaufAnfrage-768x543.jpg 768w\" sizes=\"auto, (max-width: 706px) 89vw, (max-width: 767px) 82vw, 740px\" \/><br \/>\n&#8222;in eigener Verantwortung Schritte einleiten und veranlassen, &#8230;&#8220;<br \/>\nHaben die Eltern des St.Anna-Kindergarten auch ein \u00e4hnliches Schreiben bekommen? Sie werden auch bis ca. 2020 in den Container hocken, bis das IGZ irgendwann fertig wird.<br \/>\nZurecht werden nun auch Sch\u00fcler unruhig: <a href=\"http:\/\/www.radiokiepenkerl.de\/index.php?id=1232&amp;L=2&amp;tx_news_pi1%5Bnews%5D=33307&amp;tx_news_pi1%5Bcontroller%5D=News&amp;tx_news_pi1%5Baction%5D=detail&amp;cHash=ad1c158d22dd0545892520da58a88ced\">Sch\u00fcler der Hermann-Leeser-Realschule wehren sich gegen Sekundarschul-Pl\u00e4ne<\/a><\/p>\n<p>Dies w\u00e4re die <strong>dritte Gro\u00dfbaustelle<\/strong> nach Stadtquartier und IGZ mitten in der Stadt. Aber diesmal betrifft es UNSERE Kinder und deren schulische Bildung.<br \/>\nDeren Gesundheit und die der Lehrer in Anbetracht des bevorstehenden Baul\u00e4rms: <strong>6-8 Schulstunden an 5 Tagen die Woche!<\/strong><br \/>\nAb Sommer 2017 werden vielleicht auch die letzten 86 F\u00fcnftkl\u00e4ssler davon betroffen werden.<br \/>\nGerne &#8211; ja gerne h\u00e4tten wir den halben Neubau, um endlich vern\u00fcnftige R\u00e4ume zu haben, damit unsere bereits 6 Jahre andauernde und funktionierende Inklusion weiter ausgebaut werden kann und man auch diesen Kindern gerecht werden kann. Dann w\u00fcrden wir diese Belastung in Kauf nehmen, denn das w\u00e4re dann &#8222;f\u00fcr uns&#8220; und WIR w\u00fcrden davon profitieren.<br \/>\nAber so m\u00fcssen WIR leiden, weil 90% des Rates der Stadt D\u00fclmen meint, die Sekundarschule w\u00e4re die Zukunft f\u00fcr D\u00fclmens Kinder.<br \/>\nWeder WIR als Eltern, noch die Lehrer geschweige denn die Sch\u00fcler werden gefragt. Nein, rund 800 Grundschuleltern, die unsere Schule gar nicht kennen und von bunten Prospekten, besch\u00f6nigenden Informationsveranstaltungen, einem tollen Architektenmodell\u00a0 und demn\u00e4chst einer netten Busfahrt nach Vreden beeinflusst werden, was das doch f\u00fcr eine tolle, gute Schule sei.<br \/>\n<span style=\"color: #ff0000;\"><strong>Hier denkt keiner an die direkt Betroffenen (Realsch\u00fcler und das Lehrerkollegium)<\/strong><\/span><br \/>\n<strong>UND:<\/strong><br \/>\nHier wird eine <span style=\"color: #ff0000;\">direkte Konkurenz zur Marien-Realschule<\/span> installiert, weil ein gro\u00dfer Musikraum geplant ist.<br \/>\nHier wird eine direkte Konkurenz zu der wesentlich kleineren <span style=\"color: #ff0000;\">Nottulner Sekundarschule<\/span> angestrebt, die auch von sinkenden Anmeldezahlen betroffen ist. Mit D\u00fclmen wird es sich wom\u00f6glich versch\u00e4rfen.<br \/>\nUnd eine direkte Konkurenz zur Sekundarschule L\u00fcdinghausen. Wobei die dann beruhigt Sch\u00fcler abweisen kann, da sie im n\u00e4chsten Jahr keine 6. Klasse \u00f6ffnen darf und nur 5 Klassen aufnehmen wird.<br \/>\nWas sagen diese Schulen zu den Pl\u00e4nen in D\u00fclmen?<\/p>\n<p><strong>Das Raumkonzept:<\/strong><br \/>\nPro &#8222;Fl\u00fcgel&#8220; ein Jahrgang &#8230; ab 130 Sch\u00fcler bis 160\/170 Sch\u00fcler (ab 7. Jahrgang mit den R\u00fcckgestuften)<br \/>\n<img loading=\"lazy\" decoding=\"async\" class=\"size-large wp-image-1091 alignnone\" src=\"http:\/\/hauptsache-realbleiben.de\/wp-content\/uploads\/2017\/05\/Fluegel-1024x545.jpg\" alt=\"\" width=\"525\" height=\"279\" srcset=\"https:\/\/hauptsache-realbleiben.de\/wp-content\/uploads\/2017\/05\/Fluegel-1024x545.jpg 1024w, https:\/\/hauptsache-realbleiben.de\/wp-content\/uploads\/2017\/05\/Fluegel-300x160.jpg 300w, https:\/\/hauptsache-realbleiben.de\/wp-content\/uploads\/2017\/05\/Fluegel-768x409.jpg 768w, https:\/\/hauptsache-realbleiben.de\/wp-content\/uploads\/2017\/05\/Fluegel.jpg 1600w\" sizes=\"auto, (max-width: 525px) 100vw, 525px\" \/>Lernen im Flur,<br \/>\nPause im Flur und im Foyer, weil auf dem Schulhof zu wenig Platz ist.<img loading=\"lazy\" decoding=\"async\" class=\"size-large wp-image-1090 alignnone\" src=\"http:\/\/hauptsache-realbleiben.de\/wp-content\/uploads\/2017\/05\/Etagenfluegel-1024x731.jpg\" alt=\"\" width=\"525\" height=\"375\" srcset=\"https:\/\/hauptsache-realbleiben.de\/wp-content\/uploads\/2017\/05\/Etagenfluegel-1024x731.jpg 1024w, https:\/\/hauptsache-realbleiben.de\/wp-content\/uploads\/2017\/05\/Etagenfluegel-300x214.jpg 300w, https:\/\/hauptsache-realbleiben.de\/wp-content\/uploads\/2017\/05\/Etagenfluegel-768x548.jpg 768w, https:\/\/hauptsache-realbleiben.de\/wp-content\/uploads\/2017\/05\/Etagenfluegel.jpg 1600w\" sizes=\"auto, (max-width: 525px) 100vw, 525px\" \/><br \/>\nEssen in der Mensa in (angedachten) drei Schichten &#8230;<br \/>\n<img loading=\"lazy\" decoding=\"async\" class=\"size-large wp-image-1092 alignnone\" src=\"http:\/\/hauptsache-realbleiben.de\/wp-content\/uploads\/2017\/05\/mensa-1024x645.jpg\" alt=\"\" width=\"525\" height=\"331\" srcset=\"https:\/\/hauptsache-realbleiben.de\/wp-content\/uploads\/2017\/05\/mensa-1024x645.jpg 1024w, https:\/\/hauptsache-realbleiben.de\/wp-content\/uploads\/2017\/05\/mensa-300x189.jpg 300w, https:\/\/hauptsache-realbleiben.de\/wp-content\/uploads\/2017\/05\/mensa-768x484.jpg 768w, https:\/\/hauptsache-realbleiben.de\/wp-content\/uploads\/2017\/05\/mensa.jpg 1378w\" sizes=\"auto, (max-width: 525px) 100vw, 525px\" \/><\/p>\n<p><span style=\"font-size: 10pt;\"><em> \u00dcbersicht der Modelle zum Wettbewerb:<\/em><\/span><br \/>\n<span style=\"font-size: 10pt;\"><em> http:\/\/www.wettbewerbe-aktuell.de\/de\/contents\/8826\/Sekundarschule+Duelmen.html<br \/>\nAlle Bilder unterliegen dem Urheberrecht. Aufsicht: Quelle Google-Maps<br \/>\n<\/em><\/span><\/p>\n","protected":false},"excerpt":{"rendered":"<p>&#8222;Das ist unsere Nummer eins&#8220;, liest man gro\u00df in der D\u00fclmener Zeitung und denkt sich erstmal nichts dabei. Diese Zeichung ist aus der allerhintersten Ecke, aktuell noch Geb\u00fcsch im &#8222;Weitwinkel-Modus&#8220; gezeichnet. Die Gr\u00f6\u00dfe des Schulhofs wirkt angemessen. Fotos vom Schulhof: W\u00fcrde die Sekundarschule schon stehen, w\u00fcrde ich hier direkt an einem dreist\u00f6ckigen Neubau hochgucken &#8230; &hellip; <\/p>\n<p class=\"link-more\"><a href=\"https:\/\/hauptsache-realbleiben.de\/?page_id=769\" class=\"more-link\"><span class=\"screen-reader-text\">\u201eDas Architektenmodell &#038; Folgen\u201c<\/span> weiterlesen<\/a><\/p>\n","protected":false},"author":1,"featured_media":0,"parent":0,"menu_order":0,"comment_status":"closed","ping_status":"closed","template":"","meta":{"footnotes":""},"class_list":["post-769","page","type-page","status-publish","hentry"],"_links":{"self":[{"href":"https:\/\/hauptsache-realbleiben.de\/index.php?rest_route=\/wp\/v2\/pages\/769","targetHints":{"allow":["GET"]}}],"collection":[{"href":"https:\/\/hauptsache-realbleiben.de\/index.php?rest_route=\/wp\/v2\/pages"}],"about":[{"href":"https:\/\/hauptsache-realbleiben.de\/index.php?rest_route=\/wp\/v2\/types\/page"}],"author":[{"embeddable":true,"href":"https:\/\/hauptsache-realbleiben.de\/index.php?rest_route=\/wp\/v2\/users\/1"}],"replies":[{"embeddable":true,"href":"https:\/\/hauptsache-realbleiben.de\/index.php?rest_route=%2Fwp%2Fv2%2Fcomments&post=769"}],"version-history":[{"count":37,"href":"https:\/\/hauptsache-realbleiben.de\/index.php?rest_route=\/wp\/v2\/pages\/769\/revisions"}],"predecessor-version":[{"id":1317,"href":"https:\/\/hauptsache-realbleiben.de\/index.php?rest_route=\/wp\/v2\/pages\/769\/revisions\/1317"}],"wp:attachment":[{"href":"https:\/\/hauptsache-realbleiben.de\/index.php?rest_route=%2Fwp%2Fv2%2Fmedia&parent=769"}],"curies":[{"name":"wp","href":"https:\/\/api.w.org\/{rel}","templated":true}]}}