{"id":622,"date":"2017-04-12T16:57:38","date_gmt":"2017-04-12T15:57:38","guid":{"rendered":"http:\/\/hauptsache-realbleiben.de\/?page_id=622"},"modified":"2017-09-10T12:36:24","modified_gmt":"2017-09-10T11:36:24","slug":"info-veranstaltung-am-27-04-2017","status":"publish","type":"page","link":"https:\/\/hauptsache-realbleiben.de\/?page_id=622","title":{"rendered":"Die Info-Veranstaltung vom 27.04.2017"},"content":{"rendered":"<p>Am 27.04.2017 hatten wir zu einer eigenen Informationsveranstaltung eingeladen.<\/p>\n<p style=\"padding-left: 30px;\"><span style=\"color: #99cc00;\"><strong> Vielen Dank f\u00fcr Ihre Teilnahme.<\/strong><\/span><\/p>\n<p><a href=\"http:\/\/hauptsache-realbleiben.de\/wp-content\/uploads\/2017\/04\/Schulsystem_und_Vergleich.pdf\">Das Schulsystem und Vergleich der Schullaufbahnen<\/a><br \/>\n<span style=\"font-size: 8pt;\"><em>Stand 28.04.2017 <\/em><\/span><br \/>\n<img loading=\"lazy\" decoding=\"async\" class=\"alignleft wp-image-685 size-medium\" src=\"http:\/\/hauptsache-realbleiben.de\/wp-content\/uploads\/2017\/04\/0-DasSchulsystem-NRW-219x300.jpg\" alt=\"\" width=\"219\" height=\"300\" srcset=\"https:\/\/hauptsache-realbleiben.de\/wp-content\/uploads\/2017\/04\/0-DasSchulsystem-NRW-219x300.jpg 219w, https:\/\/hauptsache-realbleiben.de\/wp-content\/uploads\/2017\/04\/0-DasSchulsystem-NRW-768x1050.jpg 768w, https:\/\/hauptsache-realbleiben.de\/wp-content\/uploads\/2017\/04\/0-DasSchulsystem-NRW-749x1024.jpg 749w, https:\/\/hauptsache-realbleiben.de\/wp-content\/uploads\/2017\/04\/0-DasSchulsystem-NRW.jpg 1240w\" sizes=\"auto, (max-width: 219px) 100vw, 219px\" \/><img loading=\"lazy\" decoding=\"async\" class=\"alignleft wp-image-686 size-large\" src=\"http:\/\/hauptsache-realbleiben.de\/wp-content\/uploads\/2017\/04\/0-Schulen-DLM-1024x753.jpg\" alt=\"\" width=\"525\" height=\"386\" srcset=\"https:\/\/hauptsache-realbleiben.de\/wp-content\/uploads\/2017\/04\/0-Schulen-DLM-1024x753.jpg 1024w, https:\/\/hauptsache-realbleiben.de\/wp-content\/uploads\/2017\/04\/0-Schulen-DLM-300x221.jpg 300w, https:\/\/hauptsache-realbleiben.de\/wp-content\/uploads\/2017\/04\/0-Schulen-DLM-768x565.jpg 768w, https:\/\/hauptsache-realbleiben.de\/wp-content\/uploads\/2017\/04\/0-Schulen-DLM.jpg 1687w\" sizes=\"auto, (max-width: 525px) 100vw, 525px\" \/><\/p>\n<p>&nbsp;<\/p>\n<p>&nbsp;<\/p>\n<p>&nbsp;<\/p>\n<p>&nbsp;<\/p>\n<p><img loading=\"lazy\" decoding=\"async\" class=\"alignleft wp-image-684 size-large\" src=\"http:\/\/hauptsache-realbleiben.de\/wp-content\/uploads\/2017\/04\/0-DerSchulischeWeg-Uebersicht-1024x753.jpg\" alt=\"\" width=\"525\" height=\"386\" srcset=\"https:\/\/hauptsache-realbleiben.de\/wp-content\/uploads\/2017\/04\/0-DerSchulischeWeg-Uebersicht-1024x753.jpg 1024w, https:\/\/hauptsache-realbleiben.de\/wp-content\/uploads\/2017\/04\/0-DerSchulischeWeg-Uebersicht-300x221.jpg 300w, https:\/\/hauptsache-realbleiben.de\/wp-content\/uploads\/2017\/04\/0-DerSchulischeWeg-Uebersicht-768x565.jpg 768w, https:\/\/hauptsache-realbleiben.de\/wp-content\/uploads\/2017\/04\/0-DerSchulischeWeg-Uebersicht.jpg 1687w\" sizes=\"auto, (max-width: 525px) 100vw, 525px\" \/><\/p>\n<p><img loading=\"lazy\" decoding=\"async\" class=\"alignnone wp-image-687 size-large\" src=\"http:\/\/hauptsache-realbleiben.de\/wp-content\/uploads\/2017\/04\/0-Abschlusse-1024x753.jpg\" alt=\"\" width=\"525\" height=\"386\" srcset=\"https:\/\/hauptsache-realbleiben.de\/wp-content\/uploads\/2017\/04\/0-Abschlusse-1024x753.jpg 1024w, https:\/\/hauptsache-realbleiben.de\/wp-content\/uploads\/2017\/04\/0-Abschlusse-300x221.jpg 300w, https:\/\/hauptsache-realbleiben.de\/wp-content\/uploads\/2017\/04\/0-Abschlusse-768x565.jpg 768w, https:\/\/hauptsache-realbleiben.de\/wp-content\/uploads\/2017\/04\/0-Abschlusse.jpg 1687w\" sizes=\"auto, (max-width: 525px) 100vw, 525px\" \/><\/p>\n<p>Herr Pollmann gibt eine kurze Einf\u00fchrung:<br \/>\n<img loading=\"lazy\" decoding=\"async\" class=\"size-medium wp-image-761 alignnone\" src=\"http:\/\/hauptsache-realbleiben.de\/wp-content\/uploads\/2017\/04\/Fotos-BI-Versammlung-1-300x167.jpg\" alt=\"\" width=\"300\" height=\"167\" srcset=\"https:\/\/hauptsache-realbleiben.de\/wp-content\/uploads\/2017\/04\/Fotos-BI-Versammlung-1-300x167.jpg 300w, https:\/\/hauptsache-realbleiben.de\/wp-content\/uploads\/2017\/04\/Fotos-BI-Versammlung-1-768x426.jpg 768w, https:\/\/hauptsache-realbleiben.de\/wp-content\/uploads\/2017\/04\/Fotos-BI-Versammlung-1-1024x568.jpg 1024w, https:\/\/hauptsache-realbleiben.de\/wp-content\/uploads\/2017\/04\/Fotos-BI-Versammlung-1.jpg 1800w\" sizes=\"auto, (max-width: 300px) 100vw, 300px\" \/><br \/>\n<img loading=\"lazy\" decoding=\"async\" class=\"size-medium wp-image-760 alignnone\" src=\"http:\/\/hauptsache-realbleiben.de\/wp-content\/uploads\/2017\/04\/Fotos-BI-Versammlung-2-300x157.jpg\" alt=\"\" width=\"300\" height=\"157\" srcset=\"https:\/\/hauptsache-realbleiben.de\/wp-content\/uploads\/2017\/04\/Fotos-BI-Versammlung-2-300x157.jpg 300w, https:\/\/hauptsache-realbleiben.de\/wp-content\/uploads\/2017\/04\/Fotos-BI-Versammlung-2-768x401.jpg 768w, https:\/\/hauptsache-realbleiben.de\/wp-content\/uploads\/2017\/04\/Fotos-BI-Versammlung-2-1024x535.jpg 1024w, https:\/\/hauptsache-realbleiben.de\/wp-content\/uploads\/2017\/04\/Fotos-BI-Versammlung-2.jpg 1800w\" sizes=\"auto, (max-width: 300px) 100vw, 300px\" \/><\/p>\n<p>Frau Heck berichtet \u00fcber die Arbeit des Elternvereins:<br \/>\n<img loading=\"lazy\" decoding=\"async\" class=\"size-medium wp-image-759 alignnone\" src=\"http:\/\/hauptsache-realbleiben.de\/wp-content\/uploads\/2017\/04\/Fotos-BI-Versammlung-3-249x300.jpg\" alt=\"\" width=\"249\" height=\"300\" srcset=\"https:\/\/hauptsache-realbleiben.de\/wp-content\/uploads\/2017\/04\/Fotos-BI-Versammlung-3-249x300.jpg 249w, https:\/\/hauptsache-realbleiben.de\/wp-content\/uploads\/2017\/04\/Fotos-BI-Versammlung-3-768x927.jpg 768w, https:\/\/hauptsache-realbleiben.de\/wp-content\/uploads\/2017\/04\/Fotos-BI-Versammlung-3-848x1024.jpg 848w, https:\/\/hauptsache-realbleiben.de\/wp-content\/uploads\/2017\/04\/Fotos-BI-Versammlung-3.jpg 1491w\" sizes=\"auto, (max-width: 249px) 100vw, 249px\" \/><\/p>\n<p>Frau Schwarzhoff referiert:<br \/>\n<img loading=\"lazy\" decoding=\"async\" class=\"size-medium wp-image-758 alignnone\" src=\"http:\/\/hauptsache-realbleiben.de\/wp-content\/uploads\/2017\/04\/Fotos-BI-Versammlung-4-212x300.jpg\" alt=\"\" width=\"212\" height=\"300\" srcset=\"https:\/\/hauptsache-realbleiben.de\/wp-content\/uploads\/2017\/04\/Fotos-BI-Versammlung-4-212x300.jpg 212w, https:\/\/hauptsache-realbleiben.de\/wp-content\/uploads\/2017\/04\/Fotos-BI-Versammlung-4-768x1089.jpg 768w, https:\/\/hauptsache-realbleiben.de\/wp-content\/uploads\/2017\/04\/Fotos-BI-Versammlung-4-722x1024.jpg 722w, https:\/\/hauptsache-realbleiben.de\/wp-content\/uploads\/2017\/04\/Fotos-BI-Versammlung-4.jpg 1270w\" sizes=\"auto, (max-width: 212px) 100vw, 212px\" \/><\/p>\n<p>&nbsp;<\/p>\n<p>Die vollst\u00e4ndige Vorlage finden Sie hier: <a href=\"http:\/\/hauptsache-realbleiben.de\/wp-content\/uploads\/2017\/04\/Einladungsflyer-A4.pdf\">Einladungsflyer Din A4 &#8211; doppelseitig<\/a><\/p>\n<p><img loading=\"lazy\" decoding=\"async\" class=\"alignleft wp-image-650 size-medium\" src=\"http:\/\/hauptsache-realbleiben.de\/wp-content\/uploads\/2017\/04\/Einladungsflyer-rueckseite-208x300.jpg\" alt=\"\" width=\"208\" height=\"300\" srcset=\"https:\/\/hauptsache-realbleiben.de\/wp-content\/uploads\/2017\/04\/Einladungsflyer-rueckseite-208x300.jpg 208w, https:\/\/hauptsache-realbleiben.de\/wp-content\/uploads\/2017\/04\/Einladungsflyer-rueckseite-768x1108.jpg 768w, https:\/\/hauptsache-realbleiben.de\/wp-content\/uploads\/2017\/04\/Einladungsflyer-rueckseite-710x1024.jpg 710w, https:\/\/hauptsache-realbleiben.de\/wp-content\/uploads\/2017\/04\/Einladungsflyer-rueckseite.jpg 1241w\" sizes=\"auto, (max-width: 208px) 100vw, 208px\" \/><\/p>\n","protected":false},"excerpt":{"rendered":"<p>Am 27.04.2017 hatten wir zu einer eigenen Informationsveranstaltung eingeladen. Vielen Dank f\u00fcr Ihre Teilnahme. Das Schulsystem und Vergleich der Schullaufbahnen Stand 28.04.2017 &nbsp; &nbsp; &nbsp; &nbsp; Herr Pollmann gibt eine kurze Einf\u00fchrung: Frau Heck berichtet \u00fcber die Arbeit des Elternvereins: Frau Schwarzhoff referiert: &nbsp; Die vollst\u00e4ndige Vorlage finden Sie hier: Einladungsflyer Din A4 &#8211; doppelseitig<\/p>\n","protected":false},"author":1,"featured_media":0,"parent":440,"menu_order":0,"comment_status":"closed","ping_status":"closed","template":"","meta":{"footnotes":""},"class_list":["post-622","page","type-page","status-publish","hentry"],"_links":{"self":[{"href":"https:\/\/hauptsache-realbleiben.de\/index.php?rest_route=\/wp\/v2\/pages\/622","targetHints":{"allow":["GET"]}}],"collection":[{"href":"https:\/\/hauptsache-realbleiben.de\/index.php?rest_route=\/wp\/v2\/pages"}],"about":[{"href":"https:\/\/hauptsache-realbleiben.de\/index.php?rest_route=\/wp\/v2\/types\/page"}],"author":[{"embeddable":true,"href":"https:\/\/hauptsache-realbleiben.de\/index.php?rest_route=\/wp\/v2\/users\/1"}],"replies":[{"embeddable":true,"href":"https:\/\/hauptsache-realbleiben.de\/index.php?rest_route=%2Fwp%2Fv2%2Fcomments&post=622"}],"version-history":[{"count":19,"href":"https:\/\/hauptsache-realbleiben.de\/index.php?rest_route=\/wp\/v2\/pages\/622\/revisions"}],"predecessor-version":[{"id":1262,"href":"https:\/\/hauptsache-realbleiben.de\/index.php?rest_route=\/wp\/v2\/pages\/622\/revisions\/1262"}],"up":[{"embeddable":true,"href":"https:\/\/hauptsache-realbleiben.de\/index.php?rest_route=\/wp\/v2\/pages\/440"}],"wp:attachment":[{"href":"https:\/\/hauptsache-realbleiben.de\/index.php?rest_route=%2Fwp%2Fv2%2Fmedia&parent=622"}],"curies":[{"name":"wp","href":"https:\/\/api.w.org\/{rel}","templated":true}]}}