{"id":440,"date":"2017-03-15T09:52:12","date_gmt":"2017-03-15T08:52:12","guid":{"rendered":"http:\/\/hauptsache-realbleiben.de\/?page_id=440"},"modified":"2017-11-28T17:59:03","modified_gmt":"2017-11-28T16:59:03","slug":"startseite","status":"publish","type":"page","link":"https:\/\/hauptsache-realbleiben.de\/?page_id=440","title":{"rendered":"Startseite"},"content":{"rendered":"<p><img loading=\"lazy\" decoding=\"async\" class=\"size-medium wp-image-1086 alignnone\" src=\"http:\/\/hauptsache-realbleiben.de\/wp-content\/uploads\/2017\/07\/Hauptsache-Ja-272x300.jpg\" alt=\"\" width=\"272\" height=\"300\" srcset=\"https:\/\/hauptsache-realbleiben.de\/wp-content\/uploads\/2017\/07\/Hauptsache-Ja-272x300.jpg 272w, https:\/\/hauptsache-realbleiben.de\/wp-content\/uploads\/2017\/07\/Hauptsache-Ja-768x847.jpg 768w, https:\/\/hauptsache-realbleiben.de\/wp-content\/uploads\/2017\/07\/Hauptsache-Ja-928x1024.jpg 928w, https:\/\/hauptsache-realbleiben.de\/wp-content\/uploads\/2017\/07\/Hauptsache-Ja.jpg 1088w\" sizes=\"auto, (max-width: 272px) 100vw, 272px\" \/><\/p>\n<p><span style=\"color: #000080;\"><strong>Herzlich Willkommen auf der Seite \u201eHAUPTsache REAL bleiben!\u201c<\/strong><\/span><\/p>\n<p><strong><a href=\"http:\/\/hauptsache-realbleiben.de\/?page_id=27\">Wer wir sind<\/a>: <\/strong>Ein Aktionsb\u00fcndnis aus Eltern, deren Kinder die Hermann-Leeser-Schule, die Kardinal-von-Galen-Schule oder andere D\u00fclmener Schulen besuchen sowie sonstige interessierte B\u00fcrger.<\/p>\n<p><strong>Was wir wollen:<\/strong> Sachliche und schnelle Informationen f\u00fcr alle,<br \/>\ndie Erhaltung der <a href=\"http:\/\/hauptsache-realbleiben.de\/?page_id=23\">Hermann-Leeser-Schule<\/a> und der <a href=\"http:\/\/hauptsache-realbleiben.de\/?page_id=107&amp;preview=true\">Kardinal-von-Galen-Schule<\/a> sowie die Verhinderung der geplanten Sekundarschule inkl. der damit einhergehenden erheblichen baulichen Ma\u00dfnahmen am Schulgeb\u00e4ude der Hermann-Leeser-Schule, die St\u00e4rkung und Anerkennung der Kardinal-von-Galen-Schule als wichtige St\u00fctze der D\u00fclmener Betriebe, insbesondere des Handwerks.<\/p>\n<p><strong>Was wir nicht wollen:<\/strong> Aufgabe und Demontage eines funktionierenden und gut strukturierten st\u00e4dtischen Schulsystems, Einf\u00fchrung einer weiteren Ganztagsschule in einer Gr\u00f6\u00dfenordnung von rund 1000 Sch\u00fclern, Entscheidung \u00fcber die neue Schulform durch einen Bruchteil der Elternschaft (Abstimmung in den Grundschulen), Schlechtmachen und Totreden der Hauptschule.<\/p>\n<p><strong>Wir laden Sie ein<\/strong>, sich auf dieser Seite zu unserem Anliegen zu informieren.<\/p>\n<p><span style=\"color: #ff0000;\"><strong><span style=\"color: #000000;\">Denn:<\/span><br \/>\nDer Beschluss zur Errichtung einer Sekundarschule ist noch nicht gefasst!<\/strong><\/span><br \/>\nNach der Elternbefragung, in der sich ca 75% gegen die Sekundarschule ausgesprochen habe, <strong>hat der B\u00fcrgerentscheid am 1.10.2017<\/strong> <strong>\u00fcber den weiteren Vorgang entschieden.<\/strong><br \/>\nDie 11.912 D\u00fclmener B\u00fcrger haben ihre Stimme abgegeben: 8604 stimmten unserer Frage zu &#8211; 3290 dagegen. Bei einer 31% Wahlbeteiligung wurde der Entscheid als g\u00fcltig anerkannt. Somit darf bis mindestens zum <span style=\"color: #ff0000;\"><strong>01.10.2019<\/strong><\/span> keine Sekundarschule eingerichtet werden. (s. dazu Zeitungsauschnitt unter Lokales)<br \/>\nDas bedeutet auch:<br \/>\n<span style=\"color: #ff0000;\"><strong> Die Idee der Sekundarschule wird im Rat der Stadt weiterverfolgt!<\/strong><\/span><br \/>\n<span style=\"color: #ff0000;\"><strong>Wir m\u00fcssen wachsam bleiben!<\/strong><\/span><\/p>\n<p>Das herrschende Schulsystem in unserem Bundesland werden wir nicht ver\u00e4ndern k\u00f6nnen, wobei allein durch die m\u00f6gliche R\u00fcckkehr zum Abitur nach 9 Jahren einiges in Bewegung geraten kann. Die bunte Schulwelt in D\u00fclmen bietet jedem Kind den passenden Platz mit der passenden F\u00f6rderung. Alle sind miteinander verkn\u00fcpft und durchl\u00e4ssig.\u00a0 Und jede der Schulen hat ihre Vor- und Nachteile.<\/p>\n","protected":false},"excerpt":{"rendered":"<p>Herzlich Willkommen auf der Seite \u201eHAUPTsache REAL bleiben!\u201c Wer wir sind: Ein Aktionsb\u00fcndnis aus Eltern, deren Kinder die Hermann-Leeser-Schule, die Kardinal-von-Galen-Schule oder andere D\u00fclmener Schulen besuchen sowie sonstige interessierte B\u00fcrger. Was wir wollen: Sachliche und schnelle Informationen f\u00fcr alle, die Erhaltung der Hermann-Leeser-Schule und der Kardinal-von-Galen-Schule sowie die Verhinderung der geplanten Sekundarschule inkl. der damit &hellip; <\/p>\n<p class=\"link-more\"><a href=\"https:\/\/hauptsache-realbleiben.de\/?page_id=440\" class=\"more-link\"><span class=\"screen-reader-text\">\u201eStartseite\u201c<\/span> weiterlesen<\/a><\/p>\n","protected":false},"author":1,"featured_media":0,"parent":0,"menu_order":0,"comment_status":"closed","ping_status":"closed","template":"","meta":{"footnotes":""},"class_list":["post-440","page","type-page","status-publish","hentry"],"_links":{"self":[{"href":"https:\/\/hauptsache-realbleiben.de\/index.php?rest_route=\/wp\/v2\/pages\/440","targetHints":{"allow":["GET"]}}],"collection":[{"href":"https:\/\/hauptsache-realbleiben.de\/index.php?rest_route=\/wp\/v2\/pages"}],"about":[{"href":"https:\/\/hauptsache-realbleiben.de\/index.php?rest_route=\/wp\/v2\/types\/page"}],"author":[{"embeddable":true,"href":"https:\/\/hauptsache-realbleiben.de\/index.php?rest_route=\/wp\/v2\/users\/1"}],"replies":[{"embeddable":true,"href":"https:\/\/hauptsache-realbleiben.de\/index.php?rest_route=%2Fwp%2Fv2%2Fcomments&post=440"}],"version-history":[{"count":13,"href":"https:\/\/hauptsache-realbleiben.de\/index.php?rest_route=\/wp\/v2\/pages\/440\/revisions"}],"predecessor-version":[{"id":1442,"href":"https:\/\/hauptsache-realbleiben.de\/index.php?rest_route=\/wp\/v2\/pages\/440\/revisions\/1442"}],"wp:attachment":[{"href":"https:\/\/hauptsache-realbleiben.de\/index.php?rest_route=%2Fwp%2Fv2%2Fmedia&parent=440"}],"curies":[{"name":"wp","href":"https:\/\/api.w.org\/{rel}","templated":true}]}}