{"id":355,"date":"2017-03-08T18:46:58","date_gmt":"2017-03-08T17:46:58","guid":{"rendered":"http:\/\/hauptsache-realbleiben.de\/?page_id=355"},"modified":"2017-06-25T14:22:18","modified_gmt":"2017-06-25T13:22:18","slug":"fragt-uns-wir-geben-antworten-entwurf","status":"publish","type":"page","link":"https:\/\/hauptsache-realbleiben.de\/?page_id=355","title":{"rendered":"Die Elternumfrage &#8211; Abgabe bis zum 3.7."},"content":{"rendered":"<p style=\"text-align: left;\"><span style=\"font-size: 18pt; color: #ff0000;\"><strong>Sie sind Eltern der 2. und 3. Grundschulklasse?<\/strong><\/span><\/p>\n<p style=\"text-align: left;\"><span style=\"font-size: 18pt; color: #333399;\"><strong>Beteiligen Sie sich auf jeden Fall an der Elternumfrage!<br \/>\n<span style=\"font-size: 12pt; color: #008000;\">Y<em>ou don&#8217;t understand\u00a0 the questionnaire in <\/em><\/span><\/strong><\/span><span style=\"font-size: 18pt; color: #333399;\"><span style=\"color: #008000;\"><strong><span style=\"font-size: 12pt;\"><em>german? Here you find some informations<\/em>:<\/span> <\/strong><span style=\"font-size: 12pt;\"><strong><em><a href=\"http:\/\/hauptsache-realbleiben.de\/?page_id=980\">Informations in english<\/a><\/em><\/strong><\/span><\/span><strong><br \/>\n<\/strong><\/span><span style=\"font-size: 18pt; color: #ff0000;\"><strong>Geben Sie Ihren Fragebogen vollst\u00e4ndig + ausgef\u00fcllt ab!<\/strong><\/span><\/p>\n<p style=\"text-align: left;\"><span style=\"font-size: 18pt; color: #333399;\"><strong>Positionieren Sie sich bei Frage 3 eindeutig!<\/strong><\/span><\/p>\n<p><em>Die Frageb\u00f6gen werden am 5.7.2017 im Sitzungssaal des Rathauses in Anwesenheit einiger Ratsmitglieder ausgez\u00e4hlt. Am 6.7.2017 werden die Ergebnisse der \u00d6ffentlichkeit w\u00e4hrend er Schulausschusssitzung bekannt gegeben.<\/em><\/p>\n<p style=\"text-align: left;\">Die B\u00f6gen zur Elternbefragung sind verschickt: Rund 400 Grundschuleltern <span style=\"text-decoration: underline;\">pro Jahrgang<\/span> haben nun die M\u00f6glichkeit bis sp\u00e4testens zum 3.07.17 den Zettel zur\u00fcckzugeben. Wenn sich alle beteiligen, haben wir eine 100% Wahlbeteiligung.<br \/>\nGeben nur 280 Eltern den Fragebogen zur\u00fcck, haben wir eine Wahlbeteiligung von 70% und f\u00fcr ein positives Ergebnis zur Befragung &#8222;Pro Sekundarschule&#8220; w\u00fcrden 53&#8243;Ja&#8220; und &#8222;eher ja&#8220; ausreichen!<br \/>\n<img loading=\"lazy\" decoding=\"async\" class=\"alignnone wp-image-953 size-medium\" src=\"http:\/\/hauptsache-realbleiben.de\/wp-content\/uploads\/2017\/03\/KEINEMEHRHEIT1-300x142.jpg\" alt=\"\" width=\"300\" height=\"142\" srcset=\"https:\/\/hauptsache-realbleiben.de\/wp-content\/uploads\/2017\/03\/KEINEMEHRHEIT1-300x142.jpg 300w, https:\/\/hauptsache-realbleiben.de\/wp-content\/uploads\/2017\/03\/KEINEMEHRHEIT1-768x364.jpg 768w, https:\/\/hauptsache-realbleiben.de\/wp-content\/uploads\/2017\/03\/KEINEMEHRHEIT1.jpg 914w\" sizes=\"auto, (max-width: 300px) 100vw, 300px\" \/><br \/>\n400 pro Jahrgang werden befragt &#8211; geben 280 den Fragebogen zur\u00fcck, haben wir eine 70% Wahlbeteiligung:<br \/>\n<img loading=\"lazy\" decoding=\"async\" class=\"size-full wp-image-955 alignnone\" src=\"http:\/\/hauptsache-realbleiben.de\/wp-content\/uploads\/2017\/03\/KEINEMEHRHEIT2.jpg\" alt=\"\" width=\"811\" height=\"100\" srcset=\"https:\/\/hauptsache-realbleiben.de\/wp-content\/uploads\/2017\/03\/KEINEMEHRHEIT2.jpg 811w, https:\/\/hauptsache-realbleiben.de\/wp-content\/uploads\/2017\/03\/KEINEMEHRHEIT2-300x37.jpg 300w, https:\/\/hauptsache-realbleiben.de\/wp-content\/uploads\/2017\/03\/KEINEMEHRHEIT2-768x95.jpg 768w\" sizes=\"auto, (max-width: 706px) 89vw, (max-width: 767px) 82vw, 740px\" \/>53 von 280 haben ihr Kreuz bei &#8222;ganz bestimmt&#8220; oder &#8222;eher ja&#8220; gemacht, nun wird auf eine 100% Wahlbeteiligung hochgerechnet:<br \/>\n<img loading=\"lazy\" decoding=\"async\" class=\"size-full wp-image-954 alignnone\" src=\"http:\/\/hauptsache-realbleiben.de\/wp-content\/uploads\/2017\/03\/KEINEMEHRHEIT3.jpg\" alt=\"\" width=\"921\" height=\"112\" srcset=\"https:\/\/hauptsache-realbleiben.de\/wp-content\/uploads\/2017\/03\/KEINEMEHRHEIT3.jpg 921w, https:\/\/hauptsache-realbleiben.de\/wp-content\/uploads\/2017\/03\/KEINEMEHRHEIT3-300x36.jpg 300w, https:\/\/hauptsache-realbleiben.de\/wp-content\/uploads\/2017\/03\/KEINEMEHRHEIT3-768x93.jpg 768w\" sizes=\"auto, (max-width: 706px) 89vw, (max-width: 767px) 82vw, 740px\" \/><br \/>\nUnd damit ist die n\u00f6tige Mindestanzahl an &#8222;Interesse&#8220; erreicht, auch wenn wesentlich mehr <span style=\"font-size: 10pt;\"><em>(280 &#8211; 53 = 227)<\/em><\/span> 227 &#8222;bestimmt nicht&#8220; angekreuzt haben!<\/p>\n<p style=\"text-align: left;\"><span style=\"font-size: 14pt;\"><strong>Das ist ein Stimmenverh\u00e4ltnis von <span style=\"font-size: 18pt;\"><span style=\"color: #008000;\">227<\/span> : <span style=\"color: #ff0000;\">53<\/span><\/span><\/strong><\/span><br \/>\n<span style=\"font-size: 14pt;\"><strong>Die Sekundarschule wird als &#8222;gewollt&#8220; anerkannt.<\/strong><\/span><br \/>\n<span style=\"font-size: 14pt; color: #ff0000;\"><strong>Dies ist kein MEHRHEITSBESCHLUSS!<\/strong><\/span><\/p>\n<p>Nur die positiven Stimmen &#8222;bestimmt ja&#8220;, &#8222;eher ja&#8220; entscheiden \u00fcber den Ausgang!\u00a0<strong><span style=\"color: #000000;\">Die &#8222;Nein&#8220;-Stimmen sind nicht entscheidungsrelevant!<\/span><\/strong><br \/>\n<span style=\"color: #000000;\"> Auch Fl\u00fcchtlingseltern werden befragt &#8211; wer erkl\u00e4rt ihnen unser kompliziertes Schulsystem? Grundschullehrer m\u00fcssen neutral bleiben \u2013 sie d\u00fcrfen ihnen nicht helfen!<br \/>\n<\/span>Pro befragter Jahrgang m\u00fcssen mindestens 75 Pro-Sekundarstimmen vorliegen.<img loading=\"lazy\" decoding=\"async\" class=\"size-large wp-image-956 alignnone\" src=\"http:\/\/hauptsache-realbleiben.de\/wp-content\/uploads\/2017\/03\/Wahltabell1-1024x521.jpg\" alt=\"\" width=\"525\" height=\"267\" srcset=\"https:\/\/hauptsache-realbleiben.de\/wp-content\/uploads\/2017\/03\/Wahltabell1-1024x521.jpg 1024w, https:\/\/hauptsache-realbleiben.de\/wp-content\/uploads\/2017\/03\/Wahltabell1-300x153.jpg 300w, https:\/\/hauptsache-realbleiben.de\/wp-content\/uploads\/2017\/03\/Wahltabell1-768x391.jpg 768w, https:\/\/hauptsache-realbleiben.de\/wp-content\/uploads\/2017\/03\/Wahltabell1.jpg 1038w\" sizes=\"auto, (max-width: 525px) 100vw, 525px\" \/><br \/>\n<span style=\"color: #ff0000;\"><strong>Je geringer die Wahlbeteiligung desto weniger Stimmen sind notwendig, um einen Beschluss zur Errichtung einer Sekundarschule zu erreichen.<br \/>\n<\/strong><\/span><\/p>\n<p><span style=\"color: #333399; font-size: 14pt;\"><strong>________________________________________________<br \/>\nWelche Folge hat ein positives Umfrage-Ergebnis?<br \/>\n<img loading=\"lazy\" decoding=\"async\" class=\"size-large wp-image-967 alignnone\" src=\"http:\/\/hauptsache-realbleiben.de\/wp-content\/uploads\/2017\/03\/schuelerprognose-1024x576.jpg\" alt=\"\" width=\"525\" height=\"295\" srcset=\"https:\/\/hauptsache-realbleiben.de\/wp-content\/uploads\/2017\/03\/schuelerprognose-1024x576.jpg 1024w, https:\/\/hauptsache-realbleiben.de\/wp-content\/uploads\/2017\/03\/schuelerprognose-300x169.jpg 300w, https:\/\/hauptsache-realbleiben.de\/wp-content\/uploads\/2017\/03\/schuelerprognose-768x432.jpg 768w, https:\/\/hauptsache-realbleiben.de\/wp-content\/uploads\/2017\/03\/schuelerprognose.jpg 1679w\" sizes=\"auto, (max-width: 525px) 100vw, 525px\" \/><\/strong><\/span><br \/>\nIm Januar\/Februar 2018\u00a0<span style=\"color: #000000;\"> wird eine vorgezogene Anmeldung f\u00fcr die Sekundarschule geben.\u00a0Das bedeutet, es wird nicht m\u00f6glich sein, sein Kind an der Hauptschule oder der Hermann-Leeser-Realschule anzumelden, <strong>sondern vorerst nur an der Sekundarschule.<\/strong><br \/>\n<span style=\"font-size: 10pt;\">(Die Marien-Realschule sowie die Gymnasien sind davon nicht betroffen)<\/span><\/span><br \/>\nDie Stadt hat f\u00fcr die neue Sekundarschule 157 Sch\u00fcler rechnerisch ermittelt. Wenn dort 75 Anmeldungen registriert werden, werden die restlichen Eltern nicht mehr gefragt (rechnerisch 82) und die beiden anderen Schulen werden &#8222;auslaufend&#8220; gestellt.<br \/>\n<span style=\"color: #ff0000; font-size: 14pt;\"><strong>Es gibt keine &#8222;Gegenprobe&#8220;!<\/strong><\/span><br \/>\n<span style=\"color: #000000;\">Auslaufend bedeutet: es werden keine neuen <\/span><span style=\"color: #000000;\">f\u00fcnften Klassen an der Hauptschule oder der Hermann-Leeser-Realschule gebildet, sondern nur noch f\u00fcr die <strong>neuzugr\u00fcndende<\/strong> Sekundarschule. Eltern, die ihr Kind dort nicht anmelden m\u00f6chten, haben dann keine andere Wahl mehr. <em>(Beachten Sie bitte hierzu den m\u00f6glichen <a href=\"http:\/\/hauptsache-realbleiben.de\/\">Bauzeitplan<\/a> zur Sekundarschule &#8211; Fertigstellung in ca 4-5 Jahre)<\/em><br \/>\n<\/span><\/p>\n<p><span style=\"font-size: 14pt; color: #333399;\"><strong>ABER<\/strong><\/span><br \/>\n<span style=\"font-size: 14pt;\"><strong><span style=\"color: #333399;\">Sollten <span style=\"color: #ff0000;\">keine 75 Anmeldungen<\/span> zustande kommen, werden die Anmeldet\u00fcren f\u00fcr Hauptschule und Hermann-Leeser-Realschule <span style=\"color: #ff0000;\">wieder ge\u00f6ffnet<\/span>!<\/span><\/strong><\/span><br \/>\n<span style=\"font-size: 14pt;\"><span style=\"color: #333399; font-size: 12pt;\">Also nicht verzagen! Ihr Kind wird auf jeden Fall einen Platz an einer weiterf\u00fchrenden Schule bekommen!<\/span><strong><span style=\"color: #333399;\"><br \/>\n<\/span><\/strong><span style=\"color: #ff0000;\"><strong><span style=\"color: #333399;\">Wenn Sie Ihr Kind NICHT an der Sekundarschule anmelden m\u00f6chten, m\u00fcssen Sie das nicht.<\/span> Warten Sie ab!<\/strong><\/span><\/span><\/p>\n<p><span style=\"color: #000000;\">Wir bef\u00fcrchten, dass<\/span> die Marienrealschule 2018 nur eine geringere Sch\u00fclerzahl aufnehmen kann, als prognostiziert wurde. M\u00f6glicherweise m\u00fcssen Sch\u00fcler abgewiesen werden, was den &#8222;Ungerechtigkeitsfaktor&#8220; zur Gr\u00fcndung der Sekundarschule erh\u00f6ht.<\/p>\n<p><em>Wir wissen, das einige Grundschuleltern ihr Kind auf der Sekundarschule in Nottuln anmelden werden, weil es eine bereits gutfunktionierende Schule ist, die einen offenen Ganztag bietet und zudem \u00fcberschaubar klein ist. <strong>Bitte seien Sie so fair und kreuzen Sie dann &#8222;bestimmt nicht&#8220; an.<\/strong> Andernfalls verf\u00e4lscht das angekreuzte Interesse das Ergebnis. Vielen Dank!<\/em><br \/>\n<em>Bedenken Sie zudem, dass eine Sekundarschule in D\u00fclmen, die wesentlich kleinere Gemeinde Nottuln als Standort gef\u00e4hrden k\u00f6nnte.<\/em><\/p>\n<p><span style=\"font-size: 14pt; color: #ff0000;\"><strong>Darum ist es wichtig, den Fragebogen vollst\u00e4ndig ausgef\u00fcllt und rechtzeitig wieder abzugeben.<br \/>\nDenn je weniger teilnehmen, desto geringer die notwendigen Stimmen zur Errichtung der Sekundarschule!<br \/>\n<\/strong><\/span><\/p>\n<p><span style=\"font-size: 24pt; color: #008000;\"><strong>Es liegt in Ihrer Hand, die Sekundarschule hier in D\u00fclmen zu verhindern!<\/strong><\/span><\/p>\n<p><span style=\"font-size: 18pt; color: #333399;\"><span style=\"font-size: 8pt; color: #000000;\"><em>Quelle der Grafiken Stadt D\u00fclmen: <a style=\"color: #000000;\" href=\"http:\/\/hauptsache-realbleiben.de\/wp-content\/uploads\/2017\/03\/090_2017_Gesamtvorlage.pdf\">Gesamtvorlage zur Schulentwicklungsplanung vom 24.05.2017 &#8211; relevant Seite 3<\/a><\/em><\/span><strong><br \/>\n<\/strong><\/span><\/p>\n","protected":false},"excerpt":{"rendered":"<p>Sie sind Eltern der 2. und 3. Grundschulklasse? Beteiligen Sie sich auf jeden Fall an der Elternumfrage! You don&#8217;t understand\u00a0 the questionnaire in german? Here you find some informations: Informations in english Geben Sie Ihren Fragebogen vollst\u00e4ndig + ausgef\u00fcllt ab! Positionieren Sie sich bei Frage 3 eindeutig! Die Frageb\u00f6gen werden am 5.7.2017 im Sitzungssaal des &hellip; <\/p>\n<p class=\"link-more\"><a href=\"https:\/\/hauptsache-realbleiben.de\/?page_id=355\" class=\"more-link\"><span class=\"screen-reader-text\">\u201eDie Elternumfrage &#8211; Abgabe bis zum 3.7.\u201c<\/span> weiterlesen<\/a><\/p>\n","protected":false},"author":1,"featured_media":0,"parent":0,"menu_order":0,"comment_status":"closed","ping_status":"closed","template":"","meta":{"footnotes":""},"class_list":["post-355","page","type-page","status-publish","hentry"],"_links":{"self":[{"href":"https:\/\/hauptsache-realbleiben.de\/index.php?rest_route=\/wp\/v2\/pages\/355","targetHints":{"allow":["GET"]}}],"collection":[{"href":"https:\/\/hauptsache-realbleiben.de\/index.php?rest_route=\/wp\/v2\/pages"}],"about":[{"href":"https:\/\/hauptsache-realbleiben.de\/index.php?rest_route=\/wp\/v2\/types\/page"}],"author":[{"embeddable":true,"href":"https:\/\/hauptsache-realbleiben.de\/index.php?rest_route=\/wp\/v2\/users\/1"}],"replies":[{"embeddable":true,"href":"https:\/\/hauptsache-realbleiben.de\/index.php?rest_route=%2Fwp%2Fv2%2Fcomments&post=355"}],"version-history":[{"count":51,"href":"https:\/\/hauptsache-realbleiben.de\/index.php?rest_route=\/wp\/v2\/pages\/355\/revisions"}],"predecessor-version":[{"id":653,"href":"https:\/\/hauptsache-realbleiben.de\/index.php?rest_route=\/wp\/v2\/pages\/355\/revisions\/653"}],"wp:attachment":[{"href":"https:\/\/hauptsache-realbleiben.de\/index.php?rest_route=%2Fwp%2Fv2%2Fmedia&parent=355"}],"curies":[{"name":"wp","href":"https:\/\/api.w.org\/{rel}","templated":true}]}}