{"id":27,"date":"2017-02-21T13:59:01","date_gmt":"2017-02-21T12:59:01","guid":{"rendered":"https:\/\/nas-bitf7.fritz.box\/wordpress\/?page_id=27"},"modified":"2022-10-17T17:49:30","modified_gmt":"2022-10-17T16:49:30","slug":"ueber-mich","status":"publish","type":"page","link":"https:\/\/hauptsache-realbleiben.de\/?page_id=27","title":{"rendered":"Wer sind &#8222;wir&#8220;? (Flyer)"},"content":{"rendered":"<p>Wir sind Eltern der Hermann-Leeser-Schule, der Kardinal-von-Galen-Schule und anderer D\u00fclmener Schulen sowie einige D\u00fclmener B\u00fcrger, die f\u00fcr den Erhalt der Schulen ihrer und der nachfolgenden Kinder k\u00e4mpfen!<\/p>\n<p><img loading=\"lazy\" decoding=\"async\" class=\"alignnone size-medium wp-image-271\" src=\"http:\/\/hauptsache-realbleiben.de\/wp-content\/uploads\/2017\/02\/Aktionsbuendnis-300x155.jpg\" alt=\"\" width=\"300\" height=\"155\" srcset=\"https:\/\/hauptsache-realbleiben.de\/wp-content\/uploads\/2017\/02\/Aktionsbuendnis-300x155.jpg 300w, https:\/\/hauptsache-realbleiben.de\/wp-content\/uploads\/2017\/02\/Aktionsbuendnis-768x396.jpg 768w, https:\/\/hauptsache-realbleiben.de\/wp-content\/uploads\/2017\/02\/Aktionsbuendnis-1024x529.jpg 1024w\" sizes=\"auto, (max-width: 300px) 100vw, 300px\" \/><\/p>\n<p>Am 22.02.2017 gr\u00fcndeten wir unser Aktionsb\u00fcndnis<br \/>\nund starteten unsere Kampagne, die Schulen zu erhalten.<br \/>\nDenn die Entscheidungen, die jetzt bez\u00fcglich der Sekundarschule fallen werden, werden nicht nur die jetzigen Sch\u00fcler der beiden Schulen treffen, sondern alle folgenden und zuk\u00fcnftigen Sch\u00fcler egal welcher Schulform.<br \/>\nDie Schulwelt D\u00fclmens wird um einiges \u00e4rmer.<\/p>\n<p><span style=\"color: #000080;\"><strong>Der Beschluss zur Errichtung einer Sekundarschule war noch nicht getroffen. Die Elternbefragung zur Bedarfsermittlung zeigte, dass nur 142 von 862\u00a0Eltern ihr Kind in der neuzugr\u00fcndenden Sekundarschule anmelden w\u00fcrden. Die g\u00fcltige (&#8222;initiierte&#8220;) Unterschriftenaktion unserer B\u00fcrgerinitiative wurde anerkannt und erwirkte einen B\u00fcrgerentscheid, der am 1.10.2017 ein \u00e4hnliches Bild wie bei der Bedarfsermittlung zeigte: Gut 73% der W\u00e4hler wollten keine Sekundarschule, nur 27% bef\u00fcrworteten sie. Im Gegensatz zur Bedarfermittlung ben\u00f6tigte der Entscheid eine einfache Mehrheit: Die Mehrheit der (sich am Entscheid beteiligten) D\u00fclmener w\u00e4hlten die Sekundarschule ab. Dieser Entscheid hat 2 Jahre G\u00fcltigkeit. Theoretisch k\u00f6nnte die Diskussion um eine m\u00f6gliche Sekundarschule 2019 wieder auf dem Programm stehen.<\/strong><\/span><\/p>\n<p><span style=\"color: #007bc2;\"><strong>An alle Grundschul-Eltern<\/strong><\/span><br \/>\nIhr plant einen Elternstammtisch? Wir kommen gerne und erz\u00e4hlen euch von unserem Aktionsb\u00fcndnis. Ganz zwanglos, ganz belanglos, einfach zum Austausch. Meldet euch einfach \u00fcber die unten angegebene Email-Adresse.<\/p>\n<p><span style=\"color: #ff0000;\"><strong>Der B\u00fcrgerentscheid<\/strong><\/span><br \/>\nDa wir mit unserer Unterschriftensammlung erfolgreich waren und 3700 Unterschriften sammeln konnten, wurde damit die Basis f\u00fcr einen B\u00fcrgerentscheid gelegt. Die &#8222;Bedarfsermittlung&#8220; (Elternbefragung) ist <span style=\"text-decoration: underline;\">in der Hochrechnung<\/span> positiv ausgefallen. H\u00e4tte der B\u00fcrgerentscheid keine Sperrfrist, w\u00fcrde jetzt \u00fcber die Errichtung der Sekundarschule beschlossen und das h\u00e4tte das vorzeitige Anmeldeverfahren im Januar 2018 zur Folge.<br \/>\nNun d\u00fcrfen alle D\u00fclmener B\u00fcrger am<strong> 01. Oktober 2017<\/strong> \u00fcber die Frage<br \/>\n<strong>&#8222;Soll in D\u00fclmen keine Sekundarschule eingerichtet werden&#8220;<\/strong> abstimmen.<br \/>\nWer keine Sekundarschule will &#8211; der muss diese Frage bejahen!<br \/>\n<span style=\"color: #ff0000; font-size: 14pt;\"><strong>&#8222;Ja, ich stimme zu, ich will keine Sekundarschule&#8220;<\/strong><\/span><\/p>\n<p><span style=\"color: #000080;\"><strong>Sie interessieren sich f\u00fcr unseren Flyer?<\/strong><\/span><br \/>\nBitte bedienen Sie sich:<\/p>\n<p><a href=\"http:\/\/hauptsache-realbleiben.de\/wp-content\/uploads\/2017\/02\/Flyer-Hauptsache-realbleiben.pdf\">Flyer: Hauptsache-real bleiben (pdf)<\/a><\/p>\n<p>)<img loading=\"lazy\" decoding=\"async\" class=\"alignnone size-medium wp-image-505\" src=\"http:\/\/hauptsache-realbleiben.de\/wp-content\/uploads\/2017\/03\/Flyer-300x146.gif\" alt=\"\" width=\"300\" height=\"146\" srcset=\"https:\/\/hauptsache-realbleiben.de\/wp-content\/uploads\/2017\/03\/Flyer-300x146.gif 300w, https:\/\/hauptsache-realbleiben.de\/wp-content\/uploads\/2017\/03\/Flyer-768x374.gif 768w, https:\/\/hauptsache-realbleiben.de\/wp-content\/uploads\/2017\/03\/Flyer-1024x499.gif 1024w\" sizes=\"auto, (max-width: 300px) 100vw, 300px\" \/><\/p>\n<p><strong>Wenn Sie uns anderweitig personell oder finanziell unterst\u00fctzen wollen, <\/strong><br \/>\nnehmen Sie Kontakt mit uns auf. Sie erreichen uns \u00fcber die Email-Adresse: <a href=\"mailto:Kontakt@hauptsache-realbleiben.de\">Kontakt@hauptsache-realbleiben.de<\/a><\/p>\n<p>Weitere Unterst\u00fctzer:<\/p>\n<p><a href=\"https:\/\/www.mehr-demokratie.de\/\">Mehr Demokratie e.V.<\/a><\/p>\n<p><a href=\"http:\/\/www.elternverein-nrw.de\/\">Elternverein NRW<\/a> auch auf <a href=\"https:\/\/de-de.facebook.com\/elternNRW\/?_fb_noscript=1\">facebook &#8211; der Elternverein \u00fcber aktuelle Geschehnisse in der Schulpolitik<\/a><br \/>\n<a href=\"http:\/\/eltern-fuer-eine-gute-schule.de\/\">Initiative &#8222;Eltern f\u00fcr eine gute Schule&#8220;<\/a><\/p>\n","protected":false},"excerpt":{"rendered":"<p>Wir sind Eltern der Hermann-Leeser-Schule, der Kardinal-von-Galen-Schule und anderer D\u00fclmener Schulen sowie einige D\u00fclmener B\u00fcrger, die f\u00fcr den Erhalt der Schulen ihrer und der nachfolgenden Kinder k\u00e4mpfen! Am 22.02.2017 gr\u00fcndeten wir unser Aktionsb\u00fcndnis und starteten unsere Kampagne, die Schulen zu erhalten. Denn die Entscheidungen, die jetzt bez\u00fcglich der Sekundarschule fallen werden, werden nicht nur die &hellip; <\/p>\n<p class=\"link-more\"><a href=\"https:\/\/hauptsache-realbleiben.de\/?page_id=27\" class=\"more-link\"><span class=\"screen-reader-text\">\u201eWer sind &#8222;wir&#8220;? (Flyer)\u201c<\/span> weiterlesen<\/a><\/p>\n","protected":false},"author":1,"featured_media":0,"parent":0,"menu_order":0,"comment_status":"closed","ping_status":"closed","template":"","meta":{"footnotes":""},"class_list":["post-27","page","type-page","status-publish","hentry"],"_links":{"self":[{"href":"https:\/\/hauptsache-realbleiben.de\/index.php?rest_route=\/wp\/v2\/pages\/27","targetHints":{"allow":["GET"]}}],"collection":[{"href":"https:\/\/hauptsache-realbleiben.de\/index.php?rest_route=\/wp\/v2\/pages"}],"about":[{"href":"https:\/\/hauptsache-realbleiben.de\/index.php?rest_route=\/wp\/v2\/types\/page"}],"author":[{"embeddable":true,"href":"https:\/\/hauptsache-realbleiben.de\/index.php?rest_route=\/wp\/v2\/users\/1"}],"replies":[{"embeddable":true,"href":"https:\/\/hauptsache-realbleiben.de\/index.php?rest_route=%2Fwp%2Fv2%2Fcomments&post=27"}],"version-history":[{"count":20,"href":"https:\/\/hauptsache-realbleiben.de\/index.php?rest_route=\/wp\/v2\/pages\/27\/revisions"}],"predecessor-version":[{"id":1660,"href":"https:\/\/hauptsache-realbleiben.de\/index.php?rest_route=\/wp\/v2\/pages\/27\/revisions\/1660"}],"wp:attachment":[{"href":"https:\/\/hauptsache-realbleiben.de\/index.php?rest_route=%2Fwp%2Fv2%2Fmedia&parent=27"}],"curies":[{"name":"wp","href":"https:\/\/api.w.org\/{rel}","templated":true}]}}