{"id":183,"date":"2017-02-26T15:30:50","date_gmt":"2017-02-26T14:30:50","guid":{"rendered":"https:\/\/nas-bitf7.fritz.box\/wordpress\/?page_id=183"},"modified":"2022-11-08T18:16:09","modified_gmt":"2022-11-08T17:16:09","slug":"impressum-2","status":"publish","type":"page","link":"https:\/\/hauptsache-realbleiben.de\/?page_id=183","title":{"rendered":"Impressum"},"content":{"rendered":"<p>Angaben gem\u00e4\u00df \u00a7 5 TMG<\/p>\n<p>Ralf Schmidt<br \/>\nDanziger Stra\u00dfe 101<br \/>\n48249 D\u00fclmen<\/p>\n<p>Kontakt:<br \/>\nE-Mail: <a href=\"mailto:Kontakt@hauptsache-realbleiben.de\">Kontakt@hauptsache-realbleiben.de<\/a><br \/>\nVerantwortlich f\u00fcr den Inhalt nach \u00a7 55 Abs. 2 RStV<\/p>\n<p>Ralf Schmidt<\/p>\n","protected":false},"excerpt":{"rendered":"<p>Angaben gem\u00e4\u00df \u00a7 5 TMG Ralf Schmidt Danziger Stra\u00dfe 101 48249 D\u00fclmen Kontakt: E-Mail: Kontakt@hauptsache-realbleiben.de Verantwortlich f\u00fcr den Inhalt nach \u00a7 55 Abs. 2 RStV Ralf Schmidt<\/p>\n","protected":false},"author":1,"featured_media":0,"parent":0,"menu_order":0,"comment_status":"closed","ping_status":"closed","template":"","meta":{"footnotes":""},"class_list":["post-183","page","type-page","status-publish","hentry"],"_links":{"self":[{"href":"https:\/\/hauptsache-realbleiben.de\/index.php?rest_route=\/wp\/v2\/pages\/183","targetHints":{"allow":["GET"]}}],"collection":[{"href":"https:\/\/hauptsache-realbleiben.de\/index.php?rest_route=\/wp\/v2\/pages"}],"about":[{"href":"https:\/\/hauptsache-realbleiben.de\/index.php?rest_route=\/wp\/v2\/types\/page"}],"author":[{"embeddable":true,"href":"https:\/\/hauptsache-realbleiben.de\/index.php?rest_route=\/wp\/v2\/users\/1"}],"replies":[{"embeddable":true,"href":"https:\/\/hauptsache-realbleiben.de\/index.php?rest_route=%2Fwp%2Fv2%2Fcomments&post=183"}],"version-history":[{"count":2,"href":"https:\/\/hauptsache-realbleiben.de\/index.php?rest_route=\/wp\/v2\/pages\/183\/revisions"}],"predecessor-version":[{"id":1664,"href":"https:\/\/hauptsache-realbleiben.de\/index.php?rest_route=\/wp\/v2\/pages\/183\/revisions\/1664"}],"wp:attachment":[{"href":"https:\/\/hauptsache-realbleiben.de\/index.php?rest_route=%2Fwp%2Fv2%2Fmedia&parent=183"}],"curies":[{"name":"wp","href":"https:\/\/api.w.org\/{rel}","templated":true}]}}