{"id":148,"date":"2017-02-25T21:47:50","date_gmt":"2017-02-25T20:47:50","guid":{"rendered":"https:\/\/nas-bitf7.fritz.box\/wordpress\/?page_id=148"},"modified":"2018-06-15T20:27:27","modified_gmt":"2018-06-15T19:27:27","slug":"infos-2","status":"publish","type":"page","link":"https:\/\/hauptsache-realbleiben.de\/?page_id=148","title":{"rendered":"Infos allgemein"},"content":{"rendered":"<p><a href=\"http:\/\/initiative-unterrichtsqualitaet.de\/\">Initiative Unterrichtsqualit\u00e4t<\/a><br \/>\n<span style=\"font-size: 10pt;\">Aktuelle Schulleistungsvergleiche lassen keinen Zweifel: In vielen Bundesl\u00e4ndern zeigen sich an den systemischen \u00dcbergangsstellen (Grundschulende, Mittlerer Schulabschluss und Abitur) teilweise gravierende Kompetenzdefizite der Sch\u00fcler \u2013 Tendenz steigend. Zudem fordert uns bundesweit die nur schlanke \u201eLeistungsspitze\u201c sowie ein erheblicher Anteil an \u201eRisikosch\u00fclern\u201c heraus&#8230;. Besuchen Sie die o.g. Seite<\/span><\/p>\n<p>Blick \u00fcber den Tellerrand: <a href=\"http:\/\/www.ggg-nrw.de\/webpage\/index.php\/aktuelle-pressebeitraege\/anmeldung\">GGG NRW Schulentwicklung und Bildungspolitik<\/a><\/p>\n<p>19.02.2018 (Ministerin Gebauer) <a href=\"https:\/\/www.schulministerium.nrw.de\/docs\/bp\/Ministerium\/Presse\/Pressemitteilungen\/2018_17_LegPer\/PM20180219_Erlass_OGS\/index.html\">Erlass f\u00fcr mehr Flexibilit\u00e4t in der offenen Ganztagsschule tritt in Kraft<\/a><\/p>\n<p>05.02.2018 (rp-Online) <a href=\"http:\/\/www.rp-online.de\/nrw\/landespolitik\/nrw-schulministerin-yvonne-gebauer-erwaegt-rueckkehr-zum-verbindlichen-grundschulgutachten-aid-1.7368926\">Lehrer w\u00fcnschen sich Grundschul-Gutachten zur\u00fcck<\/a><\/p>\n<p>30.01.2018 (Welt+) <a href=\"https:\/\/www.welt.de\/politik\/deutschland\/article172943782\/Pisa-Sonderauswertung-Sozial-benachteiligte-Schueler-holen-auf.html\"> Pisa-Sonderauswertung: Sozial benachteiligte Sch\u00fcler holen auf<\/a> <span style=\"color: #ff0000;\"><strong>ABER:<\/strong> <a style=\"color: #ff0000;\" href=\"https:\/\/bildung-wissen.eu\/fachbeitraege\/die-verhuellung-durch-statistik-um-damit-politik-zu-machen.html\">Die Verh\u00fcllung durch Statistik, um damit Politik zu machen<\/a> <\/span><\/p>\n<p>29.1.18 (GBW) <a href=\"https:\/\/bildung-wissen.eu\/fachbeitraege\/nebelkerzen-statt-aufklaerung.html\">Nebelkerzen statt Aufkl\u00e4rung<\/a> Zum Thema Digitalisierung der Schule &#8230; der Einsatz wie und wo sollte gut \u00fcberlegt sein!<\/p>\n<p>28.01.18 (n-TV) <a href=\"https:\/\/www.n-tv.de\/wissen\/Zu-viel-Internet-macht-Teenager-ungluecklich-article20255340.html\">Zu viel Internet macht Teenager ungl\u00fccklich<\/a><\/p>\n<p>Streitschriften zur Bildung (Jochen Krautz) <a href=\"http:\/\/hauptsache-realbleiben.de\/wp-content\/uploads\/2018\/02\/20150622_streit1-kompetenzen.pdf\">Kompetenzorientierung vernachl\u00e4ssigt die Inhalte und senkt das Bildungsniveau.<\/a><\/p>\n<p>05.12.17: <a href=\"https:\/\/www.welt.de\/debatte\/kommentare\/article171299231\/Armutszeugnis-fuer-den-Ort-radikaler-Bildungsreformen.html\"> Grundschulen Armutszeugnis: f\u00fcr den Ort radikaler Bildungsreformen <\/a><br \/>\n27.11.17 <a href=\"https:\/\/www.welt.de\/debatte\/kommentare\/article170983581\/Nach-Gehoea-schraibm-raicht-einfach-nich.html\">Nach Geh\u00f6a schraibm raicht einfach nich<\/a> \ud83d\ude09<br \/>\n(25.08.17)<a href=\"https:\/\/www.welt.de\/politik\/deutschland\/article167990438\/Politiker-wissen-nicht-was-sie-da-versprechen.html\"> Bildungspolitik \u201ePolitiker wissen nicht, was sie da versprechen\u201c <\/a><\/p>\n<p>03.01.2018 (rp-online) <a href=\"http:\/\/www.rp-online.de\/nrw\/landespolitik\/nrw-schulministerin-yvonne-gebauer-ueber-die-qualitaet-an-schulen-aid-1.7297630\">&#8222;Das Niveau ist gesunken&#8220;<\/a> Besser werden &#8211; h\u00e4tte Schulministerin Yvonne Gebauer einen guten Vorsatz f\u00fcr den Unterricht in NRW im Jahr 2018 zu formulieren, w\u00e4re das wohl seine k\u00fcrzeste Version.<\/p>\n<p>03.01.2018 (rp-online) <a href=\"http:\/\/www.rp-online.de\/nrw\/landespolitik\/nrw-schulministerin-will-zweite-fremdsprache-ab-klasse-7-aid-1.7297339\">NRW-Ministerin will zweite Fremdsprache erst ab Klasse 7<\/a> Das hat auch Folgen in anderen weiterf\u00fchrenden Schulen. Somit wird die 2.Fremdsprache raus aus der Erprobungsstufe genommen und Neigungsf\u00e4cher starten erst wieder ab der 8. Klasse. Das bedeutet auch: mehr Zeit zum Lernen f\u00fcr alle Sch\u00fcler &#8211; egal welcher Schulform!<\/p>\n<p>27.11.2017 (rp-online) <a href=\"http:\/\/www.rp-online.de\/nrw\/landespolitik\/sanierungsstau-in-nrw-schulen-benoetigen-milliarden-aid-1.7229087\">Sanierungsstau in NRW: Schulen ben\u00f6tigen Milliarden<\/a><\/p>\n<p>15.11.2017 Schulministerin Gebauer auf Reisen:<br \/>\n(Kirche + Leben) <a href=\"https:\/\/www.kirche-und-leben.de\/artikel\/nrw-schulministerin-gebauer-will-mehr-digitale-bildung\/\">NRW-Schulministerin Gebauer will mehr digitale Bildung<\/a><br \/>\n(Die Glocke) Kreis Warendorf <a href=\"http:\/\/Yvonne Gebauer \u00fcberzeugt auf Schloss Loburg\">Frau Gebazer auf Schloss Loburg<\/a><\/p>\n<p>21.11.2017 <a href=\"http:\/\/www.news4teachers.de\/2017\/11\/sekundarschulen-drohen-schliessungen-oder-umwandlungen-gew-chefin-schaefer-warnt-sie-sind-unverzichtbar\/\">Sekundarschulen drohen Schlie\u00dfungen oder Umwandlungen<\/a><\/p>\n<p>14.11.2017 (dz-online nrw) <a href=\"http:\/\/www.dzonline.de\/NRW\/3054542-Kabinett-Abkehr-vom-Turbo-Abi-in-NRW\">Abkehr vom \u00abTurbo-Abi\u00bb in NRW<\/a><br \/>\n(Bildungsportal) <a href=\"https:\/\/www.schulministerium.nrw.de\/docs\/Schulpolitik\/G8-G9\/index.html\">Weiterentwicklung des Gymnasiums (G8\/ G9)<\/a><\/p>\n<p>30.01.2017 (RP-online) <a href=\"http:\/\/www.rp-online.de\/politik\/sekundarschulen-in-not-aid-1.6569288\">Analyse: Sekundarschulen in Not<\/a><\/p>\n<p>13.05.2016 schon etwas \u00e4lter, aber auch Gronau-Epe beantragte eine Umwandlung <a href=\"http:\/\/www.wn.de\/Muensterland\/Kreis-Borken\/Gronau\/2016\/05\/2370073-Eltern-fordern-die-Umwandlung-der-Sekundarschule-in-eine-Gesamtschule-Buerger-machen-Druck\">Eltern fordern die Umwandlung der Sekundarschule in eine Gesamtschule<\/a><\/p>\n<p>08.09.2017 <a href=\"https:\/\/www.schulministerium.nrw.de\/docs\/bp\/Ministerium\/Presse\/Hintergrundinformationen\/Mindestgroessenverordnung-Foerderschulen\/index.html\">Mindestgr\u00f6\u00dfenverordnung f\u00fcr die F\u00f6rderschulen<\/a> <strong>Die neue Schulministerin Frau Gebauer hilft beim Bestand der<\/strong> F\u00f6rderschulen.<\/p>\n<p><a href=\"https:\/\/www.schulministerium.nrw.de\/docs\/bp\/Ministerium\/Presse\/Pressemitteilungen\/2017_17_LegPer\/PM20170814_Abiturergebnisse\/index.html\">Abiturergebnisse<\/a><a href=\"https:\/\/www.schulministerium.nrw.de\/docs\/bp\/Ministerium\/Presse\/Pressemitteilungen\/2017_17_LegPer\/PM20170814_Abiturergebnisse\/index.html\"> 2017<\/a> Die Ergebnisse auf den Gesamtschulen sehen aber nicht so toll aus &#8230; <strong><br \/>\n<\/strong><\/p>\n<p>26.07.2017(WAZ) <a href=\"https:\/\/www.waz.de\/politik\/schreiben-nach-hoeren-das-sagen-eltern-und-lehrer-zum-aus-id211369993.html\">Das sagen Eltern und Lehrer zum Thema &#8222;Schreiben nach H\u00f6ren&#8220;<\/a><\/p>\n<p>04.12.2016 (Frankfurter Allgemeine) <a href=\"http:\/\/www.faz.net\/aktuell\/beruf-chance\/campus\/ueberlastete-kinder-mogelpackung-ganztagsschule-14552821.html\">Mogelpackung Ganztagsschule<\/a><\/p>\n<p>31.08.2017<br \/>\n<a href=\"https:\/\/www.schulministerium.nrw.de\/docs\/Schulpolitik\/index.html\">Schulminiterium NRW<\/a>: <strong>Schulpolitik Zahlen und Fakten!!!<\/strong><br \/>\n<a href=\"https:\/\/www.schulministerium.nrw.de\/docs\/bp\/Ministerium\/Presse\/Pressekonferenzen\/2017\/2017_08_25-Pressegespraech\/Statistikfolien-zum-Schuljahr-2017_18.pdf\">Statistikfolien zum Schuljahr 2017\/2018<\/a><br \/>\n<a href=\"https:\/\/www.schulministerium.nrw.de\/docs\/bp\/Ministerium\/Presse\/Pressekonferenzen\/2017\/2017_08_25-Pressegespraech\/Entwicklung-der-Schuelerzahlen.pdf\">Entwicklung der Sch\u00fclerzahlen<\/a><\/p>\n<p><span style=\"font-size: 10pt;\">Wenn Sie mehr wissen wollen, schauen Sie sich die Aussagen der Schulministerin an und die aktuellen Statistikdaten zum Schuljahr 2017\/18 auf der <a href=\"https:\/\/www.schulministerium.nrw.de\/docs\/Schulpolitik\/index.html\">Webseite des Schulministeriums.<\/a><\/span><\/p>\n<p>03.07.2017 Da wird man fast wehm\u00fctig: <a href=\"http:\/\/www.wn.de\/Muensterland\/Kreis-Warendorf\/Ahlen\/2890771-Entlassfeier-der-Staedtischen-Realschule-Die-letzten-Realschul-Ritter\">\u201eDie letzten Realschul-Ritter\u201c<\/a> In Ahlen wurden die letzten Realsch\u00fcler entlassen &#8211; ein St\u00fcck Schulgeschichte geht in Ahlen zu ende. Nicht nur in Ahlen &#8211; auch in 42 weiteren St\u00e4dten u.a. Ascheberg, in der eine 149j\u00e4hrige \u00c4ra zuende geht.<\/p>\n<p>Clearing House TUM <a href=\"https:\/\/www.clearinghouse.edu.tum.de\/produkte\/\">Kurzreviews im \u00dcberblick<\/a><br \/>\nViele Studien und Auswertungen rund um Schule, Lernen, Lehren und deren Effizienz.<\/p>\n<p>20.07.2017 (BildungsKlick) <a href=\"https:\/\/bildungsklick.de\/schule\/meldung\/kooperation-statt-gegenseitiges-abwerben-von-lehrkraeften\/\">Stichwort fehlende Lehrkr\u00e4fte<\/a><br \/>\n16.07.2017 (BildungsKlick) <a href=\"https:\/\/bildungsklick.de\/schule\/meldung\/der-mensch-beginnt-nicht-beim-abitur\/\">Der Mensch beginnt nicht beim Abitur<\/a><\/p>\n<p><span style=\"color: #008000;\">Ganz frisch: <\/span><a href=\"http:\/\/www.tresselt.de\/aktuell.htm\">Aktuelles aus dem Lehreralltag<\/a><\/p>\n<p><span style=\"color: #008000;\">Frankfurt:<\/span> <a href=\"http:\/\/www.fnp.de\/lokales\/frankfurt\/Sorgen-um-Hauptschueler;art675,1408504\">Zusammenlegung von Haupt- und Realschulen:<\/a><\/p>\n<p><span style=\"color: #008000;\">Aachen macht&#8217;s vor:<\/span> <a href=\"http:\/\/www.aachener-zeitung.de\/lokales\/nordkreis\/realschulen-bieten-bald-hauptschulzweige-an-1.1542850\">Realschulen bieten bald Hauptschulzweige an<\/a><\/p>\n<p>04.07.2017 <a href=\"http:\/\/www.wn.de\/Muenster\/2893628-Schul-Experten-zur-Ausgestaltung-des-Ganztags-Eltern-wollen-flexible-Betreuung\">Eltern wollen flexible Betreuung<\/a><\/p>\n<p>(BildungsKlick) <a href=\"https:\/\/bildungsklick.de\/schule\/meldung\/neun-antraege-auf-neue-sekundar-und-gesamtschulen-zum-schuljahr-201718\/\">Antr\u00e4ge im Schuljahr 2017\/2018<\/a><br \/>\n\u2022 Antr\u00e4ge auf Errichtung einer Sekundarschulen: 1 (Arnsberg)<br \/>\n\u2022 Antr\u00e4ge auf Gesamtschulen: 8<br \/>\n\u2022 Seit dem Schuljahr 2016\/17 bieten insgesamt f\u00fcnf Realschulen einen Hauptschulbildungsgang an.<\/p>\n<p>28.06.2017 (Radio Kiepenkerl) <a href=\"http:\/\/www.radiokiepenkerl.de\/index.php?id=1232&amp;L=2&amp;tx_news_pi1%5Bnews%5D=38777&amp;tx_news_pi1%5Bcontroller%5D=News&amp;tx_news_pi1%5Baction%5D=detail&amp;cHash=18e832827746062461f6241dc9a7477e\">Immer mehr Betriebe k\u00f6nnen Lehrstellen nicht besetzen<\/a> Betriebe nehmen Studienabbrecher ins Visier? Sie beklagen, dass manche Sch\u00fcler nicht richtig rechnen k\u00f6nnen. Was l\u00e4uft hier falsch in unserem Bildungssystem? Sollte man sich vielleicht mal den Lehrplan vornehmen, um wieder Sch\u00fcler auszubilden, die die auch noch ganz normal rechnen und schreiben k\u00f6nnen?<\/p>\n<p>11.06.2017 <a href=\"http:\/\/www.wn.de\/Muensterland\/Kreis-Coesfeld\/Nottuln\/2854864-2.-Nottulner-Bildungsforum-Schulsystem-stets-umstritten\"> 2. Nottulner Bildungsforum: Schulsystem stets umstritten <\/a><br \/>\nHochkar\u00e4tige Referenten durchleuchten das Schulsystem in Bezug auf Unter- und \u00dcberforderung. Interessant f\u00fcr jeden, der sich mit Bildung besch\u00e4ftigt.<\/p>\n<p>(09.06.2017) <a href=\"http:\/\/www.dzonline.de\/Duelmen\/2850109-Bildungsrat-fordert-Sachlichkeit-Rote-Karte-fuer-FDP-Kampagne\">Bildungsrat fordert Sachlichkeit<\/a><br \/>\nEine Schule mit 1000 Sch\u00fclern ist eine Herausforderung f\u00fcr jeden: f\u00fcr Sch\u00fcler, f\u00fcr Lehrer und vor allem der Schulleitung. Ob eine &#8222;kleinteilige&#8220; Betreuung \u00fcber die Jahrgangsflure\/-abteilungen des Neubaus realisierbar ist, bleibt noch dahin gestellt, denn das Geb\u00e4ude muss erstmal stehen. Das wird es in ca 5 Jahren (Baubeginn in ca 2 Jahren, Bauzeit 2-3 Jahre) Solange gilt: aus dem Provisorium einer Sekundarschule das beste machen.<br \/>\n<em>(Zitat) &#8222;Sekundarschulen seien vielmehr dort erfolgreich, wo diese nicht mit Gesamtschulen, die auch die Oberstufe anbieten, in Konkurrenz st\u00fcnden.&#8220;<br \/>\n<\/em>Sie sind dort erfolgreich, wo sie ein <span style=\"text-decoration: underline;\">Alleinstellungsmerkmal<\/span> haben und man als Eltern keine alternative, weiterf\u00fchrende Schule als die Sekundarschule hat, wenn sein Kind keine Gymnasialempfehlung\u00a0 hat. (s. LH, s. Vreden). Aber selbst Billerbeck, Ascheberg, Drensteinfurt, Legden k\u00e4mpft, selbst in Nottuln wandern Sch\u00fcler ab. Die Realschulen, die noch existieren, boomen gerade\u00a0 neben den installierten Sekundarschulen &#8211; warum wohl?<\/p>\n<p>01.06.2017 (Stadt D\u00fclmen) <a href=\"http:\/\/www.duelmen.de\/1020.html?&amp;tx_ttnews%5Btt_news%5D=3643&amp;cHash=066680c5b4e3b2ee1484d8636d7e7cad\">D\u00fclmener Eltern besuchen die Sekundarschule in Vreden<\/a><\/p>\n<p>01.03.2017) <a href=\"http:\/\/www.lehrerverband.de\/presse_chancenspiegel_2017html.html\">Lehrerverband zur j\u00fcngsten \u201eBildungsstudie\u201c der Bertelsmann Stiftung<\/a><br \/>\nWir haben hier im Gegensatz zu Finnland eine nur 6% Jugendarbeitslosigkeit!<br \/>\nJugendliche, die \u00fcber andere Wege als \u00fcber das Gymnasium eine Studienberechtigung erlangen &#8211; dank unseres offenen dreigliedrigen Schulsystems!<\/p>\n<p>Sekundarschule Legden:<br \/>\n27.02.2017: <a href=\"http:\/\/www.sekundarschule-legden-rosendahl.de\/magazin\/artikel.php?artikel=555&amp;type=2&amp;menuid=101&amp;topmenu=2\">Nur 47 Anmeldungen<\/a><br \/>\n&#8230; bei der\u00a0 <a href=\"http:\/\/www.radiokiepenkerl.de\/nachrichten\/lokalnachrichten\/single\/news\/bezirksregierung-genehmigt-sekundarschule-legden-rosendahl\/?tx_news_pi1%5Bcontroller%5D=News&amp;tx_news_pi1%5Baction%5D=detail&amp;cHash=c137c721b24dc9ec926573307f4cc07e\">2013 genehmigten\u00a0 <\/a>Sekundarschule Legden\/Rosenthal<\/p>\n<p><span style=\"color: #000000;\">03.05.2017:<\/span> Dorstener Zeitung: <a href=\"http:\/\/mobil.dorstenerzeitung.de\/staedte\/legden\/Mehr-Anmeldungen-an-Ahauser-Realschule-Sorge-um-Sekundarschulen;art973,3269282\">Sorge um Sekundarschule<\/a><br \/>\nStichwort &#8222;Schultourismus&#8220;:<br \/>\n<em>Zitat: &#8222;W\u00e4hrend die vier B\u00fcrgermeister in ihren Orten r\u00fcckl\u00e4ufige Anmeldungen beobachten, ist die Zahl der ausw\u00e4rtigen Anmeldungen an der Anne-Frank-(Real)Schule um 21 Sch\u00fcler gestiegen.&#8220;<br \/>\n<span style=\"font-size: 10pt;\">(Gemeint sind die Sekundarschulen in Heek, Legden und Sch\u00f6ppingen.)<\/span><\/em><\/p>\n<p>08.03.2017<br \/>\nMan findet immer wieder interessante Artikel &#8230;<br \/>\n<a href=\"http:\/\/www.morgenweb.de\/mannheimer-morgen_artikel,-debatte-brauchen-wir-eine-bildungspolitische-revolte-herr-kraus-_arid,1028746.html\">Brauchen wir eine bildungspolitische Revolte?<\/a><br \/>\n<span style=\"font-size: 10pt;\"><em>Wer mehr lesen m\u00f6chte:<br \/>\nJosef Kraus, <a href=\"http:\/\/www.lehrerverband.de\/aktuell_Kraus_Bildungsnation.html\">Wie man eine Bildungsnation an die Wand f\u00e4hrt: Und was Eltern jetzt wissen m\u00fcssen\u00a0<\/a><\/em><\/span><span style=\"font-size: 8pt;\"><em> (ISBN-13: 978-3776628029 Preis: 22,-\u20ac)<\/em><\/span><\/p>\n<p>01.07.2016<br \/>\n<a href=\"http:\/\/www.cdu-coesfeld.de\/lokal_1_1_562_Taetigkeit-der-Arbeitsgruppe-Schule-beendet.html\">Coesfeld: T\u00e4tigkeit der Arbeitsgruppe \u201eSchule\u201c beendet<\/a><br \/>\nDie CDU in Coesfeld ist f\u00fcr den Erhalt aller Schulen und sieht keinen Bedarf an einer \u00c4nderungen im Schulsystem.<\/p>\n<p>15.04.2016<br \/>\nWestf\u00e4lische Nachrichten vor einem Jahr: <a href=\"http:\/\/www.wn.de\/Muensterland\/Kreis-Steinfurt\/Greven\/2332078-Ueberblick-Sekundarschulen-im-Muensterland-Hui-und-pfui\">Sekundarschulen im M\u00fcnsterland: Hui und pfui <\/a><br \/>\nEin Vergleich der Sekundarschulen in Nottuln, L\u00fcdinghausen, Ascheberg, Roxel, Drensteinfurt, Rheine, Mesum und Neuenkirchen.<br \/>\nDer Kommentar dazu <a href=\"http:\/\/www.wn.de\/Muensterland\/Kreis-Steinfurt\/Greven\/2332080-Kommentar-zur-Sekundarschule-Risiken-abwaegen\">Risiken abw\u00e4gen<\/a><\/p>\n<p>Ministerium f\u00fcr Schule und Weiterbildung NRW:<br \/>\n<a href=\"https:\/\/www.schulministerium.nrw.de\/docs\/Schulsystem\/Schulformen\/Sekundarschule\/Leitfaden_Sekundarschule.pdf\">Leitfaden f\u00fcr Schulen und f\u00fcr Gemeinden, die eine Sekundarschule errichten wollen <\/a><br \/>\n<span style=\"font-size: 10pt;\">Zitat Seite 9:<em> &#8222;<\/em><\/span><span style=\"font-size: 10pt;\"><em>Es ist davon auszugehen, dass in gr\u00f6\u00dferen Gemeinden <\/em><\/span><span style=\"font-size: 10pt;\"><em>auch bei Errichtung einer <\/em><\/span><span style=\"font-size: 10pt;\"><em>Sekundarschule andere Schulformen weiterhin Bestand <\/em><\/span><span style=\"font-size: 10pt;\"><em>haben. Es ist davon <\/em><\/span><span style=\"font-size: 10pt;\"><em>abzuraten, eine Sekundarschule ausschlie\u00dflich auf d<\/em><\/span><span style=\"font-size: 10pt;\"><em>er Basis existenzgef\u00e4hrdeter <\/em><\/span><span style=\"font-size: 10pt;\"><em>Hauptschulstandorte zu bilden. Damit w\u00fcrde der gew\u00fc<\/em><\/span><span style=\"font-size: 10pt;\"><em>nschte Effekt, die <\/em><\/span><span style=\"font-size: 10pt;\"><em>Sekundarschule als wohnortnahes, umfassendes Angebo<\/em><\/span><span style=\"font-size: 10pt;\"><em>t f\u00fcr gemeinsames Lernen <\/em><\/span><span style=\"font-size: 10pt;\"><em>einzurichten, verfehlt. (&#8230;)<\/em><\/span><span style=\"font-size: 10pt;\"><em> Als eine Schule, die lediglich die Funkt<\/em><\/span><span style=\"font-size: 10pt;\"><em>ion hat, Kinder aufzunehmen, die an <\/em><\/span><span style=\"font-size: 10pt;\"><em>bestehenden Realschulen oder Gymnasien keine Chance <\/em><\/span><span style=\"font-size: 10pt;\"><em>haben, w\u00fcrde sie <\/em><\/span><span style=\"font-size: 10pt;\"><em>mittelfristig unter den gleichen Effekten leiden wi<\/em><\/span><span style=\"font-size: 10pt;\"><em>e zurzeit die Hauptschulen.&#8220;<\/em><\/span><\/p>\n<p>13.04.2017<br \/>\n<a href=\"https:\/\/www.duelmen.de\/db\/ratsinfo\/vo0050.php?__kvonr=2004020720&amp;search=1\">Einwohnerfragestunde &#8230; Antworten f\u00fcr den F\u00f6rderverein der Hermann-Leeser-Schule<\/a><br \/>\nDer F\u00f6rderverein der Hermann-Leeser-Schule sorgt sich um die Fortf\u00fchrung des Fachunterrichts sowie der \u00dcbermittagbetreuung, sollte es zum Umbau zu einer Sekundarschule kommen. Hier hat er die Antwort bekommen.<br \/>\nAu\u00dferdem wurde nach der Arbeitsgemeinschaft gefragt, die aktuell f\u00fcr das Konzept der neuzugr\u00fcndenden, m\u00f6glichen Sekundarschule verantwortlich ist.<br \/>\n<a href=\"http:\/\/hauptsache-realbleiben.de\/wp-content\/uploads\/2017\/02\/070_2017_Gesamtvorlage-2-Einwohnerfragestunde.pdf\">Gesamtvorlage zur Einwohnerfragestunde am 27.04.2017<\/a> <span style=\"font-size: 10pt;\">(pdf-Datei)<\/span><\/p>\n<p>15.03.2017<br \/>\n<a href=\"http:\/\/www.berliner-kurier.de\/berlin\/kiez---stadt\/versetzung-akut-gefaehrdet--keine-guten-noten-fuer-berlins-schulreform--26201790\">Berliner Kurier: Versetzung akut gef\u00e4hrdest: Keine guten Noten f\u00fcr Berlins Schulreform<\/a><br \/>\nZwar einiges entfernt, aber auch exemplarisch&#8230;<\/p>\n<p>05.04.2017<br \/>\n<a href=\"http:\/\/www.radiosauerland.de\/sauerland\/lokalnachrichten\/lokalnachrichten\/article\/-461f9416da.html\">Radio Sauerland: fehlende Anmeldezahlen in Olsberg-Bestwig<\/a><br \/>\nInteressant, dass viele Eltern die privaten Realschulen bevorzugen<br \/>\nund nur durch Werbung Sekundarschulen \u00fcberleben k\u00f6nnen.<\/p>\n<p>05.04.2017<br \/>\n<a href=\"http:\/\/www.rp-online.de\/nrw\/staedte\/rheinberg\/cdu-kaempft-fuer-die-sekundarschule-aid-1.6732144\">Gemeindeverband Alpen: CDU k\u00e4mpft um die Sekundarschulen<\/a><br \/>\nNur 2- statt 3-z\u00fcgig? Wird der Einstieg in die Sekundarschule vereinfacht, damit eine Schule k\u00fcnstlich als &#8222;gewollt&#8220; eingestuft werden kann?<\/p>\n<p><strong>Thema: Lehrer<\/strong><br \/>\n<a href=\"https:\/\/www.schulministerium.nrw.de\/docs\/LehrkraftNRW\/Arbeitsmarkt\/Prognosen.pdf\">Prognosen zum Lehrerkraftbedarf NRW<\/a><br \/>\nQuelle: Ministerium f\u00fcr Schule und Weiterbildung NRW<br \/>\nInteressant f\u00fcr Sekundarstufe I: Seite 10 <em>ff<br \/>\n<\/em><\/p>\n<p><a href=\"http:\/\/www.tresselt.de\/einstellung.htm\">Tresselt: Lehrer-Einstellungen<\/a><\/p>\n<p>28.03.2017<br \/>\n<a href=\"https:\/\/www.lehrernrw.de\/presse\/pressemitteilungen\/artikel\/zu-viele-krankentage-zu-wenig-ressourcen.html\">LehrerNRW: Zu viele Krankentage, zu wenig Ressourcen<\/a><\/p>\n<p>21.02.2017<br \/>\n<a href=\"https:\/\/www.lehrernrw.de\/presse\/pressemitteilungen\/artikel\/klever-schulstreit-ist-weckruf-an-die-politik.html\">LehrerNRW: Klever Schulstreit ist Weckruf an die Politik<\/a><\/p>\n<p>07.02.2017<br \/>\n<a href=\"http:\/\/www.rp-online.de\/nrw\/landespolitik\/lehrermangel-in-nrw-schulministerium-holt-pensionaere-zurueck-aid-1.6589576\">NRW-Schulministerium holt Pension\u00e4re zur\u00fcck<\/a><\/p>\n<p><span style=\"font-size: 12pt;\"><a href=\"https:\/\/www.lehrernrw.de\/presse\/karikaturen.html\">LehrerNRW:\u00a0 Karikaturen. Wundert\u00fcten! Jetzt zugreifen!<br \/>\n<\/a><\/span><\/p>\n<p><strong>Thema: Schulbildung<\/strong><br \/>\nEin interessanter WDR-Beitrag vom 08.03.2017<br \/>\nzum Thema Bildungspolitik: <a href=\"http:\/\/www1.wdr.de\/verbraucher\/abitur-nrw-104.html\">Unbedingt Abi! Muss das sein?<br \/>\n<\/a>Der sehenswerte Filmbeitrag dazu: <a href=\"http:\/\/www1.wdr.de\/mediathek\/video\/sendungen\/markt\/video-gegen-den-strich-kein-abi-mehr-fuer-jeden-100.html\">Gegen den Strich: Kein Abi f\u00fcr jeden<\/a><\/p>\n<p><strong>Thema: Sekundarschule<\/strong><br \/>\n18.10.2016<br \/>\n(Neue Westf\u00e4lische)<br \/>\n<a href=\"http:\/\/www.nw.de\/nachrichten\/regionale_politik\/20950395_Interesse-an-Sekundarschulen-sinkt-im-Land-NRW.html\">Interesse an Sekundarschulen sinkt im Land NRW<\/a><\/p>\n<p>29.08.2016<br \/>\nSchulkonsens in NRW (Deutschlandfunk)<br \/>\n<a href=\"http:\/\/www.deutschlandfunk.de\/schulkonsens-in-nrw-studie-sekundarschulen-sind-gescheitert.680.de.html?dram:article_id=364389\">Studie: Sekundarschulen sind gescheitert<\/a><\/p>\n<p>25.08.2016 (WDR-Nachrichten)<br \/>\n<a href=\"http:\/\/www1.wdr.de\/nachrichten\/landespolitik\/sekundarschulen-nrw-100.html\">Studie sagt Scheitern der Sekundarschule voraus<\/a><\/p>\n<p>Paul Tresselt zeigt die Entwicklung der Sekundarschule auf:<br \/>\n<a href=\"http:\/\/www.tresselt.de\/sekundarschule.htm\">Sekundarschule und Schulentwicklung in Nordrhein-Westfalen<\/a><br \/>\n<span style=\"font-size: 8pt;\">(letzter Eintrag M\u00e4rz 2017)<\/span><\/p>\n<p>Infos bez\u00fcglich Sch\u00fclerzahlen: Wer wechselt wohin&#8230;.<br \/>\n<a href=\"http:\/\/hauptsache-realbleiben.de\/wp-content\/uploads\/2017\/02\/Abschulung_2012-2017.pdf\">Abschulungen der SJ 2012\/13 &#8211; 2016\/17 diff. nach Grundschulempfehlungen<\/a><\/p>\n<p>&nbsp;<\/p>\n<p>&nbsp;<\/p>\n","protected":false},"excerpt":{"rendered":"<p>Initiative Unterrichtsqualit\u00e4t Aktuelle Schulleistungsvergleiche lassen keinen Zweifel: In vielen Bundesl\u00e4ndern zeigen sich an den systemischen \u00dcbergangsstellen (Grundschulende, Mittlerer Schulabschluss und Abitur) teilweise gravierende Kompetenzdefizite der Sch\u00fcler \u2013 Tendenz steigend. Zudem fordert uns bundesweit die nur schlanke \u201eLeistungsspitze\u201c sowie ein erheblicher Anteil an \u201eRisikosch\u00fclern\u201c heraus&#8230;. Besuchen Sie die o.g. Seite Blick \u00fcber den Tellerrand: GGG NRW &hellip; <\/p>\n<p class=\"link-more\"><a href=\"https:\/\/hauptsache-realbleiben.de\/?page_id=148\" class=\"more-link\"><span class=\"screen-reader-text\">\u201eInfos allgemein\u201c<\/span> weiterlesen<\/a><\/p>\n","protected":false},"author":1,"featured_media":0,"parent":0,"menu_order":0,"comment_status":"closed","ping_status":"closed","template":"","meta":{"footnotes":""},"class_list":["post-148","page","type-page","status-publish","hentry"],"_links":{"self":[{"href":"https:\/\/hauptsache-realbleiben.de\/index.php?rest_route=\/wp\/v2\/pages\/148","targetHints":{"allow":["GET"]}}],"collection":[{"href":"https:\/\/hauptsache-realbleiben.de\/index.php?rest_route=\/wp\/v2\/pages"}],"about":[{"href":"https:\/\/hauptsache-realbleiben.de\/index.php?rest_route=\/wp\/v2\/types\/page"}],"author":[{"embeddable":true,"href":"https:\/\/hauptsache-realbleiben.de\/index.php?rest_route=\/wp\/v2\/users\/1"}],"replies":[{"embeddable":true,"href":"https:\/\/hauptsache-realbleiben.de\/index.php?rest_route=%2Fwp%2Fv2%2Fcomments&post=148"}],"version-history":[{"count":77,"href":"https:\/\/hauptsache-realbleiben.de\/index.php?rest_route=\/wp\/v2\/pages\/148\/revisions"}],"predecessor-version":[{"id":1583,"href":"https:\/\/hauptsache-realbleiben.de\/index.php?rest_route=\/wp\/v2\/pages\/148\/revisions\/1583"}],"wp:attachment":[{"href":"https:\/\/hauptsache-realbleiben.de\/index.php?rest_route=%2Fwp%2Fv2%2Fmedia&parent=148"}],"curies":[{"name":"wp","href":"https:\/\/api.w.org\/{rel}","templated":true}]}}