{"id":1404,"date":"2017-10-12T21:11:14","date_gmt":"2017-10-12T20:11:14","guid":{"rendered":"http:\/\/hauptsache-realbleiben.de\/?page_id=1404"},"modified":"2017-10-12T21:16:39","modified_gmt":"2017-10-12T20:16:39","slug":"zukunftsarbeit","status":"publish","type":"page","link":"https:\/\/hauptsache-realbleiben.de\/?page_id=1404","title":{"rendered":"Zukunftsarbeit"},"content":{"rendered":"<p style=\"text-align: center;\">&#8222;Besch\u00e4ftigt mit der Suche nach Besserem<br \/>\n\u00fcbersehen wir gar zu oft, was wir an Gutem schon alles haben.&#8220;<br \/>\n<em class=\"autor_text\"><a class=\"autorlink\" title=\"Nichtkommerzielle Verwendung des Spruches mit Autorenangabe ausdr\u00fccklich erlaubt\" href=\"https:\/\/www.spruch-archiv.com\/autor\/3218-Lilli-U.-Kressner\/\">Lilli U. Kre\u00dfner<\/a><\/em><\/p>\n<p>Alle sagen es: &#8222;Die Hauptschule als auch die Realschule leisten gute Arbeit.&#8220; Aber trotzdem wollten sie alle diese beiden Schulen abschaffen, weil sie glaubten, in der Sekundarschulform etwas besseres zu sehen.<br \/>\nNun haben die D\u00fclmener B\u00fcrger dar\u00fcber entschieden, dass es so bleibt wie es ist. Damit die D\u00fclmener Schulen insbesondere unsere letzte Hauptschule auch weiter funktionieren kann und in ihrer Arbeit auch wieder gewertsch\u00e4tzt wird, ist es dringend erforderlich, dass wir sie zukunftsstark machen.<\/p>\n<p>So fragen wir uns schon lange: Warum wird f\u00fcr diese Schule keine \u00d6ffentlichkeitsarbeit gemacht? Warum wird f\u00fcr sie nicht so geworben wie f\u00fcr die Sekundarschule? Denn sie hat bereits die 60-Min-Stunden, sie hat engagierte Lehrer, die ihre Sch\u00fcler bis zu 10. Klasse begleiten, sie unterst\u00fctzen und ihnen Hilfen anbieten, sie hat differenzierte E- und G-Kurse, sie hat eine Holzwerkstatt und eine Schulk\u00fcche. Anf\u00e4nglich hat sie kleine Klassen in der Erprobungsstufe, diese werden ab der 7 aber gr\u00f6\u00dfer, weil dann erfahrungsgem\u00e4\u00df die Sch\u00fcler zu ihr wechseln, die auf der anderen Schulform \u00fcberfordert waren. Wieviele Sch\u00fcler entdecken dort den Spa\u00df am Lernen, weil sie endlich in dem Tempo lernen d\u00fcrfen, das zu ihnen passt? Sie hat Ganztag und AGs.<\/p>\n<p><a href=\"http:\/\/duelmenblog.medienmobile.de\/2017\/09\/sekundarschule-abgewaehlt-und-nun\/\">Sekundarschule abgew\u00e4hlt: und nun?<\/a><br \/>\nWir sind uns durchaus bewu\u00dft, dass jetzt die Arbeit erst anf\u00e4ngt. Es war nicht einzig die Sekundarschulform, die uns gest\u00f6rt hat, es war der anvisierte und unzureichende Schulstandort an der Hermann-Leeser-Realschule und vor allem die Gr\u00f6\u00dfe, die das p\u00e4dagogische Konzept laut Aussagen etlicher P\u00e4dagogen v\u00f6llig \u00fcberfordert h\u00e4tte. Wir hatten nicht Angst vor dem Neuen, sondern vor den Folgen: f\u00fcr D\u00fclmen und seine Sch\u00fclerinnen und Sch\u00fcler<\/p>\n<p>Darum sagen wir jetzt: Packen wir&#8217;s an:<br \/>\n<strong>Was k\u00f6nnen wir tun, um unsere Hauptschule zukunftsf\u00e4hig zu machen?<\/strong> Das m\u00fcssen uns nicht die Stadtobersten sagen. Hier sollten Eltern mit einbezogen werden, Lehrer, Sch\u00fcler, Betriebe.<br \/>\nAscheberg ist wieder ein St\u00fcck weiter:\u00a0 <a href=\"http:\/\/www.wn.de\/Muensterland\/Kreis-Coesfeld\/Ascheberg\/2017\/04\/2785049-Zukunftswerkstatt-sammelt-hochwertige-Vorschlaege-fuer-Ascheberg-Ideen-fuer-starke-Schule-vor-Ort\">Ideen f\u00fcr starke Schule vor Ort<\/a><\/p>\n<p><strong>Wir w\u00fcnschten uns eine Art &#8222;Zukunftsforum&#8220;.<\/strong><br \/>\nWas hat unsere Hauptschule schon, was braucht sie noch?<br \/>\nAber das schaffen wir nicht allein, dazu brauchen wir den Austausch mit direkt betroffenen Lehrern, Eltern, Sch\u00fclern.<br \/>\nLa\u00dft uns zusammen an den Tisch setzen und uns eine wertvolle und vor allem anerkannte Hauptschule schaffen.<br \/>\n\u2022 Kooperationen oder Projekte mit anderen Schulen &#8211; warum nicht?<br \/>\n\u2022 \u00c4ltere helfen J\u00fcngere: Lernscouts, die j\u00fcngeren bei den Hausaufgaben helfen (funktioniert seit einigen Jahren an der Hermann hervorragend)<br \/>\n\u2022 Teilnahme an <a href=\"https:\/\/www.starkeschule.de\/\">&#8222;Starke Schule&#8220;<\/a> <em>(<a href=\"http:\/\/www.starkeschule.de\/fileadmin\/user_upload\/170118_StarkeSchule_Brosch_web.pdf\">PDF zur Brosch\u00fcre<\/a>)<\/em><\/p>\n<p><strong>Melden Sie sich &#8211; machen Sie Vorschl\u00e4ge &#8211; geben Sie Input!<\/strong><br \/>\nWir ziehen alle am gleichen Strang, denn wir wollen, dass unsere Kinder eine gute Schule haben und sp\u00e4ter in ihrem Leben zufrieden sind.<\/p>\n<p>Unsere Hauptsch\u00fcler m\u00fcssen sich nicht verstecken, sie sind mitten unter uns. Sie m\u00fcssen sich nicht sch\u00e4men, denn in ein paar Jahren werden wir sie in der Arbeitswelt und in vielen Lebensbereichen antreffen. Dann fragt keiner mehr, auf welcher Schule man war. Jedes Kind ist wertvoll, denn es ist unsere Zukunft.<\/p>\n","protected":false},"excerpt":{"rendered":"<p>&#8222;Besch\u00e4ftigt mit der Suche nach Besserem \u00fcbersehen wir gar zu oft, was wir an Gutem schon alles haben.&#8220; Lilli U. Kre\u00dfner Alle sagen es: &#8222;Die Hauptschule als auch die Realschule leisten gute Arbeit.&#8220; Aber trotzdem wollten sie alle diese beiden Schulen abschaffen, weil sie glaubten, in der Sekundarschulform etwas besseres zu sehen. Nun haben die &hellip; <\/p>\n<p class=\"link-more\"><a href=\"https:\/\/hauptsache-realbleiben.de\/?page_id=1404\" class=\"more-link\"><span class=\"screen-reader-text\">\u201eZukunftsarbeit\u201c<\/span> weiterlesen<\/a><\/p>\n","protected":false},"author":1,"featured_media":0,"parent":0,"menu_order":0,"comment_status":"closed","ping_status":"closed","template":"","meta":{"footnotes":""},"class_list":["post-1404","page","type-page","status-publish","hentry"],"_links":{"self":[{"href":"https:\/\/hauptsache-realbleiben.de\/index.php?rest_route=\/wp\/v2\/pages\/1404","targetHints":{"allow":["GET"]}}],"collection":[{"href":"https:\/\/hauptsache-realbleiben.de\/index.php?rest_route=\/wp\/v2\/pages"}],"about":[{"href":"https:\/\/hauptsache-realbleiben.de\/index.php?rest_route=\/wp\/v2\/types\/page"}],"author":[{"embeddable":true,"href":"https:\/\/hauptsache-realbleiben.de\/index.php?rest_route=\/wp\/v2\/users\/1"}],"replies":[{"embeddable":true,"href":"https:\/\/hauptsache-realbleiben.de\/index.php?rest_route=%2Fwp%2Fv2%2Fcomments&post=1404"}],"version-history":[{"count":3,"href":"https:\/\/hauptsache-realbleiben.de\/index.php?rest_route=\/wp\/v2\/pages\/1404\/revisions"}],"predecessor-version":[{"id":1408,"href":"https:\/\/hauptsache-realbleiben.de\/index.php?rest_route=\/wp\/v2\/pages\/1404\/revisions\/1408"}],"wp:attachment":[{"href":"https:\/\/hauptsache-realbleiben.de\/index.php?rest_route=%2Fwp%2Fv2%2Fmedia&parent=1404"}],"curies":[{"name":"wp","href":"https:\/\/api.w.org\/{rel}","templated":true}]}}