{"id":1396,"date":"2017-10-12T20:16:26","date_gmt":"2017-10-12T19:16:26","guid":{"rendered":"http:\/\/hauptsache-realbleiben.de\/?page_id=1396"},"modified":"2017-10-12T20:22:06","modified_gmt":"2017-10-12T19:22:06","slug":"alles-rund-ums-buergerbegehren","status":"publish","type":"page","link":"https:\/\/hauptsache-realbleiben.de\/?page_id=1396","title":{"rendered":"Archiv"},"content":{"rendered":"<p>Unser B\u00fcrgerbegehren startete im M\u00e4rz 2017 und endete im Juni. Am 1.OKt. 2017 fand der B\u00fcrgerentscheid statt, den wir \u00e4u\u00dferst positiv f\u00fcr uns entscheiden konnten. Aber nun geht die &#8222;Arbeit&#8220; weiter.<br \/>\nDamit unsere Seite wieder etwas strukturierter wird und wir neue Themen anfangen k\u00f6nnen, hinterlegen wir hier nun alle wichtigen Themen als Archiv.<\/p>\n","protected":false},"excerpt":{"rendered":"<p>Unser B\u00fcrgerbegehren startete im M\u00e4rz 2017 und endete im Juni. Am 1.OKt. 2017 fand der B\u00fcrgerentscheid statt, den wir \u00e4u\u00dferst positiv f\u00fcr uns entscheiden konnten. Aber nun geht die &#8222;Arbeit&#8220; weiter. Damit unsere Seite wieder etwas strukturierter wird und wir neue Themen anfangen k\u00f6nnen, hinterlegen wir hier nun alle wichtigen Themen als Archiv.<\/p>\n","protected":false},"author":1,"featured_media":0,"parent":0,"menu_order":0,"comment_status":"closed","ping_status":"closed","template":"","meta":{"footnotes":""},"class_list":["post-1396","page","type-page","status-publish","hentry"],"_links":{"self":[{"href":"https:\/\/hauptsache-realbleiben.de\/index.php?rest_route=\/wp\/v2\/pages\/1396","targetHints":{"allow":["GET"]}}],"collection":[{"href":"https:\/\/hauptsache-realbleiben.de\/index.php?rest_route=\/wp\/v2\/pages"}],"about":[{"href":"https:\/\/hauptsache-realbleiben.de\/index.php?rest_route=\/wp\/v2\/types\/page"}],"author":[{"embeddable":true,"href":"https:\/\/hauptsache-realbleiben.de\/index.php?rest_route=\/wp\/v2\/users\/1"}],"replies":[{"embeddable":true,"href":"https:\/\/hauptsache-realbleiben.de\/index.php?rest_route=%2Fwp%2Fv2%2Fcomments&post=1396"}],"version-history":[{"count":3,"href":"https:\/\/hauptsache-realbleiben.de\/index.php?rest_route=\/wp\/v2\/pages\/1396\/revisions"}],"predecessor-version":[{"id":1400,"href":"https:\/\/hauptsache-realbleiben.de\/index.php?rest_route=\/wp\/v2\/pages\/1396\/revisions\/1400"}],"wp:attachment":[{"href":"https:\/\/hauptsache-realbleiben.de\/index.php?rest_route=%2Fwp%2Fv2%2Fmedia&parent=1396"}],"curies":[{"name":"wp","href":"https:\/\/api.w.org\/{rel}","templated":true}]}}