{"id":1168,"date":"2017-08-15T14:23:21","date_gmt":"2017-08-15T13:23:21","guid":{"rendered":"http:\/\/hauptsache-realbleiben.de\/?page_id=1168"},"modified":"2017-10-01T09:43:10","modified_gmt":"2017-10-01T08:43:10","slug":"unser-ja-zum-nein","status":"publish","type":"page","link":"https:\/\/hauptsache-realbleiben.de\/?page_id=1168","title":{"rendered":"Unser &#8222;Ja&#8220; zum &#8222;Nein&#8220;"},"content":{"rendered":"<p>Oder warum wir keine Sekundarschule wollen:<\/p>\n<ol>\n<li><strong>Knapp 75%<\/strong> der befragten Grundschuleltern w\u00fcrden ihr Kind nicht an der Sekundarschule anmelden:<br \/>\n<img loading=\"lazy\" decoding=\"async\" class=\"alignnone wp-image-1157 size-full\" src=\"http:\/\/hauptsache-realbleiben.de\/wp-content\/uploads\/2017\/07\/Kuchen-Ausschnitt.jpg\" alt=\"\" width=\"576\" height=\"339\" srcset=\"https:\/\/hauptsache-realbleiben.de\/wp-content\/uploads\/2017\/07\/Kuchen-Ausschnitt.jpg 576w, https:\/\/hauptsache-realbleiben.de\/wp-content\/uploads\/2017\/07\/Kuchen-Ausschnitt-300x177.jpg 300w\" sizes=\"auto, (max-width: 576px) 100vw, 576px\" \/><br \/>\n<span style=\"font-size: 8pt;\"><em>Die offiziellen Zahlen finden Sie unter <a href=\"https:\/\/www.duelmen.de\/db\/ratsinfo\/si0040.php?__cjahr=2017&amp;__cmonat=7&amp;__canz=1&amp;__cselect=0\">Niederschrift der Sitzung am 6.7.2017 &#8211; Seite 10<\/a><\/em><\/span><br \/>\nEine Schule kann nur funktionieren, wenn sie die erforderliche Akzeptanz hat, dies ist hier nicht gegeben!<\/li>\n<li><strong>Der Standort<\/strong> bietet keinen ausreichenden Platz f\u00fcr eine 6z\u00fcgige Schule mit 900 &#8211; 1000 Sch\u00fclern <span style=\"font-size: 10pt;\"><em>(Link: <a href=\"http:\/\/hauptsache-realbleiben.de\/?page_id=769\">Standort Hermann-Leeser-Realschule und die Schulhoffl\u00e4che)<\/a><\/em><\/span><\/li>\n<li><strong>Der Ganztag<\/strong> entspricht nicht dem Elternwunsch nach flexiblen Betreuungszeiten. Zudem w\u00fcrden mit der Sekundarschule \u00fcber 55% aller D\u00fclmener Sch\u00fcler (CBG + Sek.S) im verpflichtenden Ganztag sein und damit &#8222;weg von der Stra\u00dfen&#8220; und allen Institutionen (Vereine, Arztpraxen, Therapeuten, freie Zeit)<\/li>\n<li><strong>Die Abschulung<\/strong> wird nicht verhindert, denn es gibt diese immer noch von den Gymnasien und der Marienrealschule. Es werden mehr Gymnasiasten abgeschult als Realsch\u00fcler!<\/li>\n<li><strong>&#8222;Mehr Lehrer&#8220;<\/strong> Auf Lehrerzuweisungen hat die Stadt D\u00fclmen keinen Einfluss, diese werden vom Land gestellt! Vor allem Sonderp\u00e4dagogen fehlen f\u00fcr diese inklusiven Klassen<\/li>\n<li><strong>Den Hauptschulabschluss<\/strong> wird es immer noch geben, denn es ist ein allgemeing\u00fcltiger Abschluss.<\/li>\n<li>Wer nicht zum Gymnasium gehen kann oder nicht bei der Marienrealschule angenommen wird, dem bleibt nur noch eine Schule hier in D\u00fclmen: Davon sind gut 40% aller D\u00fclmener Sch\u00fcler betroffen. Die Sekundarschule wird eine <strong>&#8222;Resteschule&#8220;<\/strong> sein &#8211; ungewollt!<\/li>\n<li><strong>Die Klassengr\u00f6\u00dfen<\/strong> von max. 25 Sch\u00fclern geh\u00f6rt zu den Rahmenbedingungen, <strong>hat aber keine Garantie<\/strong> &#8211; v.a. nicht bei gro\u00dfen Jahrg\u00e4ngen. Aktuell &#8222;rechnet&#8220; man mit<strong> 157 potentiellen Sch\u00fclern<\/strong> (JG 2018\/19) ohne die m\u00f6glichen Abschulungen ab Klasse 7 mit einzukalkulieren.<br \/>\nDie Klassengr\u00f6\u00dfen werden ab Klasse 7 anwachsen.<\/li>\n<li><strong>Das ist nichts f\u00fcr jedes Kind:<\/strong> Ganztag, eigenverantwortliches Lernen, Lernen in Gruppen oder in Anwesenheit anderer, kein Versetzungs&#8220;druck&#8220;. Es gibt Kinder, denen das sehr zu gute kommt. Es gibt aber auch welche, die von vornerherein oder sp\u00e4ter (z.B. Pubert\u00e4t) alles blocken &#8211; diesen ist immer noch nicht geholfen und werden die Gesamtheit st\u00f6ren. Aber mit der geplanten Sekundarschule wird 40% der Sch\u00fcler die Wahl genommen!<\/li>\n<li><strong>Inklusion in allen Klassen.<\/strong> Fragen Sie Sonderp\u00e4dagogen, Kinderpsychologen warnen &#8211; diese Kinder sind von den gro\u00dfen Klassen \u00fcberfordert: von den gro\u00dfen Klassen, den Selbstlernstunden, dem Ganztag. Grundschullehrer haben schon heute damit zu k\u00e4mpfen.<\/li>\n<li><strong>&#8222;Elternmitarbeit <\/strong>im Ganztagsbereich<strong> ist ausdr\u00fccklich gew\u00fcnscht.&#8220; <\/strong>Nicht, dass wir Eltern keinen Einsatz f\u00fcr die Erziehung unserer Kinder zeigen wollen, aber im Zeitalter, wo beide Eltern berufst\u00e4tig sind, wird es eine gro\u00dfe Herausforderung sein &#8211; f\u00fcr beide: Schulorganisation und aktive Eltern. Will man sich auf die Mitarbeit von Eltern verlassen, um den Ganztagsbereich zu organisieren?<\/li>\n<li><strong>Ob die Sekundarschule<\/strong> eine bessere Beschulung bietet, <strong>werden wir erst in 2 bis 3 Jahren erfahren,<\/strong> wenn 2018 die ersten Entlassjahrg\u00e4nge (von 2012) in die Oberstufe gewechselt haben oder in die Ausbildung gegangen sind. D\u00fclmen ist eigentlich in der komfortablen Lage, tats\u00e4chlich abwarten zu k\u00f6nnen, denn noch l\u00e4uft die Hauptschule stabil. Eine Pro-Entscheidung kann man erst machen, wenn man es belegbare Ergebnisse gibt &#8211; die haben wir noch nicht. Warum nicht noch warten?<\/li>\n<li><strong>Wenn Ausbildungsbetriebe<\/strong> \u00fcber mangelndes Wissen klagen, sollte man am Lehrplan etwas \u00e4ndern und ihn \u00fcberarbeiten, als eine Schulform zu installieren, <strong>die die aktuelle Landesregierung nicht mehr bevorzugt.<\/strong> Der Schulfrieden von 2011 hatte zum Ziel 200 Sekundarschulen zu errichten. Dieses Jahr geht die 118. (als einzige in NRW) an den Start und bisher sind keine weiteren Antr\u00e4ge bekannt. Akzeptanz sieht anders aus. Die Lehrerverb\u00e4nde sprechen der Sekundarschule keine Zukunft aus.<\/li>\n<li>Lehrerverb\u00e4nde sehen in der <strong>Sekundarschule keine Zukunft<\/strong>. F\u00fcr das Abitur muss trotzdem gewechselt werden.<br \/>\n<img loading=\"lazy\" decoding=\"async\" class=\"alignnone wp-image-1222 size-large\" src=\"http:\/\/hauptsache-realbleiben.de\/wp-content\/uploads\/2017\/08\/Ja-Plakate-A3-2-724x1024.jpg\" alt=\"\" width=\"525\" height=\"743\" srcset=\"https:\/\/hauptsache-realbleiben.de\/wp-content\/uploads\/2017\/08\/Ja-Plakate-A3-2-724x1024.jpg 724w, https:\/\/hauptsache-realbleiben.de\/wp-content\/uploads\/2017\/08\/Ja-Plakate-A3-2-212x300.jpg 212w, https:\/\/hauptsache-realbleiben.de\/wp-content\/uploads\/2017\/08\/Ja-Plakate-A3-2-768x1086.jpg 768w, https:\/\/hauptsache-realbleiben.de\/wp-content\/uploads\/2017\/08\/Ja-Plakate-A3-2.jpg 1240w\" sizes=\"auto, (max-width: 525px) 100vw, 525px\" \/><br \/>\nDie D\u00fclmener Sekundarschule w\u00fcrde mit ihrer anvisierten 6-Z\u00fcgigkeit die allergr\u00f6\u00dfte in ganz NRW. Brauchen wir tats\u00e4chlich dieses &#8222;Aush\u00e4ngeschild&#8220;?<\/li>\n<\/ol>\n<p>&nbsp;<\/p>\n<p><span style=\"color: #000080;\"><strong>Wir hier in D\u00fclmen haben am 1. Oktober 2017 die Entscheidung in der Hand. Beim B\u00fcrgerentscheid entscheiden WIR, ob das eine &#8222;L\u00f6sung&#8220; f\u00fcr D\u00fclmen ist.<\/strong><\/span><br \/>\n<span style=\"color: #000080;\"><strong>Darum und auch um die \u00fcberstimmten (!!) Grundschuleltern zu unterst\u00fctzen, sollten wir alle zur Wahl gehen!<\/strong><\/span><\/p>\n<p><img loading=\"lazy\" decoding=\"async\" class=\"aligncenter size-medium wp-image-1086\" src=\"http:\/\/hauptsache-realbleiben.de\/wp-content\/uploads\/2017\/07\/Hauptsache-Ja-272x300.jpg\" alt=\"\" width=\"272\" height=\"300\" srcset=\"https:\/\/hauptsache-realbleiben.de\/wp-content\/uploads\/2017\/07\/Hauptsache-Ja-272x300.jpg 272w, https:\/\/hauptsache-realbleiben.de\/wp-content\/uploads\/2017\/07\/Hauptsache-Ja-768x847.jpg 768w, https:\/\/hauptsache-realbleiben.de\/wp-content\/uploads\/2017\/07\/Hauptsache-Ja-928x1024.jpg 928w, https:\/\/hauptsache-realbleiben.de\/wp-content\/uploads\/2017\/07\/Hauptsache-Ja.jpg 1088w\" sizes=\"auto, (max-width: 272px) 100vw, 272px\" \/><\/p>\n","protected":false},"excerpt":{"rendered":"<p>Oder warum wir keine Sekundarschule wollen: Knapp 75% der befragten Grundschuleltern w\u00fcrden ihr Kind nicht an der Sekundarschule anmelden: Die offiziellen Zahlen finden Sie unter Niederschrift der Sitzung am 6.7.2017 &#8211; Seite 10 Eine Schule kann nur funktionieren, wenn sie die erforderliche Akzeptanz hat, dies ist hier nicht gegeben! Der Standort bietet keinen ausreichenden Platz &hellip; <\/p>\n<p class=\"link-more\"><a href=\"https:\/\/hauptsache-realbleiben.de\/?page_id=1168\" class=\"more-link\"><span class=\"screen-reader-text\">\u201eUnser &#8222;Ja&#8220; zum &#8222;Nein&#8220;\u201c<\/span> weiterlesen<\/a><\/p>\n","protected":false},"author":1,"featured_media":0,"parent":0,"menu_order":0,"comment_status":"closed","ping_status":"closed","template":"","meta":{"footnotes":""},"class_list":["post-1168","page","type-page","status-publish","hentry"],"_links":{"self":[{"href":"https:\/\/hauptsache-realbleiben.de\/index.php?rest_route=\/wp\/v2\/pages\/1168","targetHints":{"allow":["GET"]}}],"collection":[{"href":"https:\/\/hauptsache-realbleiben.de\/index.php?rest_route=\/wp\/v2\/pages"}],"about":[{"href":"https:\/\/hauptsache-realbleiben.de\/index.php?rest_route=\/wp\/v2\/types\/page"}],"author":[{"embeddable":true,"href":"https:\/\/hauptsache-realbleiben.de\/index.php?rest_route=\/wp\/v2\/users\/1"}],"replies":[{"embeddable":true,"href":"https:\/\/hauptsache-realbleiben.de\/index.php?rest_route=%2Fwp%2Fv2%2Fcomments&post=1168"}],"version-history":[{"count":22,"href":"https:\/\/hauptsache-realbleiben.de\/index.php?rest_route=\/wp\/v2\/pages\/1168\/revisions"}],"predecessor-version":[{"id":1360,"href":"https:\/\/hauptsache-realbleiben.de\/index.php?rest_route=\/wp\/v2\/pages\/1168\/revisions\/1360"}],"wp:attachment":[{"href":"https:\/\/hauptsache-realbleiben.de\/index.php?rest_route=%2Fwp%2Fv2%2Fmedia&parent=1168"}],"curies":[{"name":"wp","href":"https:\/\/api.w.org\/{rel}","templated":true}]}}