{"id":107,"date":"2017-02-25T17:41:54","date_gmt":"2017-02-25T16:41:54","guid":{"rendered":"https:\/\/nas-bitf7.fritz.box\/wordpress\/?page_id=107"},"modified":"2018-10-20T10:56:15","modified_gmt":"2018-10-20T09:56:15","slug":"die-kaddi","status":"publish","type":"page","link":"https:\/\/hauptsache-realbleiben.de\/?page_id=107","title":{"rendered":"Die &#8222;Kaddi&#8220;"},"content":{"rendered":"<p><img loading=\"lazy\" decoding=\"async\" class=\"alignnone size-medium wp-image-277\" src=\"http:\/\/hauptsache-realbleiben.de\/wp-content\/uploads\/2017\/03\/Kaddi-flyer-300x141.jpg\" alt=\"\" width=\"300\" height=\"141\" srcset=\"https:\/\/hauptsache-realbleiben.de\/wp-content\/uploads\/2017\/03\/Kaddi-flyer-300x141.jpg 300w, https:\/\/hauptsache-realbleiben.de\/wp-content\/uploads\/2017\/03\/Kaddi-flyer-768x361.jpg 768w, https:\/\/hauptsache-realbleiben.de\/wp-content\/uploads\/2017\/03\/Kaddi-flyer.jpg 1004w\" sizes=\"auto, (max-width: 300px) 100vw, 300px\" \/><\/p>\n<p><strong><span style=\"font-size: 14pt; color: #008000;\">Der Direkte Link zur Aktuellen Seite der Schule:<\/span><br \/>\n<span style=\"font-size: 14pt; color: #008000;\"><a style=\"color: #008000;\" href=\"http:\/\/www.kvg.duelmen.org\/index.php?option=com_content&amp;view=article&amp;id=67&amp;Itemid=62\">&#8222;Aktuelles&#8220;<\/a><\/span> <\/strong>Viele interessante Beitr\u00e4ge zum Schulleben.<strong><br \/>\n<\/strong><\/p>\n<p>Auch in diesem Schuljahr 2018\/19 sind mehr als 50 Sch\u00fcler an dieser Schule gestartet.<br \/>\nNachdem der Schulrektor Herr Mannefeld und die Konrektorin Frau Hinsenhofen <span style=\"font-size: 10pt;\">(DZ 10.7.18 <\/span><a href=\"https:\/\/www.dzonline.de\/Duelmen\/3390094-Abschied-von-Udo-Mannefeld-und-Barbara-Hinsenhofen-Ein-Traumpaar-geht-von-Bord\"><span style=\"font-size: 10pt;\">Ein Traumpaar geht von Bord)<\/span><\/a> verabschiedet sind, \u00fcbernimmt Frau Levermann die kommissarische Leitung.<\/p>\n<p>29.06.2018 <a href=\"https:\/\/www.dzonline.de\/Duelmen\/3367818-Kardinal-von-Galen-Hauptschule-Wenn-sich-neue-Tueren-oeffnen\">&#8222;Wenn sich neue T\u00fcren \u00f6ffnen&#8220;<\/a> Entlassung 2018<\/p>\n<p><strong><span style=\"color: #ff0000;\">Die Kardinal-von-Galen-Hauptschule muss erhalten bleiben, weil &#8230;<\/span><br \/>\n<\/strong><\/p>\n<ul>\n<li>die Klassen klein sind (&lt;25)<\/li>\n<li><strong>in diesem Jahr <\/strong>(SJ 2017\/18)<strong> 49 Kinder an der Kaddi starten! Sie l\u00e4uft stabil!<br \/>\n<\/strong><\/li>\n<li>f\u00e4cher\u00fcbergreifender Unterricht erteilt wird<\/li>\n<li>die LRS-F\u00f6rderung und der F\u00f6rderunterricht, <span style=\"color: #ff0000;\">qualifiziert, erprobt und individuell gestaltet<\/span> wird<\/li>\n<li>Inklusion seit 4 Jahren ein fester Bestandteil ist<\/li>\n<li>es keine 2. Fremdsprache ab Klasse 6 gibt, aber als AG erm\u00f6glicht werden kann<\/li>\n<li>das Zeitraster von <span style=\"color: #ff0000;\">60 Minuten<\/span> einen ruhigeren Unterricht erm\u00f6glicht<\/li>\n<li>es keine Hausaufgaben gibt (au\u00dfer Vokabeln lernen)<\/li>\n<li>teilweise der Unterricht mit zwei Lehrkr\u00e4ften (Sonderp\u00e4dagogen) erteilt wird<\/li>\n<li>das Unterrichtsfach \u201cErwachsen werden\u201d in den Klassen 5 bis 8 die soziale Kompetenz, Kritik- und Reflekionsf\u00e4higkeit f\u00f6rdert<\/li>\n<li>die F\u00e4cher <span style=\"color: #ff0000;\">Technik, Informatik, Biologie, Hauswirtschaft und Wirtschaftslehre<\/span> fit f\u00fcr den Beruf machen<\/li>\n<li>die Fahrradwerkstatt Hilfe zur Selbsthilfe gibt<\/li>\n<li>eine Sch\u00fclerfirma den Pausenkiosk unterh\u00e4lt<\/li>\n<li><span style=\"color: #ff0000;\">enge Kooperationen<\/span> zur Jugendberufshilfe, Arbeitsagentur, BIZ und D\u00fclmener Betrieben bestehen<\/li>\n<li>es eingehende und praktische Hilfen bei der Berufsorientierung und -findung gibt<\/li>\n<li>engagierte Lehrer bei der sozialen und beruflichen Entwicklung unterst\u00fctzen<\/li>\n<li>der Ganztagsbereich super organisiert und die Mensa einfach toll ist<\/li>\n<li>viele AG&#8217;s wie Theater, Kochen und Comic zeichnen angeboten werden<\/li>\n<li>die Lese-Oase ein ruhiges Pl\u00e4tzchen bietet<\/li>\n<li>regelm\u00e4\u00dfiger Gottesdienst stattfindet<\/li>\n<li>hier jede Sch\u00fclerin\/jeder Sch\u00fcler so angenommen wird, wie sie\/er ist, sie\/er soviel gef\u00f6rdert wird, wie n\u00f6tig, um den bestm\u00f6glichen Abschluss zu erreichen<\/li>\n<li><span style=\"color: #000000;\">sie die letzte von 3 Hauptschulen in D\u00fclmen ist<\/span><\/li>\n<\/ul>\n<p><span style=\"color: #008000; font-size: 14pt;\"><strong>Sie wollen die Hauptschule retten? Haben Ideen oder wollen einfach nur den Austausch?<br \/>\nSie sind nicht allein!<br \/>\nMelden Sie sich bei uns!<br \/>\nGemeinsam sind wir stark und k\u00f6nnen was bewirken!<\/strong><\/span><\/p>\n<p><a href=\"http:\/\/www.kvg.duelmen.org\/\">Der direkte Link zur Kardinal-von-Galen-Schule<\/a><\/p>\n<p>Hier finden Sie unter &#8222;Schulprogramm&#8220; auch das ABC-Darium mit allen wichtigen Informationen von Arbeitsgemeinschaften, \u00fcber Berufsorientierung, Fachr\u00e4ume und F\u00f6rderkonzept, Lernempfehlung, P\u00e4dagogische Fachkr\u00e4fte bis hin zum Zeugnis:<br \/>\n<a href=\"http:\/\/www.kvg.duelmen.org\/images\/stories\/ABC_Darium_der_KvG2016.pdf\">ABC-Darium der Kardinal-von-Galen-Hauptschule D\u00fclmen<\/a><\/p>\n<p><img loading=\"lazy\" decoding=\"async\" class=\"alignnone size-large wp-image-558\" src=\"http:\/\/hauptsache-realbleiben.de\/wp-content\/uploads\/2017\/02\/kaddi1-1024x463.jpg\" alt=\"\" width=\"525\" height=\"237\" srcset=\"https:\/\/hauptsache-realbleiben.de\/wp-content\/uploads\/2017\/02\/kaddi1-1024x463.jpg 1024w, https:\/\/hauptsache-realbleiben.de\/wp-content\/uploads\/2017\/02\/kaddi1-300x136.jpg 300w, https:\/\/hauptsache-realbleiben.de\/wp-content\/uploads\/2017\/02\/kaddi1-768x347.jpg 768w, https:\/\/hauptsache-realbleiben.de\/wp-content\/uploads\/2017\/02\/kaddi1.jpg 1600w\" sizes=\"auto, (max-width: 525px) 100vw, 525px\" \/> <img loading=\"lazy\" decoding=\"async\" class=\"alignnone wp-image-559 size-large\" src=\"http:\/\/hauptsache-realbleiben.de\/wp-content\/uploads\/2017\/02\/Kaddi2-1024x563.jpg\" alt=\"\" width=\"525\" height=\"289\" srcset=\"https:\/\/hauptsache-realbleiben.de\/wp-content\/uploads\/2017\/02\/Kaddi2-1024x563.jpg 1024w, https:\/\/hauptsache-realbleiben.de\/wp-content\/uploads\/2017\/02\/Kaddi2-300x165.jpg 300w, https:\/\/hauptsache-realbleiben.de\/wp-content\/uploads\/2017\/02\/Kaddi2-768x422.jpg 768w, https:\/\/hauptsache-realbleiben.de\/wp-content\/uploads\/2017\/02\/Kaddi2.jpg 1600w\" sizes=\"auto, (max-width: 525px) 100vw, 525px\" \/> <img loading=\"lazy\" decoding=\"async\" class=\"alignnone wp-image-561 size-large\" src=\"http:\/\/hauptsache-realbleiben.de\/wp-content\/uploads\/2017\/02\/kaddi5-1024x525.jpg\" alt=\"\" width=\"525\" height=\"269\" srcset=\"https:\/\/hauptsache-realbleiben.de\/wp-content\/uploads\/2017\/02\/kaddi5-1024x525.jpg 1024w, https:\/\/hauptsache-realbleiben.de\/wp-content\/uploads\/2017\/02\/kaddi5-300x154.jpg 300w, https:\/\/hauptsache-realbleiben.de\/wp-content\/uploads\/2017\/02\/kaddi5-768x394.jpg 768w, https:\/\/hauptsache-realbleiben.de\/wp-content\/uploads\/2017\/02\/kaddi5.jpg 1600w\" sizes=\"auto, (max-width: 525px) 100vw, 525px\" \/> <img loading=\"lazy\" decoding=\"async\" class=\"alignnone wp-image-562 size-large\" src=\"http:\/\/hauptsache-realbleiben.de\/wp-content\/uploads\/2017\/02\/kaddi6-1024x590.jpg\" alt=\"\" width=\"525\" height=\"302\" srcset=\"https:\/\/hauptsache-realbleiben.de\/wp-content\/uploads\/2017\/02\/kaddi6-1024x590.jpg 1024w, https:\/\/hauptsache-realbleiben.de\/wp-content\/uploads\/2017\/02\/kaddi6-300x173.jpg 300w, https:\/\/hauptsache-realbleiben.de\/wp-content\/uploads\/2017\/02\/kaddi6-768x443.jpg 768w, https:\/\/hauptsache-realbleiben.de\/wp-content\/uploads\/2017\/02\/kaddi6.jpg 1600w\" sizes=\"auto, (max-width: 525px) 100vw, 525px\" \/> <img loading=\"lazy\" decoding=\"async\" class=\"alignnone wp-image-563 size-large\" src=\"http:\/\/hauptsache-realbleiben.de\/wp-content\/uploads\/2017\/02\/kaddi7-1024x406.jpg\" alt=\"\" width=\"525\" height=\"208\" srcset=\"https:\/\/hauptsache-realbleiben.de\/wp-content\/uploads\/2017\/02\/kaddi7-1024x406.jpg 1024w, https:\/\/hauptsache-realbleiben.de\/wp-content\/uploads\/2017\/02\/kaddi7-300x119.jpg 300w, https:\/\/hauptsache-realbleiben.de\/wp-content\/uploads\/2017\/02\/kaddi7-768x304.jpg 768w, https:\/\/hauptsache-realbleiben.de\/wp-content\/uploads\/2017\/02\/kaddi7.jpg 1600w\" sizes=\"auto, (max-width: 525px) 100vw, 525px\" \/> <img loading=\"lazy\" decoding=\"async\" class=\"alignnone wp-image-564 size-large\" src=\"http:\/\/hauptsache-realbleiben.de\/wp-content\/uploads\/2017\/02\/kaddi8-1024x500.jpg\" alt=\"\" width=\"525\" height=\"256\" srcset=\"https:\/\/hauptsache-realbleiben.de\/wp-content\/uploads\/2017\/02\/kaddi8-1024x500.jpg 1024w, https:\/\/hauptsache-realbleiben.de\/wp-content\/uploads\/2017\/02\/kaddi8-300x146.jpg 300w, https:\/\/hauptsache-realbleiben.de\/wp-content\/uploads\/2017\/02\/kaddi8-768x375.jpg 768w, https:\/\/hauptsache-realbleiben.de\/wp-content\/uploads\/2017\/02\/kaddi8.jpg 1600w\" sizes=\"auto, (max-width: 525px) 100vw, 525px\" \/> <img loading=\"lazy\" decoding=\"async\" class=\"alignnone wp-image-565 size-large\" src=\"http:\/\/hauptsache-realbleiben.de\/wp-content\/uploads\/2017\/02\/kaddi9-1024x680.jpg\" alt=\"\" width=\"525\" height=\"349\" srcset=\"https:\/\/hauptsache-realbleiben.de\/wp-content\/uploads\/2017\/02\/kaddi9-1024x680.jpg 1024w, https:\/\/hauptsache-realbleiben.de\/wp-content\/uploads\/2017\/02\/kaddi9-300x199.jpg 300w, https:\/\/hauptsache-realbleiben.de\/wp-content\/uploads\/2017\/02\/kaddi9-768x510.jpg 768w, https:\/\/hauptsache-realbleiben.de\/wp-content\/uploads\/2017\/02\/kaddi9.jpg 1600w\" sizes=\"auto, (max-width: 525px) 100vw, 525px\" \/> <img loading=\"lazy\" decoding=\"async\" class=\"alignnone wp-image-566 size-large\" src=\"http:\/\/hauptsache-realbleiben.de\/wp-content\/uploads\/2017\/02\/kaddi10-1024x680.jpg\" alt=\"\" width=\"525\" height=\"349\" srcset=\"https:\/\/hauptsache-realbleiben.de\/wp-content\/uploads\/2017\/02\/kaddi10-1024x680.jpg 1024w, https:\/\/hauptsache-realbleiben.de\/wp-content\/uploads\/2017\/02\/kaddi10-300x199.jpg 300w, https:\/\/hauptsache-realbleiben.de\/wp-content\/uploads\/2017\/02\/kaddi10-768x510.jpg 768w, https:\/\/hauptsache-realbleiben.de\/wp-content\/uploads\/2017\/02\/kaddi10.jpg 1600w\" sizes=\"auto, (max-width: 525px) 100vw, 525px\" \/><\/p>\n<p>&nbsp;<\/p>\n","protected":false},"excerpt":{"rendered":"<p>Der Direkte Link zur Aktuellen Seite der Schule: &#8222;Aktuelles&#8220; Viele interessante Beitr\u00e4ge zum Schulleben. Auch in diesem Schuljahr 2018\/19 sind mehr als 50 Sch\u00fcler an dieser Schule gestartet. Nachdem der Schulrektor Herr Mannefeld und die Konrektorin Frau Hinsenhofen (DZ 10.7.18 Ein Traumpaar geht von Bord) verabschiedet sind, \u00fcbernimmt Frau Levermann die kommissarische Leitung. 29.06.2018 &#8222;Wenn &hellip; <\/p>\n<p class=\"link-more\"><a href=\"https:\/\/hauptsache-realbleiben.de\/?page_id=107\" class=\"more-link\"><span class=\"screen-reader-text\">\u201eDie &#8222;Kaddi&#8220;\u201c<\/span> weiterlesen<\/a><\/p>\n","protected":false},"author":1,"featured_media":135,"parent":0,"menu_order":0,"comment_status":"closed","ping_status":"closed","template":"","meta":{"footnotes":""},"class_list":["post-107","page","type-page","status-publish","has-post-thumbnail","hentry"],"_links":{"self":[{"href":"https:\/\/hauptsache-realbleiben.de\/index.php?rest_route=\/wp\/v2\/pages\/107","targetHints":{"allow":["GET"]}}],"collection":[{"href":"https:\/\/hauptsache-realbleiben.de\/index.php?rest_route=\/wp\/v2\/pages"}],"about":[{"href":"https:\/\/hauptsache-realbleiben.de\/index.php?rest_route=\/wp\/v2\/types\/page"}],"author":[{"embeddable":true,"href":"https:\/\/hauptsache-realbleiben.de\/index.php?rest_route=\/wp\/v2\/users\/1"}],"replies":[{"embeddable":true,"href":"https:\/\/hauptsache-realbleiben.de\/index.php?rest_route=%2Fwp%2Fv2%2Fcomments&post=107"}],"version-history":[{"count":16,"href":"https:\/\/hauptsache-realbleiben.de\/index.php?rest_route=\/wp\/v2\/pages\/107\/revisions"}],"predecessor-version":[{"id":1599,"href":"https:\/\/hauptsache-realbleiben.de\/index.php?rest_route=\/wp\/v2\/pages\/107\/revisions\/1599"}],"wp:featuredmedia":[{"embeddable":true,"href":"https:\/\/hauptsache-realbleiben.de\/index.php?rest_route=\/"}],"wp:attachment":[{"href":"https:\/\/hauptsache-realbleiben.de\/index.php?rest_route=%2Fwp%2Fv2%2Fmedia&parent=107"}],"curies":[{"name":"wp","href":"https:\/\/api.w.org\/{rel}","templated":true}]}}